{"id":9581,"date":"2024-09-27T04:25:38","date_gmt":"2024-09-27T02:25:38","guid":{"rendered":"https:\/\/zesar.ch\/produkt\/produkt\/"},"modified":"2026-01-21T04:38:20","modified_gmt":"2026-01-21T03:38:20","slug":"bau-und-konstruktionswagen","status":"publish","type":"product","link":"https:\/\/zesar.ch\/fr\/produit\/bau-und-konstruktionswagen\/","title":{"rendered":"Chariot de rangement pour la construction"},"content":{"rendered":"<p>Unten 4 hohe und 4 flache ErgoTray Boxen<br \/>\nFarbe gem\u00e4ss Kollektion.<br \/>\nOben flaches Fach ohne<br \/>\nR\u00fcckwand f\u00fcr Spielek\u00e4sten, rechts &#171;Bausteingraben&#187;.<br \/>\nDer Oberboden links ist mit kratzfestem<br \/>\nund ger\u00e4uschd\u00e4mmendem Linoleum belegt.<\/p>","protected":false},"excerpt":{"rendered":"<p>Dimension: 108.5 x 60 x 60 cm (LxHxP)<\/p>","protected":false},"featured_media":8993,"template":"","meta":[],"product_cat":[465],"product_tag":[],"acf":[],"_links":{"self":[{"href":"https:\/\/zesar.ch\/fr\/wp-json\/wp\/v2\/product\/9581"}],"collection":[{"href":"https:\/\/zesar.ch\/fr\/wp-json\/wp\/v2\/product"}],"about":[{"href":"https:\/\/zesar.ch\/fr\/wp-json\/wp\/v2\/types\/product"}],"wp:featuredmedia":[{"embeddable":true,"href":"https:\/\/zesar.ch\/fr\/wp-json\/wp\/v2\/media\/8993"}],"wp:attachment":[{"href":"https:\/\/zesar.ch\/fr\/wp-json\/wp\/v2\/media?parent=9581"}],"wp:term":[{"taxonomy":"product_cat","embeddable":true,"href":"https:\/\/zesar.ch\/fr\/wp-json\/wp\/v2\/product_cat?post=9581"},{"taxonomy":"product_tag","embeddable":true,"href":"https:\/\/zesar.ch\/fr\/wp-json\/wp\/v2\/product_tag?post=9581"}],"curies":[{"name":"wp","href":"https:\/\/api.w.org\/{rel}","templated":true}]}}