{"id":3658,"date":"2022-10-28T09:40:37","date_gmt":"2022-10-28T07:40:37","guid":{"rendered":"https:\/\/zesar.dev.hayloft-it.ch\/produkt\/mehrzweck-untergestell-hoehenverstellbar-ohne-tischplatte\/"},"modified":"2026-01-21T04:40:40","modified_gmt":"2026-01-21T03:40:40","slug":"mehrzweck-untergestell-ohne-tischplatte","status":"publish","type":"product","link":"https:\/\/zesar.ch\/fr\/produit\/chassis-multi-usage-sans-plateau-2\/","title":{"rendered":"Ch\u00e2ssis multi-usage sans plateau"},"content":{"rendered":"<p>H\u00f6henverstellbar mit Kurbel von 64-94 cm.<br \/>\n4-Beingestell aus Vierkantstahlrohr 60 x 60 x 2 mm<br \/>\nZarge 40 x 20 x 2 mm, Gestell TIG verschweisst.<br \/>\nMit 4 speziellen robusten h\u00f6henverstellbaren und nicht abf\u00e4rbenden Gummif\u00fcssen.<br \/>\nPulverbeschichtet RAL 7035 lichtgrau.<\/p>","protected":false},"excerpt":{"rendered":"<p>Dimension 148 x 76 cm, r\u00e9glable en hauteur<\/p>","protected":false},"featured_media":9092,"template":"","meta":[],"product_cat":[404],"product_tag":[],"acf":[],"_links":{"self":[{"href":"https:\/\/zesar.ch\/fr\/wp-json\/wp\/v2\/product\/3658"}],"collection":[{"href":"https:\/\/zesar.ch\/fr\/wp-json\/wp\/v2\/product"}],"about":[{"href":"https:\/\/zesar.ch\/fr\/wp-json\/wp\/v2\/types\/product"}],"wp:featuredmedia":[{"embeddable":true,"href":"https:\/\/zesar.ch\/fr\/wp-json\/wp\/v2\/media\/9092"}],"wp:attachment":[{"href":"https:\/\/zesar.ch\/fr\/wp-json\/wp\/v2\/media?parent=3658"}],"wp:term":[{"taxonomy":"product_cat","embeddable":true,"href":"https:\/\/zesar.ch\/fr\/wp-json\/wp\/v2\/product_cat?post=3658"},{"taxonomy":"product_tag","embeddable":true,"href":"https:\/\/zesar.ch\/fr\/wp-json\/wp\/v2\/product_tag?post=3658"}],"curies":[{"name":"wp","href":"https:\/\/api.w.org\/{rel}","templated":true}]}}