{"id":3651,"date":"2022-10-28T09:40:10","date_gmt":"2022-10-28T07:40:10","guid":{"rendered":"https:\/\/zesar.dev.hayloft-it.ch\/produkt\/standard-geraetegarnitur-fuer-tafeln\/"},"modified":"2026-01-21T04:39:37","modified_gmt":"2026-01-21T03:39:37","slug":"standard-geraetegarnitur-fuer-tafeln","status":"publish","type":"product","link":"https:\/\/zesar.ch\/fr\/produit\/assortiment-standard-pour-tableau-2\/","title":{"rendered":"Assortiment standard pour tableau"},"content":{"rendered":"<p>1   Massstab magnetisch, 100 cm<br \/>\n1   Zirkel mit Dreibeinfuss<br \/>\n1   Winkel 45\u00b0, Hypothemuse 50 cm<br \/>\n1   Transporteur<br \/>\n1   Tafelreiniger, 35 cm<br \/>\n1   Ersatzgummi<br \/>\n1   Schwam f\u00fcr Nassreinigung<br \/>\n1   Schwam f\u00fcr Trockenreinigung<br \/>\n2   Bilderhaken<br \/>\n10 Magnetkn\u00f6pfe; WEISS, 30 mm<\/p>","protected":false},"excerpt":{"rendered":"<p>1 Massstab magnetisch, 100 cm 1 Zirkel mit Dreibeinfuss 1 Winkel 45\u00b0, Hypothemuse 50 cm 1 Transporteur 1 Tafelreiniger, 35 cm 1 Ersatzgummi 1 Schwam f\u00fcr Nassreinigung 1 Schwam f\u00fcr Trockenreinigung 2 Bilderhaken 10 Magnetkn\u00f6pfe; WEISS, 30 mm<\/p>","protected":false},"featured_media":9060,"template":"","meta":[],"product_cat":[467],"product_tag":[],"acf":[],"_links":{"self":[{"href":"https:\/\/zesar.ch\/fr\/wp-json\/wp\/v2\/product\/3651"}],"collection":[{"href":"https:\/\/zesar.ch\/fr\/wp-json\/wp\/v2\/product"}],"about":[{"href":"https:\/\/zesar.ch\/fr\/wp-json\/wp\/v2\/types\/product"}],"wp:featuredmedia":[{"embeddable":true,"href":"https:\/\/zesar.ch\/fr\/wp-json\/wp\/v2\/media\/9060"}],"wp:attachment":[{"href":"https:\/\/zesar.ch\/fr\/wp-json\/wp\/v2\/media?parent=3651"}],"wp:term":[{"taxonomy":"product_cat","embeddable":true,"href":"https:\/\/zesar.ch\/fr\/wp-json\/wp\/v2\/product_cat?post=3651"},{"taxonomy":"product_tag","embeddable":true,"href":"https:\/\/zesar.ch\/fr\/wp-json\/wp\/v2\/product_tag?post=3651"}],"curies":[{"name":"wp","href":"https:\/\/api.w.org\/{rel}","templated":true}]}}