{"id":11284,"date":"2026-01-21T04:43:42","date_gmt":"2026-01-21T03:43:42","guid":{"rendered":"https:\/\/zesar.ch\/produkt\/produkt\/"},"modified":"2026-01-21T04:43:45","modified_gmt":"2026-01-21T03:43:45","slug":"schultisch-mit-material-box-als-zubehoer-erhaeltlich-variation-3","status":"publish","type":"product","link":"https:\/\/zesar.ch\/fr\/produit\/schultisch-mit-material-box-als-zubehoer-erhaeltlich-variation-3\/","title":{"rendered":"Table d'\u00e9l\u00e8ve avec bac de rangement disponible en accessoire"},"content":{"rendered":"<p>H\u00f6henverstellbar mit Inbus-Schraube :<br \/>\n58 cm, 64 cm, 70 cm, 76 cm<br \/>\n4-Beingestell aus Vierkantstahlrohr 35 x 35 x 2 mm.<br \/>\nZarge 35 x 25 x 2 mm, Gestell TIG verschweisst.<br \/>\nMit 2 Nivelliergleitern und 2 Rollen \u00f8 30 mm.<br \/>\nInkl. Schienen<\/p>","protected":false},"excerpt":{"rendered":"<p>Dimension: 140 x 70 cm, r\u00e9glable en hauteur<\/p>","protected":false},"featured_media":10201,"template":"","meta":[],"product_cat":[15],"product_tag":[],"acf":[],"_links":{"self":[{"href":"https:\/\/zesar.ch\/fr\/wp-json\/wp\/v2\/product\/11284"}],"collection":[{"href":"https:\/\/zesar.ch\/fr\/wp-json\/wp\/v2\/product"}],"about":[{"href":"https:\/\/zesar.ch\/fr\/wp-json\/wp\/v2\/types\/product"}],"wp:featuredmedia":[{"embeddable":true,"href":"https:\/\/zesar.ch\/fr\/wp-json\/wp\/v2\/media\/10201"}],"wp:attachment":[{"href":"https:\/\/zesar.ch\/fr\/wp-json\/wp\/v2\/media?parent=11284"}],"wp:term":[{"taxonomy":"product_cat","embeddable":true,"href":"https:\/\/zesar.ch\/fr\/wp-json\/wp\/v2\/product_cat?post=11284"},{"taxonomy":"product_tag","embeddable":true,"href":"https:\/\/zesar.ch\/fr\/wp-json\/wp\/v2\/product_tag?post=11284"}],"curies":[{"name":"wp","href":"https:\/\/api.w.org\/{rel}","templated":true}]}}