{"id":11266,"date":"2026-01-13T04:31:08","date_gmt":"2026-01-13T03:31:08","guid":{"rendered":"https:\/\/zesar.ch\/produkt\/produkt\/"},"modified":"2026-01-21T04:39:10","modified_gmt":"2026-01-21T03:39:10","slug":"schliessfachschrank-resisto","status":"publish","type":"product","link":"https:\/\/zesar.ch\/fr\/produit\/schliessfachschrank-resisto\/","title":{"rendered":"Armoire \u00e0 casier Resisto"},"content":{"rendered":"<p>Stabile Stahlkonstruktion pulverbeschichtet nach Kollektion.<br \/>\nMit Sockel in Korpusfarbe 100 mm hoch und 30 mm Niveauregulierung.<br \/>\nSpezialt\u00fcren aus 1,5 mm Stahl mit W\u00f6lbung nach vorne,<br \/>\nabsolut stabil und \u201erabaukensicher\u201c.<br \/>\nT\u00fcranschlag rechts mit robustem Drehstangen-Scharnier.<br \/>\nMit Sicherheits-Drehriegel. Serienm\u00e4\u00dfiger T\u00fcr\u00f6ffnungsbegrenzer 80\u00b0 mit<br \/>\nSoft-Anschlagd\u00e4mpfer und Wandbefestigung.<br \/>\nBel\u00fcftungs\u00f6ffnungen in der R\u00fcckwand und 20 mm Wandabstandhalter<br \/>\n12 F\u00e4cher Gr\u00f6sse 420 x 320 x 460 mm (HxBxT)<\/p>","protected":false},"excerpt":{"rendered":"<p>Dimension: 1950 x 1150 x 540 mm<\/p>","protected":false},"featured_media":9055,"template":"","meta":[],"product_cat":[340,411],"product_tag":[],"acf":[],"_links":{"self":[{"href":"https:\/\/zesar.ch\/fr\/wp-json\/wp\/v2\/product\/11266"}],"collection":[{"href":"https:\/\/zesar.ch\/fr\/wp-json\/wp\/v2\/product"}],"about":[{"href":"https:\/\/zesar.ch\/fr\/wp-json\/wp\/v2\/types\/product"}],"wp:featuredmedia":[{"embeddable":true,"href":"https:\/\/zesar.ch\/fr\/wp-json\/wp\/v2\/media\/9055"}],"wp:attachment":[{"href":"https:\/\/zesar.ch\/fr\/wp-json\/wp\/v2\/media?parent=11266"}],"wp:term":[{"taxonomy":"product_cat","embeddable":true,"href":"https:\/\/zesar.ch\/fr\/wp-json\/wp\/v2\/product_cat?post=11266"},{"taxonomy":"product_tag","embeddable":true,"href":"https:\/\/zesar.ch\/fr\/wp-json\/wp\/v2\/product_tag?post=11266"}],"curies":[{"name":"wp","href":"https:\/\/api.w.org\/{rel}","templated":true}]}}