{"id":11263,"date":"2026-01-13T04:31:03","date_gmt":"2026-01-13T03:31:03","guid":{"rendered":"https:\/\/zesar.ch\/produkt\/produkt\/"},"modified":"2026-01-21T04:39:05","modified_gmt":"2026-01-21T03:39:05","slug":"steppie-balance-board-inkl-akupressurmatten","status":"publish","type":"product","link":"https:\/\/zesar.ch\/fr\/produit\/steppie-balance-board-inkl-akupressurmatten\/","title":{"rendered":"Steppie Balance-Board incl. tapis d'acupression"},"content":{"rendered":"<p>Das Steppie \u00ae Balance-Board achtet<br \/>\nauf Ihren K\u00f6rper.<br \/>\nSteppie verhilft Ihnen zu einem k\u00f6rperlich aktiveren<br \/>\nund ges\u00fcnderen Leben im B\u00fcro!<br \/>\nSteppie macht Schluss mit stillsitzen<br \/>\nund bietet Ihrem K\u00f6rper genau die Bewegung, die er beim Arbeiten am Schreibtisch braucht.<br \/>\nSie k\u00f6nnen nun bequem und<br \/>\nviel l\u00e4ngere Zeit stehen!<br \/>\nSteppie verhindert und reduziert Sch\u00e4den und<br \/>\nSchmerzen, die durch das Sitzen<br \/>\nverursacht werden.<br \/>\nEs f\u00f6rdert die Durchblutung des gesamten K\u00f6rpers.<br \/>\nDie Noppen auf die matte sind nach den<br \/>\nPrinzipien der Fu\u00dfreflexzonenmassage gestaltet.<br \/>\nSie senden, wenn Sie die Noppen eindr\u00fccken, ein positives Feedback an Ihre F\u00fc\u00dfe. Das macht das Stehen auf der Steppie Soft Top dynamisch und lebendig.<\/p>","protected":false},"excerpt":{"rendered":"<p>Dimension: 56 x 36 x 5.3 cm (LxPxH)<\/p>","protected":false},"featured_media":9505,"template":"","meta":[],"product_cat":[345,416],"product_tag":[],"acf":[],"_links":{"self":[{"href":"https:\/\/zesar.ch\/fr\/wp-json\/wp\/v2\/product\/11263"}],"collection":[{"href":"https:\/\/zesar.ch\/fr\/wp-json\/wp\/v2\/product"}],"about":[{"href":"https:\/\/zesar.ch\/fr\/wp-json\/wp\/v2\/types\/product"}],"wp:featuredmedia":[{"embeddable":true,"href":"https:\/\/zesar.ch\/fr\/wp-json\/wp\/v2\/media\/9505"}],"wp:attachment":[{"href":"https:\/\/zesar.ch\/fr\/wp-json\/wp\/v2\/media?parent=11263"}],"wp:term":[{"taxonomy":"product_cat","embeddable":true,"href":"https:\/\/zesar.ch\/fr\/wp-json\/wp\/v2\/product_cat?post=11263"},{"taxonomy":"product_tag","embeddable":true,"href":"https:\/\/zesar.ch\/fr\/wp-json\/wp\/v2\/product_tag?post=11263"}],"curies":[{"name":"wp","href":"https:\/\/api.w.org\/{rel}","templated":true}]}}