{"id":11262,"date":"2026-01-13T04:31:02","date_gmt":"2026-01-13T03:31:02","guid":{"rendered":"https:\/\/zesar.ch\/produkt\/produkt\/"},"modified":"2026-01-21T04:39:03","modified_gmt":"2026-01-21T03:39:03","slug":"caddy-baron-mit-rollen","status":"publish","type":"product","link":"https:\/\/zesar.ch\/fr\/produit\/caddy-baron-mit-rollen\/","title":{"rendered":"Caddy Baron avec roulettes"},"content":{"rendered":"<p>Geh\u00e4use aus Metall pulverbeschichtet<br \/>\nFarbe gem\u00e4ss Kollektion.<br \/>\nBestehend aus:<br \/>\n1 Basisgeh\u00e4use mit Fl\u00fcgelt\u00fcre<br \/>\n1 Deckel mit Auszug<br \/>\n1 Materialschublade<br \/>\n1 Verstelltablar<br \/>\n2 Materialschubladen<br \/>\n1 Schublade A4<br \/>\n1 Rollenset<br \/>\n1 Gegengewicht 13 kg<\/p>","protected":false},"excerpt":{"rendered":"<p>Dimension: 40 x 44 x 104 cm (LxPxH)<\/p>","protected":false},"featured_media":9051,"template":"","meta":[],"product_cat":[340,411],"product_tag":[],"acf":[],"_links":{"self":[{"href":"https:\/\/zesar.ch\/fr\/wp-json\/wp\/v2\/product\/11262"}],"collection":[{"href":"https:\/\/zesar.ch\/fr\/wp-json\/wp\/v2\/product"}],"about":[{"href":"https:\/\/zesar.ch\/fr\/wp-json\/wp\/v2\/types\/product"}],"wp:featuredmedia":[{"embeddable":true,"href":"https:\/\/zesar.ch\/fr\/wp-json\/wp\/v2\/media\/9051"}],"wp:attachment":[{"href":"https:\/\/zesar.ch\/fr\/wp-json\/wp\/v2\/media?parent=11262"}],"wp:term":[{"taxonomy":"product_cat","embeddable":true,"href":"https:\/\/zesar.ch\/fr\/wp-json\/wp\/v2\/product_cat?post=11262"},{"taxonomy":"product_tag","embeddable":true,"href":"https:\/\/zesar.ch\/fr\/wp-json\/wp\/v2\/product_tag?post=11262"}],"curies":[{"name":"wp","href":"https:\/\/api.w.org\/{rel}","templated":true}]}}