{"id":11260,"date":"2026-01-13T04:31:00","date_gmt":"2026-01-13T03:31:00","guid":{"rendered":"https:\/\/zesar.ch\/produkt\/produkt\/"},"modified":"2026-01-21T04:39:01","modified_gmt":"2026-01-21T03:39:01","slug":"metallfluegelschrank-mit-4-tablaren","status":"publish","type":"product","link":"https:\/\/zesar.ch\/fr\/produit\/metallfluegelschrank-mit-4-tablaren\/","title":{"rendered":"Armoire m\u00e9tallique \u00e0 portes battantes avec 4 tablars"},"content":{"rendered":"<p>T\u00fcren zus\u00e4tzlich versteift,130\u00b0 \u00d6ffnungswinkel<br \/>\nZylinderschloss DOM mit 2 Schl\u00fcssel<br \/>\nDreipunktverschluss, magnetisch<br \/>\n2 Griffe, verchromt<br \/>\n4 Fussgleiter aus Nylon, schwarz<\/p>","protected":false},"excerpt":{"rendered":"<p>Dimension: 1000 x 500 x 1880 mm (LxPxH)<\/p>","protected":false},"featured_media":9048,"template":"","meta":[],"product_cat":[340,411],"product_tag":[],"acf":[],"_links":{"self":[{"href":"https:\/\/zesar.ch\/fr\/wp-json\/wp\/v2\/product\/11260"}],"collection":[{"href":"https:\/\/zesar.ch\/fr\/wp-json\/wp\/v2\/product"}],"about":[{"href":"https:\/\/zesar.ch\/fr\/wp-json\/wp\/v2\/types\/product"}],"wp:featuredmedia":[{"embeddable":true,"href":"https:\/\/zesar.ch\/fr\/wp-json\/wp\/v2\/media\/9048"}],"wp:attachment":[{"href":"https:\/\/zesar.ch\/fr\/wp-json\/wp\/v2\/media?parent=11260"}],"wp:term":[{"taxonomy":"product_cat","embeddable":true,"href":"https:\/\/zesar.ch\/fr\/wp-json\/wp\/v2\/product_cat?post=11260"},{"taxonomy":"product_tag","embeddable":true,"href":"https:\/\/zesar.ch\/fr\/wp-json\/wp\/v2\/product_tag?post=11260"}],"curies":[{"name":"wp","href":"https:\/\/api.w.org\/{rel}","templated":true}]}}