{"id":11237,"date":"2025-12-28T06:21:40","date_gmt":"2025-12-28T05:21:40","guid":{"rendered":"https:\/\/zesar.ch\/produkt\/produkt\/"},"modified":"2026-01-21T04:45:17","modified_gmt":"2026-01-21T03:45:17","slug":"fahrstaender-fuer-display","status":"publish","type":"product","link":"https:\/\/zesar.ch\/fr\/produit\/fahrstaender-fuer-display\/","title":{"rendered":"Chariot mobile r\u00e9glable en hauteur \u00e9lectriquement pour \u00e9cran"},"content":{"rendered":"<p>Elektrisch h\u00f6henverstellbar von 180-210cm.<br \/>\nRobustes S\u00e4ulengestell aus Vierkantstahlrohr.<br \/>\nS\u00e4ule und Gestell pulverbeschichtet,<br \/>\nFarbe gem\u00e4ss RAL Kollektion.<br \/>\nF\u00fcssen aus Vierkantrohr auf 4 Rollen gebremst.<\/p>","protected":false},"excerpt":{"rendered":"<p>Dimension: 83 x 73 cm \/ r\u00e9glable en hauteur<\/p>","protected":false},"featured_media":9343,"template":"","meta":[],"product_cat":[461,467],"product_tag":[],"acf":[],"_links":{"self":[{"href":"https:\/\/zesar.ch\/fr\/wp-json\/wp\/v2\/product\/11237"}],"collection":[{"href":"https:\/\/zesar.ch\/fr\/wp-json\/wp\/v2\/product"}],"about":[{"href":"https:\/\/zesar.ch\/fr\/wp-json\/wp\/v2\/types\/product"}],"wp:featuredmedia":[{"embeddable":true,"href":"https:\/\/zesar.ch\/fr\/wp-json\/wp\/v2\/media\/9343"}],"wp:attachment":[{"href":"https:\/\/zesar.ch\/fr\/wp-json\/wp\/v2\/media?parent=11237"}],"wp:term":[{"taxonomy":"product_cat","embeddable":true,"href":"https:\/\/zesar.ch\/fr\/wp-json\/wp\/v2\/product_cat?post=11237"},{"taxonomy":"product_tag","embeddable":true,"href":"https:\/\/zesar.ch\/fr\/wp-json\/wp\/v2\/product_tag?post=11237"}],"curies":[{"name":"wp","href":"https:\/\/api.w.org\/{rel}","templated":true}]}}