{"id":11227,"date":"2025-12-19T04:08:51","date_gmt":"2025-12-19T03:08:51","guid":{"rendered":"https:\/\/zesar.ch\/produkt\/produkt\/"},"modified":"2026-01-21T04:41:25","modified_gmt":"2026-01-21T03:41:25","slug":"schulstuhl-kunststoffschale","status":"publish","type":"product","link":"https:\/\/zesar.ch\/fr\/produit\/schulstuhl-kunststoffschale\/","title":{"rendered":"Chaise d'\u00e9cole coque en mati\u00e8re synth\u00e9tique PE"},"content":{"rendered":"<p>H\u00f6he 41-61 cm<br \/>\nAnatomisch geformte und rutschhemmende Sitzschale aus Polyurethan.<br \/>\n5-Sternfuss aus Profilstahl, Gestell aus Stahlrohr verschweisst.<\/p>","protected":false},"excerpt":{"rendered":"<p>Ressort \u00e0 gaz, tournante, (Cycle 3)<\/p>","protected":false},"featured_media":9145,"template":"","meta":[],"product_cat":[386],"product_tag":[],"acf":[],"_links":{"self":[{"href":"https:\/\/zesar.ch\/fr\/wp-json\/wp\/v2\/product\/11227"}],"collection":[{"href":"https:\/\/zesar.ch\/fr\/wp-json\/wp\/v2\/product"}],"about":[{"href":"https:\/\/zesar.ch\/fr\/wp-json\/wp\/v2\/types\/product"}],"wp:featuredmedia":[{"embeddable":true,"href":"https:\/\/zesar.ch\/fr\/wp-json\/wp\/v2\/media\/9145"}],"wp:attachment":[{"href":"https:\/\/zesar.ch\/fr\/wp-json\/wp\/v2\/media?parent=11227"}],"wp:term":[{"taxonomy":"product_cat","embeddable":true,"href":"https:\/\/zesar.ch\/fr\/wp-json\/wp\/v2\/product_cat?post=11227"},{"taxonomy":"product_tag","embeddable":true,"href":"https:\/\/zesar.ch\/fr\/wp-json\/wp\/v2\/product_tag?post=11227"}],"curies":[{"name":"wp","href":"https:\/\/api.w.org\/{rel}","templated":true}]}}