{"id":11205,"date":"2025-12-16T04:08:06","date_gmt":"2025-12-16T03:08:06","guid":{"rendered":"https:\/\/zesar.ch\/produkt\/produkt\/"},"modified":"2026-01-21T04:43:30","modified_gmt":"2026-01-21T03:43:30","slug":"bt-schultisch-mit-material-box-als-zubehoer-erhaeltlich","status":"publish","type":"product","link":"https:\/\/zesar.ch\/fr\/produit\/bt-schultisch-mit-material-box-als-zubehoer-erhaeltlich\/","title":{"rendered":"#BT# Table d'\u00e9l\u00e8ve avec bac de rangement disponible en accessoire"},"content":{"rendered":"<p>H\u00f6henverstellbar mit Inbus-Schraube :<br \/>\n58 cm, 64 cm, 70 cm, 76 cm<br \/>\n4-Beingestell aus Vierkantstahlrohr 35 x 35 x 2 mm.<br \/>\nZarge 35 x 25 x 2 mm, Gestell TIG verschweisst.<br \/>\nMit 2 Nivelliergleitern und 2 Rollen \u00f8 30 mm.<br \/>\nInkl. Schienen<\/p>","protected":false},"excerpt":{"rendered":"<p>Dimension: 130 x 65 cm, r\u00e9glable en hauteur<\/p>","protected":false},"featured_media":9243,"template":"","meta":[],"product_cat":[398],"product_tag":[],"acf":[],"_links":{"self":[{"href":"https:\/\/zesar.ch\/fr\/wp-json\/wp\/v2\/product\/11205"}],"collection":[{"href":"https:\/\/zesar.ch\/fr\/wp-json\/wp\/v2\/product"}],"about":[{"href":"https:\/\/zesar.ch\/fr\/wp-json\/wp\/v2\/types\/product"}],"wp:featuredmedia":[{"embeddable":true,"href":"https:\/\/zesar.ch\/fr\/wp-json\/wp\/v2\/media\/9243"}],"wp:attachment":[{"href":"https:\/\/zesar.ch\/fr\/wp-json\/wp\/v2\/media?parent=11205"}],"wp:term":[{"taxonomy":"product_cat","embeddable":true,"href":"https:\/\/zesar.ch\/fr\/wp-json\/wp\/v2\/product_cat?post=11205"},{"taxonomy":"product_tag","embeddable":true,"href":"https:\/\/zesar.ch\/fr\/wp-json\/wp\/v2\/product_tag?post=11205"}],"curies":[{"name":"wp","href":"https:\/\/api.w.org\/{rel}","templated":true}]}}