{"id":11203,"date":"2025-12-16T04:08:00","date_gmt":"2025-12-16T03:08:00","guid":{"rendered":"https:\/\/zesar.ch\/produkt\/produkt\/"},"modified":"2026-01-21T04:43:23","modified_gmt":"2026-01-21T03:43:23","slug":"mehrzwecktisch-rund-3","status":"publish","type":"product","link":"https:\/\/zesar.ch\/fr\/produit\/mehrzwecktisch-rund-3\/","title":{"rendered":"Table \u00e0 usages multiples ronde"},"content":{"rendered":"<p>S\u00e4ulenfuss \u00f8 60 x 2 mm, mit 5 Nivelliergleiter.<br \/>\nRunde Bodenplatte \u00f8 50 cm.<\/p>","protected":false},"excerpt":{"rendered":"<p>Dimension: \u00f8 100 cm, hauteur fixe 110 cm<\/p>","protected":false},"featured_media":10489,"template":"","meta":[],"product_cat":[326,397],"product_tag":[],"acf":[],"_links":{"self":[{"href":"https:\/\/zesar.ch\/fr\/wp-json\/wp\/v2\/product\/11203"}],"collection":[{"href":"https:\/\/zesar.ch\/fr\/wp-json\/wp\/v2\/product"}],"about":[{"href":"https:\/\/zesar.ch\/fr\/wp-json\/wp\/v2\/types\/product"}],"wp:featuredmedia":[{"embeddable":true,"href":"https:\/\/zesar.ch\/fr\/wp-json\/wp\/v2\/media\/10489"}],"wp:attachment":[{"href":"https:\/\/zesar.ch\/fr\/wp-json\/wp\/v2\/media?parent=11203"}],"wp:term":[{"taxonomy":"product_cat","embeddable":true,"href":"https:\/\/zesar.ch\/fr\/wp-json\/wp\/v2\/product_cat?post=11203"},{"taxonomy":"product_tag","embeddable":true,"href":"https:\/\/zesar.ch\/fr\/wp-json\/wp\/v2\/product_tag?post=11203"}],"curies":[{"name":"wp","href":"https:\/\/api.w.org\/{rel}","templated":true}]}}