{"id":11159,"date":"2025-12-15T04:02:05","date_gmt":"2025-12-15T03:02:05","guid":{"rendered":"https:\/\/zesar.ch\/produkt\/produkt\/"},"modified":"2026-01-21T04:38:56","modified_gmt":"2026-01-21T03:38:56","slug":"eigentumsschrank-swiss-made-mit-3-tablare-2-tueren-2","status":"publish","type":"product","link":"https:\/\/zesar.ch\/fr\/produit\/eigentumsschrank-swiss-made-mit-3-tablare-2-tueren-2\/","title":{"rendered":"Etag\u00e8re de rangement SWISS MADE avec 3 \u00e9tag\u00e8res et 2 portes"},"content":{"rendered":"<p>R\u00fcckwand aus magnetisch weissem Glanzlaminat.<br \/>\nOberfl\u00e4che zum Beschriften mit Whiteboard Marker,<br \/>\ntrocken abwischbar.<br \/>\nGeh\u00e4use Spanplatte melaminharzbeschichtet WB05 grauweiss U191 PE mit ABS-Kante schwarz.<br \/>\nInkl. Rahmengestell aus Metall mit Rollen.<br \/>\nNormbohrung Euro 32 f\u00fcr Tablar Halterung.<br \/>\n&#8211; 3 Tablare<br \/>\n&#8211; 2 Trennw\u00e4nde = gesamt 12 F\u00e4cher (davon 9 Quadratisch)<br \/>\n&#8211; 2 T\u00fcren mit Oliven-Drehschloss<br \/>\n&#8211; 4 Rollen \u00f8100mm (2x gebremst)<br \/>\nLast pro Rolle 100Kg f\u00fcr Schrankunterbau (B=141cm)<\/p>","protected":false},"excerpt":{"rendered":"<p>Dimension: 141 x 137 x 48 cm (L x H x P)<\/p>","protected":false},"featured_media":9034,"template":"","meta":[],"product_cat":[340,411],"product_tag":[],"acf":[],"_links":{"self":[{"href":"https:\/\/zesar.ch\/fr\/wp-json\/wp\/v2\/product\/11159"}],"collection":[{"href":"https:\/\/zesar.ch\/fr\/wp-json\/wp\/v2\/product"}],"about":[{"href":"https:\/\/zesar.ch\/fr\/wp-json\/wp\/v2\/types\/product"}],"wp:featuredmedia":[{"embeddable":true,"href":"https:\/\/zesar.ch\/fr\/wp-json\/wp\/v2\/media\/9034"}],"wp:attachment":[{"href":"https:\/\/zesar.ch\/fr\/wp-json\/wp\/v2\/media?parent=11159"}],"wp:term":[{"taxonomy":"product_cat","embeddable":true,"href":"https:\/\/zesar.ch\/fr\/wp-json\/wp\/v2\/product_cat?post=11159"},{"taxonomy":"product_tag","embeddable":true,"href":"https:\/\/zesar.ch\/fr\/wp-json\/wp\/v2\/product_tag?post=11159"}],"curies":[{"name":"wp","href":"https:\/\/api.w.org\/{rel}","templated":true}]}}