{"id":11146,"date":"2025-12-08T04:03:00","date_gmt":"2025-12-08T03:03:00","guid":{"rendered":"https:\/\/zesar.ch\/produkt\/produkt\/"},"modified":"2026-04-22T07:32:06","modified_gmt":"2026-04-22T05:32:06","slug":"schulstuhl-kunststoffschale-2","status":"publish","type":"product","link":"https:\/\/zesar.ch\/fr\/produit\/schulstuhl-kunststoffschale-2\/","title":{"rendered":"Chaise d'\u00e9cole coque en mati\u00e8re synth\u00e9tique PE"},"content":{"rendered":"<p>H\u00f6he 34-50 cm<br \/>\nAnatomisch geformte und rutschhemmende Sitzschale aus Polyurethan.<br \/>\n5-Sternfuss aus Profilstahl, Gestell aus Stahlrohr verschweisst.<br \/>\n&#8211; Sitzschale aus Kunststoff PE RAL 7015 Schiefergrau Dimension: 39 x 42 x 37 cm (BxTxH)<br \/>\n&#8211; Stuhloberteil pulverbeschichtet RAL 9004 Signalschwarz matt<br \/>\n&#8211; Stuhlunterteil verzinkt<br \/>\nAusf\u00fchrung : Glanzverzinkt<br \/>\n&#8211; Gasfeder \/ Gr. 1 Kraft 200 N<br \/>\n&#8211; Fussgleiter komplett, 2 Teile f\u00fcr harte B\u00f6den, schwarz\/grau (standard)<\/p>","protected":false},"excerpt":{"rendered":"<p>Ressort \u00e0 gaz, tournante, (Cycle 2)<\/p>","protected":false},"featured_media":9143,"template":"","meta":[],"product_cat":[15],"product_tag":[],"acf":[],"_links":{"self":[{"href":"https:\/\/zesar.ch\/fr\/wp-json\/wp\/v2\/product\/11146"}],"collection":[{"href":"https:\/\/zesar.ch\/fr\/wp-json\/wp\/v2\/product"}],"about":[{"href":"https:\/\/zesar.ch\/fr\/wp-json\/wp\/v2\/types\/product"}],"wp:featuredmedia":[{"embeddable":true,"href":"https:\/\/zesar.ch\/fr\/wp-json\/wp\/v2\/media\/9143"}],"wp:attachment":[{"href":"https:\/\/zesar.ch\/fr\/wp-json\/wp\/v2\/media?parent=11146"}],"wp:term":[{"taxonomy":"product_cat","embeddable":true,"href":"https:\/\/zesar.ch\/fr\/wp-json\/wp\/v2\/product_cat?post=11146"},{"taxonomy":"product_tag","embeddable":true,"href":"https:\/\/zesar.ch\/fr\/wp-json\/wp\/v2\/product_tag?post=11146"}],"curies":[{"name":"wp","href":"https:\/\/api.w.org\/{rel}","templated":true}]}}