{"id":11145,"date":"2025-12-08T04:02:47","date_gmt":"2025-12-08T03:02:47","guid":{"rendered":"https:\/\/zesar.ch\/produkt\/produkt\/"},"modified":"2026-01-21T04:45:18","modified_gmt":"2026-01-21T03:45:18","slug":"werkbank-zesarmotic-3","status":"publish","type":"product","link":"https:\/\/zesar.ch\/fr\/produit\/werkbank-zesarmotic-3\/","title":{"rendered":"Etabli Zesarmotic"},"content":{"rendered":"<p>Elektrisch h\u00f6henverstellbar von 80-135 cm.<br \/>\ndurch motorischen Antrieb \u00fcber 4 S\u00e4ulen.<br \/>\nSehr robustes und stabiles Gestell aus geschwei\u00dftem Stahlrohr.F\u00fc\u00dfe auf Silentblocks.<br \/>\nTischplatte aus keilgezinkter, lackierter Buche<br \/>\nKanal auf der Tischplatte mit integrierten Steckdosen<br \/>\n3x Typ 13, 1x Typ 15, und 4 Abdeckungen FLF gr. 1<br \/>\n1x Kabel 6m mit Stecker Typ 15<br \/>\n2 Kabeldurchl\u00e4sse \u00f8 60 mm (1x links und 1x rechts).<br \/>\nUnter der Tischplatte ein abnehmbarer Kabelkanal mit<br \/>\neiner Mehrfachsteckdose 5x Typ 13<\/p>","protected":false},"excerpt":{"rendered":"<p>Dimension: 160 x 91 cm, r\u00e9glable en hauteur \u00e9lectriquement<\/p>","protected":false},"featured_media":9313,"template":"","meta":[],"product_cat":[334],"product_tag":[],"acf":[],"_links":{"self":[{"href":"https:\/\/zesar.ch\/fr\/wp-json\/wp\/v2\/product\/11145"}],"collection":[{"href":"https:\/\/zesar.ch\/fr\/wp-json\/wp\/v2\/product"}],"about":[{"href":"https:\/\/zesar.ch\/fr\/wp-json\/wp\/v2\/types\/product"}],"wp:featuredmedia":[{"embeddable":true,"href":"https:\/\/zesar.ch\/fr\/wp-json\/wp\/v2\/media\/9313"}],"wp:attachment":[{"href":"https:\/\/zesar.ch\/fr\/wp-json\/wp\/v2\/media?parent=11145"}],"wp:term":[{"taxonomy":"product_cat","embeddable":true,"href":"https:\/\/zesar.ch\/fr\/wp-json\/wp\/v2\/product_cat?post=11145"},{"taxonomy":"product_tag","embeddable":true,"href":"https:\/\/zesar.ch\/fr\/wp-json\/wp\/v2\/product_tag?post=11145"}],"curies":[{"name":"wp","href":"https:\/\/api.w.org\/{rel}","templated":true}]}}