{"id":11144,"date":"2025-12-08T04:02:44","date_gmt":"2025-12-08T03:02:44","guid":{"rendered":"https:\/\/zesar.ch\/produkt\/produkt\/"},"modified":"2026-01-21T04:45:14","modified_gmt":"2026-01-21T03:45:14","slug":"werkbank-zesarmotic-mit-vorbereitung-fuer-eine-absauganlage","status":"publish","type":"product","link":"https:\/\/zesar.ch\/fr\/produit\/werkbank-zesarmotic-mit-vorbereitung-fuer-eine-absauganlage\/","title":{"rendered":"Etabli Zesarmotic pour l'int\u00e9gration d'un syst\u00e8me d'aspiration"},"content":{"rendered":"<p>Elektrisch h\u00f6henverstellbar von 86-116 cm,<br \/>\nmittels Motor und mechanischen Getrieben.<\/p>\n<p>Rohrrahmen geschweisst, dadurch sehr robust.<br \/>\nMetallteile pulverbeschichtet.<br \/>\nMaschinenf\u00fcsse einstellbar und nicht gasend.<\/p>\n<p>Pneumatik- und Elektrikkomponenten sind separiert in einem Modul, mittels \u00d6ffnung auf der Frontseite zug\u00e4nglich.<br \/>\nStrom- und Pneumatikversorgung ist von unten anzuschliessen und geht \u00fcber eine Kabelkette in das Pneumatik- und Elektrikmodul.<\/p>\n<p>Tischplatte aus MDF 50 mm + Laminat Egger<br \/>\nU708 ST9 Lichtgrau mit ABS-Kanten.<\/p>\n<p>Vorbereitung f\u00fcr Montage einer Absauganlage.<\/p>","protected":false},"excerpt":{"rendered":"<p>Dimension: 160 x 91 cm, r\u00e9glable en hauteur \u00e9lectriquement<\/p>","protected":false},"featured_media":9309,"template":"","meta":[],"product_cat":[334],"product_tag":[],"acf":[],"_links":{"self":[{"href":"https:\/\/zesar.ch\/fr\/wp-json\/wp\/v2\/product\/11144"}],"collection":[{"href":"https:\/\/zesar.ch\/fr\/wp-json\/wp\/v2\/product"}],"about":[{"href":"https:\/\/zesar.ch\/fr\/wp-json\/wp\/v2\/types\/product"}],"wp:featuredmedia":[{"embeddable":true,"href":"https:\/\/zesar.ch\/fr\/wp-json\/wp\/v2\/media\/9309"}],"wp:attachment":[{"href":"https:\/\/zesar.ch\/fr\/wp-json\/wp\/v2\/media?parent=11144"}],"wp:term":[{"taxonomy":"product_cat","embeddable":true,"href":"https:\/\/zesar.ch\/fr\/wp-json\/wp\/v2\/product_cat?post=11144"},{"taxonomy":"product_tag","embeddable":true,"href":"https:\/\/zesar.ch\/fr\/wp-json\/wp\/v2\/product_tag?post=11144"}],"curies":[{"name":"wp","href":"https:\/\/api.w.org\/{rel}","templated":true}]}}