{"id":11134,"date":"2025-12-08T04:02:17","date_gmt":"2025-12-08T03:02:17","guid":{"rendered":"https:\/\/zesar.ch\/produkt\/produkt-2\/"},"modified":"2026-01-21T04:44:59","modified_gmt":"2026-01-21T03:44:59","slug":"werkbank-zesarmotic-mit-vorbereitung-fuer-integration-einer-presse","status":"publish","type":"product","link":"https:\/\/zesar.ch\/fr\/produit\/werkbank-zesarmotic-mit-vorbereitung-fuer-integration-einer-presse\/","title":{"rendered":"Etabli  Zesarmotic pour int\u00e9gration d'une presse"},"content":{"rendered":"<p>Elektrisch h\u00f6henverstellbar von 85-115 cm,<br \/>\nmittels Motor und mechanischen Getrieben.<\/p>\n<p>Rohrrahmen geschweisst, dadurch sehr robust. Rahmenverst\u00e4rkung f\u00fcr die Integration einer Presse.<br \/>\nMetallteile pulverbeschichtet.<br \/>\nMaschinenf\u00fcsse einstellbar und nicht gasend.<\/p>\n<p>Pneumatik- und Elektrikkomponenten sind separiert in einem Modul, dieses ist durch eine \u00d6ffnung auf der Frontseite zug\u00e4nglich. Strom- und Pneumatikversorgung ist von unten anzuschliessen und geht \u00fcber eine Kabelkette in das Pneumatik- und Elektrikmodul.<\/p>\n<p>Tischplatte aus 40mm MDF mit Kunstharzbelegt und passende ABS Kanten. Fr\u00e4sung auf der Tischplatte mit Integration einer Mehrfachsteckdose T13, H\u00fclse mit Bildschirmhalter und Kabeldurchg\u00e4ngen.<\/p>","protected":false},"excerpt":{"rendered":"<p>Dimension: 120 x 90 cm, r\u00e9glable en hauteur \u00e9lectriquement<\/p>","protected":false},"featured_media":9291,"template":"","meta":[],"product_cat":[334],"product_tag":[],"acf":[],"_links":{"self":[{"href":"https:\/\/zesar.ch\/fr\/wp-json\/wp\/v2\/product\/11134"}],"collection":[{"href":"https:\/\/zesar.ch\/fr\/wp-json\/wp\/v2\/product"}],"about":[{"href":"https:\/\/zesar.ch\/fr\/wp-json\/wp\/v2\/types\/product"}],"wp:featuredmedia":[{"embeddable":true,"href":"https:\/\/zesar.ch\/fr\/wp-json\/wp\/v2\/media\/9291"}],"wp:attachment":[{"href":"https:\/\/zesar.ch\/fr\/wp-json\/wp\/v2\/media?parent=11134"}],"wp:term":[{"taxonomy":"product_cat","embeddable":true,"href":"https:\/\/zesar.ch\/fr\/wp-json\/wp\/v2\/product_cat?post=11134"},{"taxonomy":"product_tag","embeddable":true,"href":"https:\/\/zesar.ch\/fr\/wp-json\/wp\/v2\/product_tag?post=11134"}],"curies":[{"name":"wp","href":"https:\/\/api.w.org\/{rel}","templated":true}]}}