{"id":10996,"date":"2025-10-17T04:08:11","date_gmt":"2025-10-17T02:08:11","guid":{"rendered":"https:\/\/zesar.ch\/produkt\/produkt\/"},"modified":"2026-01-21T04:43:07","modified_gmt":"2026-01-21T03:43:07","slug":"seminartisch-fuer-integrierung-surface-studio","status":"publish","type":"product","link":"https:\/\/zesar.ch\/fr\/produit\/seminartisch-fuer-integrierung-surface-studio\/","title":{"rendered":"Table s\u00e9minaire solo mont\u00e9e sur roulettes"},"content":{"rendered":"<p>H\u00f6henverstellbar mit Druckfeder von 79-119 cm.<br \/>\nGestell aus Stahlrohr TIG verschweisst.<br \/>\nMit 4 Rollen verstellbar.<br \/>\nTischplatte Dekor U191 (Korpusgrau), ohne Neigung und Ausschnitt f\u00fcr Bildschirm und Bleistiftrille.<br \/>\nUnter der Tischplatte:<br \/>\n1 Schublade aus Blech f\u00fcr die Tastatur und Maus.<br \/>\n3 Seitenabdeckungen aus Swiss CDF 12.4mm<br \/>\nDekor U191 (Korpusgrau), mit Magneten befestigt.<br \/>\nElektrisches Modul integriert mit:<br \/>\n2x 230V \/ 1x HDMI Retractor \/ 1x Vormontage f\u00fcr sp\u00e4tere Nachr\u00fcstung von USB-C Retractor<br \/>\nVerschluss-Zylinder ROHNER 47.018.01 \/  (Gleiche Schl\u00fcssel wie CC-23-1514 \/ CF-23-2272 &#8211; AB4639122\/1)<\/p>","protected":false},"excerpt":{"rendered":"<p>Dimension 103 x 75 cm , r\u00e9glable en hauteur<\/p>","protected":false},"featured_media":9270,"template":"","meta":[],"product_cat":[401],"product_tag":[],"acf":[],"_links":{"self":[{"href":"https:\/\/zesar.ch\/fr\/wp-json\/wp\/v2\/product\/10996"}],"collection":[{"href":"https:\/\/zesar.ch\/fr\/wp-json\/wp\/v2\/product"}],"about":[{"href":"https:\/\/zesar.ch\/fr\/wp-json\/wp\/v2\/types\/product"}],"wp:featuredmedia":[{"embeddable":true,"href":"https:\/\/zesar.ch\/fr\/wp-json\/wp\/v2\/media\/9270"}],"wp:attachment":[{"href":"https:\/\/zesar.ch\/fr\/wp-json\/wp\/v2\/media?parent=10996"}],"wp:term":[{"taxonomy":"product_cat","embeddable":true,"href":"https:\/\/zesar.ch\/fr\/wp-json\/wp\/v2\/product_cat?post=10996"},{"taxonomy":"product_tag","embeddable":true,"href":"https:\/\/zesar.ch\/fr\/wp-json\/wp\/v2\/product_tag?post=10996"}],"curies":[{"name":"wp","href":"https:\/\/api.w.org\/{rel}","templated":true}]}}