{"id":10995,"date":"2025-10-17T04:08:06","date_gmt":"2025-10-17T02:08:06","guid":{"rendered":"https:\/\/zesar.ch\/produkt\/produkt\/"},"modified":"2026-01-21T04:43:03","modified_gmt":"2026-01-21T03:43:03","slug":"seminartisch-fuer-integrierung-von-informatik-graphiktablet","status":"publish","type":"product","link":"https:\/\/zesar.ch\/fr\/produit\/seminartisch-fuer-integrierung-von-informatik-graphiktablet\/","title":{"rendered":"Table s\u00e9minaire pour int\u00e9gration de tablette informatique"},"content":{"rendered":"<p>H\u00f6henverstellbar mit Druckfeder von 77-117 cm.<br \/>\nGestell aus Stahlrohr TIG verschweisst. Mit 4 Rollen verstellbar.(2x gebremst und 2x ungebremst<br \/>\nAusf\u00fchrung: pulverbeschichtet Farbe RAL gem\u00e4ss Kollektion<br \/>\nMit Abdeckungen aus gelochtem Stahlblech auf drei Seiten<br \/>\nAusf\u00fchrung: pulverbeschichtet Farbe RAL gem\u00e4ss Kollektion<br \/>\nTischplatten MDF-Spanplatte 24 mm<br \/>\nKunstharz belegt nach Kollektion,<br \/>\nKante Einleimer Buche massiv, naturlackiert<br \/>\nBestehend aus 2 Platten, verbunden durch ein<br \/>\nScharnier-Klavierband.<br \/>\n1 Platte 80 x 56 cm neigbar von 0\u00b0 bis 20\u00b0<br \/>\nmit oder ohne Ausschnitt f\u00fcr Bildschirm und Bleistiftrille.<br \/>\n1 Platte waagrecht 83 x 24 cm mit 2 Bohrungen<br \/>\nf\u00fcr Mikrofon und mit ausgefr\u00e4ster Rille f\u00fcr den Taststift des Bildschirms.<br \/>\nUnter der Tischplatte:<br \/>\n&#8211; 1 Ausziehplatte aus Blech f\u00fcr die Tastatur und Maus<br \/>\nAusf\u00fchrung: pulverbeschichtet Farbe RAL, in gleicher Farbe wie das Gestell<br \/>\n&#8211; 1 Kabelkette<br \/>\n&#8211; 1 Tower-Halter, 23 x 48 x 50 cm (LxHxT) mit Diebstahlsicherungsstange<br \/>\n&#8211; 1 verdeckter Kabelkanal auf der ganzen Gestellbreite<br \/>\n&#8211; 1 Mehrfach-Steckdose 5 x 230 V<\/p>","protected":false},"excerpt":{"rendered":"<p>Dimension 83 x 80 cm, r\u00e9glable en hauteur<\/p>","protected":false},"featured_media":9263,"template":"","meta":[],"product_cat":[401],"product_tag":[],"acf":[],"_links":{"self":[{"href":"https:\/\/zesar.ch\/fr\/wp-json\/wp\/v2\/product\/10995"}],"collection":[{"href":"https:\/\/zesar.ch\/fr\/wp-json\/wp\/v2\/product"}],"about":[{"href":"https:\/\/zesar.ch\/fr\/wp-json\/wp\/v2\/types\/product"}],"wp:featuredmedia":[{"embeddable":true,"href":"https:\/\/zesar.ch\/fr\/wp-json\/wp\/v2\/media\/9263"}],"wp:attachment":[{"href":"https:\/\/zesar.ch\/fr\/wp-json\/wp\/v2\/media?parent=10995"}],"wp:term":[{"taxonomy":"product_cat","embeddable":true,"href":"https:\/\/zesar.ch\/fr\/wp-json\/wp\/v2\/product_cat?post=10995"},{"taxonomy":"product_tag","embeddable":true,"href":"https:\/\/zesar.ch\/fr\/wp-json\/wp\/v2\/product_tag?post=10995"}],"curies":[{"name":"wp","href":"https:\/\/api.w.org\/{rel}","templated":true}]}}