{"id":10969,"date":"2025-10-09T04:31:40","date_gmt":"2025-10-09T02:31:40","guid":{"rendered":"https:\/\/zesar.ch\/produkt\/produkt\/"},"modified":"2026-01-21T04:44:11","modified_gmt":"2026-01-21T03:44:11","slug":"schulpult-mit-ablagefach-fixe-platte-variation","status":"publish","type":"product","link":"https:\/\/zesar.ch\/fr\/produit\/schulpult-mit-ablagefach-fixe-platte-variation\/","title":{"rendered":"Pupitre d'\u00e9l\u00e8ve avec plateau fixe et casier"},"content":{"rendered":"<p>H\u00f6henverstellbar mit Kurbel von 65-85 cm.<br \/>\nT-Gestell aus Flachovalstahlrohr mit<br \/>\nVerst\u00e4rkungstraverse 11 cm ab Boden.<br \/>\nFuss hochstehend f\u00fcr eine einfache und schnelle Reinigung.<br \/>\n4 Nivelliergleiter,<br \/>\nTischplatte Kunstharz belegt, gem\u00e4ss Kollektion.<br \/>\nInkl. Ablagefach aus Lochblech.<\/p>","protected":false},"excerpt":{"rendered":"<p>Dimension: 130 x 60 cm, r\u00e9glable en hauteur, pieds haut (Cycle 2+3)<\/p>","protected":false},"featured_media":9281,"template":"","meta":[],"product_cat":[15],"product_tag":[],"acf":[],"_links":{"self":[{"href":"https:\/\/zesar.ch\/fr\/wp-json\/wp\/v2\/product\/10969"}],"collection":[{"href":"https:\/\/zesar.ch\/fr\/wp-json\/wp\/v2\/product"}],"about":[{"href":"https:\/\/zesar.ch\/fr\/wp-json\/wp\/v2\/types\/product"}],"wp:featuredmedia":[{"embeddable":true,"href":"https:\/\/zesar.ch\/fr\/wp-json\/wp\/v2\/media\/9281"}],"wp:attachment":[{"href":"https:\/\/zesar.ch\/fr\/wp-json\/wp\/v2\/media?parent=10969"}],"wp:term":[{"taxonomy":"product_cat","embeddable":true,"href":"https:\/\/zesar.ch\/fr\/wp-json\/wp\/v2\/product_cat?post=10969"},{"taxonomy":"product_tag","embeddable":true,"href":"https:\/\/zesar.ch\/fr\/wp-json\/wp\/v2\/product_tag?post=10969"}],"curies":[{"name":"wp","href":"https:\/\/api.w.org\/{rel}","templated":true}]}}