{"id":10966,"date":"2025-10-09T04:31:34","date_gmt":"2025-10-09T02:31:34","guid":{"rendered":"https:\/\/zesar.ch\/produkt\/produkt\/"},"modified":"2026-04-22T07:28:07","modified_gmt":"2026-04-22T05:28:07","slug":"schulpult-mit-material-box-fixe-platte","status":"publish","type":"product","link":"https:\/\/zesar.ch\/fr\/produit\/schulpult-mit-material-box-fixe-platte\/","title":{"rendered":"Pupitre d'\u00e9l\u00e8ve avec plateau fixe et bac de rangement"},"content":{"rendered":"<p>H\u00f6henverstellbar mit Kurbel von 65-85 cm.<br \/>\nT-Gestell aus Flachovalstahlrohr mit<br \/>\nVerst\u00e4rkungstraverse 11 cm ab Boden.<br \/>\nFuss hochstehend f\u00fcr eine einfache und schnelle Reinigung.<br \/>\nMit 2 Nivelliergleitern und 2 Seitenrollen.<br \/>\nTischplatte Kunstharz belegt, gem\u00e4ss Kollektion.<br \/>\nInkl. 1 Material-Box mit Beschriftungsclip.<\/p>","protected":false},"excerpt":{"rendered":"<p>Dimension: 70 x 60 cm, r\u00e9glable en hauteur, pieds  haut (Cycle 2+3)<\/p>","protected":false},"featured_media":9278,"template":"","meta":[],"product_cat":[392],"product_tag":[],"acf":[],"_links":{"self":[{"href":"https:\/\/zesar.ch\/fr\/wp-json\/wp\/v2\/product\/10966"}],"collection":[{"href":"https:\/\/zesar.ch\/fr\/wp-json\/wp\/v2\/product"}],"about":[{"href":"https:\/\/zesar.ch\/fr\/wp-json\/wp\/v2\/types\/product"}],"wp:featuredmedia":[{"embeddable":true,"href":"https:\/\/zesar.ch\/fr\/wp-json\/wp\/v2\/media\/9278"}],"wp:attachment":[{"href":"https:\/\/zesar.ch\/fr\/wp-json\/wp\/v2\/media?parent=10966"}],"wp:term":[{"taxonomy":"product_cat","embeddable":true,"href":"https:\/\/zesar.ch\/fr\/wp-json\/wp\/v2\/product_cat?post=10966"},{"taxonomy":"product_tag","embeddable":true,"href":"https:\/\/zesar.ch\/fr\/wp-json\/wp\/v2\/product_tag?post=10966"}],"curies":[{"name":"wp","href":"https:\/\/api.w.org\/{rel}","templated":true}]}}