{"id":10914,"date":"2025-09-17T04:09:14","date_gmt":"2025-09-17T02:09:14","guid":{"rendered":"https:\/\/zesar.ch\/produkt\/produkt\/"},"modified":"2026-01-21T04:41:35","modified_gmt":"2026-01-21T03:41:35","slug":"schulpult-mit-kasten","status":"publish","type":"product","link":"https:\/\/zesar.ch\/fr\/produit\/schulpult-mit-kasten\/","title":{"rendered":"Pupitre d'\u00e9l\u00e8ve avec caisson ferm\u00e9"},"content":{"rendered":"<p>H\u00f6henverstellbar mit Kurbel von 62-82 cm.<br \/>\nT-Gestell aus Flachovalstahlrohr mit<br \/>\nVerst\u00e4rkungstraverse 11 cm ab Boden.<br \/>\nFuss flach aus Profilstahlrohr.<br \/>\nMit 2 Nivelliergleitern und 2 Seitenrollen.<br \/>\nKasten CH-Buche massiv, naturlackiert.<br \/>\nPultdeckel Kunstharz belegt mit Kante Einleimer Buche massiv mit<br \/>\nKlavierband befestigt und grauer Kunststoffleiste.<\/p>","protected":false},"excerpt":{"rendered":"<p>Dimension: 70 x 52 cm, r\u00e9glable en hauteur, pieds plat<\/p>","protected":false},"featured_media":9189,"template":"","meta":[],"product_cat":[392],"product_tag":[],"acf":[],"_links":{"self":[{"href":"https:\/\/zesar.ch\/fr\/wp-json\/wp\/v2\/product\/10914"}],"collection":[{"href":"https:\/\/zesar.ch\/fr\/wp-json\/wp\/v2\/product"}],"about":[{"href":"https:\/\/zesar.ch\/fr\/wp-json\/wp\/v2\/types\/product"}],"wp:featuredmedia":[{"embeddable":true,"href":"https:\/\/zesar.ch\/fr\/wp-json\/wp\/v2\/media\/9189"}],"wp:attachment":[{"href":"https:\/\/zesar.ch\/fr\/wp-json\/wp\/v2\/media?parent=10914"}],"wp:term":[{"taxonomy":"product_cat","embeddable":true,"href":"https:\/\/zesar.ch\/fr\/wp-json\/wp\/v2\/product_cat?post=10914"},{"taxonomy":"product_tag","embeddable":true,"href":"https:\/\/zesar.ch\/fr\/wp-json\/wp\/v2\/product_tag?post=10914"}],"curies":[{"name":"wp","href":"https:\/\/api.w.org\/{rel}","templated":true}]}}