{"id":10910,"date":"2025-09-17T04:07:45","date_gmt":"2025-09-17T02:07:45","guid":{"rendered":"https:\/\/zesar.ch\/produkt\/produkt\/"},"modified":"2026-01-21T04:40:50","modified_gmt":"2026-01-21T03:40:50","slug":"werkbank-mit-2-schraubstoecken","status":"publish","type":"product","link":"https:\/\/zesar.ch\/fr\/produit\/werkbank-mit-2-schraubstoecken\/","title":{"rendered":"Etabli multi-usage avec 2 \u00e9taux"},"content":{"rendered":"<p>H\u00f6henverstellbar mit Handkurbelgetriebe von<br \/>\n75-105 cm.<br \/>\n4-Beingestell aus Vierkantstahlrohr 60 x 60 x 2 mm.<br \/>\nZarge 40 x 20 x 2 mm, TIG verschweisst<br \/>\nmit 4 Nivelliergleitern.<br \/>\nF\u00fcr 2 Arbeitspl\u00e4tze, Tischplatte aus Buche massiv<br \/>\n50 mm dick, mit 2 Seitenzangen mit L\u00f6chern f\u00fcr Spannzapfen. Platte mit je 2 Lochreihen zum Einspannen von Brettern usw. Mit 8 Spannzapfen, 4 Spezial-Spannh\u00f6lzer und 2 Laubs\u00e4getischchen die griffbereit unter dem Tisch versorgt werden k\u00f6nnen.<br \/>\nMaximale Last 150 Kg<\/p>","protected":false},"excerpt":{"rendered":"<p>Dimension : 150 x 90 cm, r\u00e9glable en hauteur<\/p>","protected":false},"featured_media":10196,"template":"","meta":[],"product_cat":[404],"product_tag":[],"acf":[],"_links":{"self":[{"href":"https:\/\/zesar.ch\/fr\/wp-json\/wp\/v2\/product\/10910"}],"collection":[{"href":"https:\/\/zesar.ch\/fr\/wp-json\/wp\/v2\/product"}],"about":[{"href":"https:\/\/zesar.ch\/fr\/wp-json\/wp\/v2\/types\/product"}],"wp:featuredmedia":[{"embeddable":true,"href":"https:\/\/zesar.ch\/fr\/wp-json\/wp\/v2\/media\/10196"}],"wp:attachment":[{"href":"https:\/\/zesar.ch\/fr\/wp-json\/wp\/v2\/media?parent=10910"}],"wp:term":[{"taxonomy":"product_cat","embeddable":true,"href":"https:\/\/zesar.ch\/fr\/wp-json\/wp\/v2\/product_cat?post=10910"},{"taxonomy":"product_tag","embeddable":true,"href":"https:\/\/zesar.ch\/fr\/wp-json\/wp\/v2\/product_tag?post=10910"}],"curies":[{"name":"wp","href":"https:\/\/api.w.org\/{rel}","templated":true}]}}