{"id":10888,"date":"2025-09-15T04:02:34","date_gmt":"2025-09-15T02:02:34","guid":{"rendered":"https:\/\/zesar.ch\/produkt\/produkt\/"},"modified":"2026-01-21T04:37:29","modified_gmt":"2026-01-21T03:37:29","slug":"buerodrehstuhl-mit-antistatik-ausstattung","status":"publish","type":"product","link":"https:\/\/zesar.ch\/fr\/produit\/buerodrehstuhl-mit-antistatik-ausstattung\/","title":{"rendered":"Chaise de bureau tournante avec \u00e9quipement antistatique"},"content":{"rendered":"<p>Synchronmechanik mit Gewichtseinstellung.<br \/>\nH\u00f6henverstellung der R\u00fcckenlehne.<br \/>\nGasfeder-Sitzh\u00f6henverstellung<br \/>\nB\u00fcrostuhl entspricht der EN 1335.<br \/>\nFarbe von Sitz- und R\u00fcckenpolster<br \/>\nin folgenden Farben erh\u00e4ltlich:<br \/>\n6004 ANTHRAZIT, 6005 MARINE<br \/>\nund 6006 SCHWARZ<br \/>\n5-Sternfuss aus Aluminium poliert.<br \/>\nESD-Rollen f\u00fcr ableitf\u00e4hige Bodenbel\u00e4ge<br \/>\nDrehstuhl LGA gepr\u00fcft.<\/p>","protected":false},"excerpt":{"rendered":"<p>Zesar ESD ENJOY [2007]<\/p>","protected":false},"featured_media":8974,"template":"","meta":[],"product_cat":[316],"product_tag":[],"acf":[],"_links":{"self":[{"href":"https:\/\/zesar.ch\/fr\/wp-json\/wp\/v2\/product\/10888"}],"collection":[{"href":"https:\/\/zesar.ch\/fr\/wp-json\/wp\/v2\/product"}],"about":[{"href":"https:\/\/zesar.ch\/fr\/wp-json\/wp\/v2\/types\/product"}],"wp:featuredmedia":[{"embeddable":true,"href":"https:\/\/zesar.ch\/fr\/wp-json\/wp\/v2\/media\/8974"}],"wp:attachment":[{"href":"https:\/\/zesar.ch\/fr\/wp-json\/wp\/v2\/media?parent=10888"}],"wp:term":[{"taxonomy":"product_cat","embeddable":true,"href":"https:\/\/zesar.ch\/fr\/wp-json\/wp\/v2\/product_cat?post=10888"},{"taxonomy":"product_tag","embeddable":true,"href":"https:\/\/zesar.ch\/fr\/wp-json\/wp\/v2\/product_tag?post=10888"}],"curies":[{"name":"wp","href":"https:\/\/api.w.org\/{rel}","templated":true}]}}