{"id":10857,"date":"2025-08-27T08:38:40","date_gmt":"2025-08-27T06:38:40","guid":{"rendered":"https:\/\/zesar.ch\/produkt\/produkt\/"},"modified":"2026-01-21T04:38:41","modified_gmt":"2026-01-21T03:38:41","slug":"eigentumsschrank-swiss-made-mit-9-offene-faecher","status":"publish","type":"product","link":"https:\/\/zesar.ch\/fr\/produit\/eigentumsschrank-swiss-made-mit-9-offene-faecher\/","title":{"rendered":"Etag\u00e8re de rangement SWISS MADE avec 9 \u00e9tag\u00e8res"},"content":{"rendered":"<p>Geh\u00e4use PP melaminharzbeschichtet<br \/>\nU191PE 19 mm mit ABS-Kanten 2 mm grau.<br \/>\nInkl. 4 Rollen.<br \/>\nNormbohrung Euro 32 f\u00fcr Tablar Halterung.<br \/>\n&#8211; 6 Tablare<br \/>\n&#8211; 4 Rollen \u00f8100mm (2x gebremst)<br \/>\nLast pro Rolle 100Kg f\u00fcr Schrankunterbau<\/p>","protected":false},"excerpt":{"rendered":"<p>Dimension: 138 x 45 x 132 cm (L x P x H)<\/p>","protected":false},"featured_media":9030,"template":"","meta":[],"product_cat":[340,411],"product_tag":[],"acf":[],"_links":{"self":[{"href":"https:\/\/zesar.ch\/fr\/wp-json\/wp\/v2\/product\/10857"}],"collection":[{"href":"https:\/\/zesar.ch\/fr\/wp-json\/wp\/v2\/product"}],"about":[{"href":"https:\/\/zesar.ch\/fr\/wp-json\/wp\/v2\/types\/product"}],"wp:featuredmedia":[{"embeddable":true,"href":"https:\/\/zesar.ch\/fr\/wp-json\/wp\/v2\/media\/9030"}],"wp:attachment":[{"href":"https:\/\/zesar.ch\/fr\/wp-json\/wp\/v2\/media?parent=10857"}],"wp:term":[{"taxonomy":"product_cat","embeddable":true,"href":"https:\/\/zesar.ch\/fr\/wp-json\/wp\/v2\/product_cat?post=10857"},{"taxonomy":"product_tag","embeddable":true,"href":"https:\/\/zesar.ch\/fr\/wp-json\/wp\/v2\/product_tag?post=10857"}],"curies":[{"name":"wp","href":"https:\/\/api.w.org\/{rel}","templated":true}]}}