{"id":10800,"date":"2025-08-04T08:20:17","date_gmt":"2025-08-04T06:20:17","guid":{"rendered":"https:\/\/zesar.ch\/produkt\/produkt\/"},"modified":"2026-01-21T04:43:40","modified_gmt":"2026-01-21T03:43:40","slug":"bt-schultisch-mit-material-box-als-zubehoer-erhaeltlich-2","status":"publish","type":"product","link":"https:\/\/zesar.ch\/fr\/produit\/bt-schultisch-mit-material-box-als-zubehoer-erhaeltlich-2\/","title":{"rendered":"#BT# Table d'\u00e9l\u00e8ve avec bac de rangement disponible en accessoire"},"content":{"rendered":"<p>H\u00f6henverstellbar mit Inbus-Schraube :<br \/>\n58 cm, 64 cm, 70 cm, 76 cm<br \/>\n4-Beingestell aus Vierkantstahlrohr 35 x 35 x 2 mm.<br \/>\nZarge 35 x 25 x 2 mm, Gestell TIG verschweisst.<br \/>\nMit 2 Nivelliergleitern und 2 Rollen \u00f8 30 mm.<br \/>\nInkl. Schienen<\/p>","protected":false},"excerpt":{"rendered":"<p>Dimension: 65 x 65 cm, r\u00e9glable en hauteur<\/p>","protected":false},"featured_media":9227,"template":"","meta":[],"product_cat":[393],"product_tag":[],"acf":[],"_links":{"self":[{"href":"https:\/\/zesar.ch\/fr\/wp-json\/wp\/v2\/product\/10800"}],"collection":[{"href":"https:\/\/zesar.ch\/fr\/wp-json\/wp\/v2\/product"}],"about":[{"href":"https:\/\/zesar.ch\/fr\/wp-json\/wp\/v2\/types\/product"}],"wp:featuredmedia":[{"embeddable":true,"href":"https:\/\/zesar.ch\/fr\/wp-json\/wp\/v2\/media\/9227"}],"wp:attachment":[{"href":"https:\/\/zesar.ch\/fr\/wp-json\/wp\/v2\/media?parent=10800"}],"wp:term":[{"taxonomy":"product_cat","embeddable":true,"href":"https:\/\/zesar.ch\/fr\/wp-json\/wp\/v2\/product_cat?post=10800"},{"taxonomy":"product_tag","embeddable":true,"href":"https:\/\/zesar.ch\/fr\/wp-json\/wp\/v2\/product_tag?post=10800"}],"curies":[{"name":"wp","href":"https:\/\/api.w.org\/{rel}","templated":true}]}}