{"id":10798,"date":"2025-08-04T08:20:14","date_gmt":"2025-08-04T06:20:14","guid":{"rendered":"https:\/\/zesar.ch\/produkt\/produkt\/"},"modified":"2026-01-21T04:43:35","modified_gmt":"2026-01-21T03:43:35","slug":"informationstafel-wuerfel-auf-rollen-fuer-den-aussenbereich","status":"publish","type":"product","link":"https:\/\/zesar.ch\/fr\/produit\/informationstafel-wuerfel-auf-rollen-fuer-den-aussenbereich\/","title":{"rendered":"Tableau d'information aimant\u00e9 \u00e0 roulettes pour l'ext\u00e9rieur \"CUBE\""},"content":{"rendered":"<p>H\u00f6henverstellbar mit Inbus-Schraube :<br \/>\n150 cm, 160 cm, 170 cm, 180 cm, 190 cm<br \/>\n4 Schreibfl\u00e4chen Whiteboard, magnetisch<br \/>\n4-Beingestell aus Vierkantstahlrohr 35 x 35 x 2 mm<br \/>\nZarge 35 x 25 x 2 mm, verschweisst.<br \/>\nPulverbeschichtet RAL 7016.<br \/>\n4 Doppelrollen mit Bremse \u00f8125 mm<br \/>\nH\u00f6henverstellung von 150 bis 190 cm<br \/>\n&#8211; Schreibstift-Set f\u00fcr Wandtafeln<br \/>\n&#8211; Schreibstift Halter weiss magnetisch<br \/>\n  Gr\u00f6sse 78 x 74 x H 95 mm<br \/>\n&#8211; Set mit 5 B\u00fcromagneten weiss<br \/>\n&#8211; Tafelwischer magnetisch<br \/>\n  Gr\u00f6sse B 125 x H 30 x T 50 mm<br \/>\n&#8211; Halterungsblech f\u00fcr Flipchart RAL 9010 reinweiss<br \/>\n&#8211; Material-Box grau<\/p>","protected":false},"excerpt":{"rendered":"<p>Dimension: 70 x 70 cm, r\u00e9glable en hauteur<\/p>","protected":false},"featured_media":9223,"template":"","meta":[],"product_cat":[467],"product_tag":[],"acf":[],"_links":{"self":[{"href":"https:\/\/zesar.ch\/fr\/wp-json\/wp\/v2\/product\/10798"}],"collection":[{"href":"https:\/\/zesar.ch\/fr\/wp-json\/wp\/v2\/product"}],"about":[{"href":"https:\/\/zesar.ch\/fr\/wp-json\/wp\/v2\/types\/product"}],"wp:featuredmedia":[{"embeddable":true,"href":"https:\/\/zesar.ch\/fr\/wp-json\/wp\/v2\/media\/9223"}],"wp:attachment":[{"href":"https:\/\/zesar.ch\/fr\/wp-json\/wp\/v2\/media?parent=10798"}],"wp:term":[{"taxonomy":"product_cat","embeddable":true,"href":"https:\/\/zesar.ch\/fr\/wp-json\/wp\/v2\/product_cat?post=10798"},{"taxonomy":"product_tag","embeddable":true,"href":"https:\/\/zesar.ch\/fr\/wp-json\/wp\/v2\/product_tag?post=10798"}],"curies":[{"name":"wp","href":"https:\/\/api.w.org\/{rel}","templated":true}]}}