{"id":10519,"date":"2025-03-28T04:35:25","date_gmt":"2025-03-28T03:35:25","guid":{"rendered":"https:\/\/zesar.ch\/produkt\/produkt\/"},"modified":"2026-04-24T07:15:04","modified_gmt":"2026-04-24T05:15:04","slug":"eigentumsschrank-swiss-made-mit-3-tablare-2-tueren","status":"publish","type":"product","link":"https:\/\/zesar.ch\/fr\/produit\/eigentumsschrank-swiss-made-mit-3-tablare-2-tueren\/","title":{"rendered":"Etag\u00e8re de rangement SWISS MADE avec 3 \u00e9tag\u00e8res et 2 portes"},"content":{"rendered":"<p>Geh\u00e4use PP melaminharzbeschichtet<br \/>\nU191PE 19 mm mit ABS-Kanten 2 mm grau.<br \/>\nInkl. 4 Rollen.<br \/>\nNormbohrung Euro 32 f\u00fcr Tablar Halterung.<br \/>\n&#8211; 3 Tablare<br \/>\n&#8211; 2 Trennw\u00e4nde = gesamt 12 F\u00e4cher (davon 9 Quadratisch)<br \/>\n&#8211; 2 T\u00fcren mit Oliven-Drehschloss<br \/>\n&#8211; 4 Rollen \u00f8100mm (2x gebremst)<br \/>\nLast pro Rolle 100Kg<\/p>","protected":false},"excerpt":{"rendered":"<p>Dimension: 138 x 45 x 132 cm (L x P x H)<\/p>","protected":false},"featured_media":9034,"template":"","meta":[],"product_cat":[340,411],"product_tag":[],"acf":[],"_links":{"self":[{"href":"https:\/\/zesar.ch\/fr\/wp-json\/wp\/v2\/product\/10519"}],"collection":[{"href":"https:\/\/zesar.ch\/fr\/wp-json\/wp\/v2\/product"}],"about":[{"href":"https:\/\/zesar.ch\/fr\/wp-json\/wp\/v2\/types\/product"}],"wp:featuredmedia":[{"embeddable":true,"href":"https:\/\/zesar.ch\/fr\/wp-json\/wp\/v2\/media\/9034"}],"wp:attachment":[{"href":"https:\/\/zesar.ch\/fr\/wp-json\/wp\/v2\/media?parent=10519"}],"wp:term":[{"taxonomy":"product_cat","embeddable":true,"href":"https:\/\/zesar.ch\/fr\/wp-json\/wp\/v2\/product_cat?post=10519"},{"taxonomy":"product_tag","embeddable":true,"href":"https:\/\/zesar.ch\/fr\/wp-json\/wp\/v2\/product_tag?post=10519"}],"curies":[{"name":"wp","href":"https:\/\/api.w.org\/{rel}","templated":true}]}}