{"id":10454,"date":"2025-03-03T04:14:47","date_gmt":"2025-03-03T03:14:47","guid":{"rendered":"https:\/\/zesar.ch\/produkt\/produkt\/"},"modified":"2026-01-21T04:42:44","modified_gmt":"2026-01-21T03:42:44","slug":"arbeitstisch-mit-rollen-und-kabelkanal","status":"publish","type":"product","link":"https:\/\/zesar.ch\/fr\/produit\/arbeitstisch-mit-rollen-und-kabelkanal\/","title":{"rendered":"Table de travail mobile avec canal \u00e0 c\u00e2bles"},"content":{"rendered":"<p>Pneumatisch h\u00f6henverstellbar von 69-112 cm.<br \/>\nEinfache Bedienung durch Gasfeder, ohne Strom.<br \/>\nS\u00e4ulengestell pulverbeschichtet<br \/>\nRAL 7016 anthrazit.<br \/>\n1 Kabeldurchlass aus PVC schwarz<br \/>\n\u00d8 60 mm in der Mitte.<br \/>\nMit 4 Rollen.<\/p>","protected":false},"excerpt":{"rendered":"<p>Dimension: 60 x 50 cm, assis-debout pneumatique<\/p>","protected":false},"featured_media":9247,"template":"","meta":[],"product_cat":[327,398],"product_tag":[],"acf":[],"_links":{"self":[{"href":"https:\/\/zesar.ch\/fr\/wp-json\/wp\/v2\/product\/10454"}],"collection":[{"href":"https:\/\/zesar.ch\/fr\/wp-json\/wp\/v2\/product"}],"about":[{"href":"https:\/\/zesar.ch\/fr\/wp-json\/wp\/v2\/types\/product"}],"wp:featuredmedia":[{"embeddable":true,"href":"https:\/\/zesar.ch\/fr\/wp-json\/wp\/v2\/media\/9247"}],"wp:attachment":[{"href":"https:\/\/zesar.ch\/fr\/wp-json\/wp\/v2\/media?parent=10454"}],"wp:term":[{"taxonomy":"product_cat","embeddable":true,"href":"https:\/\/zesar.ch\/fr\/wp-json\/wp\/v2\/product_cat?post=10454"},{"taxonomy":"product_tag","embeddable":true,"href":"https:\/\/zesar.ch\/fr\/wp-json\/wp\/v2\/product_tag?post=10454"}],"curies":[{"name":"wp","href":"https:\/\/api.w.org\/{rel}","templated":true}]}}