{"id":10451,"date":"2025-03-03T04:14:36","date_gmt":"2025-03-03T03:14:36","guid":{"rendered":"https:\/\/zesar.ch\/produkt\/produkt\/"},"modified":"2026-03-27T05:58:05","modified_gmt":"2026-03-27T04:58:05","slug":"ergonomischer-tisch-mit-neigbarer-magnetplatte-rechts","status":"publish","type":"product","link":"https:\/\/zesar.ch\/fr\/produit\/ergonomischer-tisch-mit-neigbarer-magnetplatte-rechts\/","title":{"rendered":"Table ergonomique avec plateau magn\u00e9tique amovible \u00e0 droite"},"content":{"rendered":"<p>Elektrisch h\u00f6henverstellbar<br \/>\nrobustes T-Gestell<br \/>\neinfache Bedienung durch auf \/ ab Knopf<\/p>\n<p>BEIDE PLATTEN :<br \/>\nPlatte 24 mm dick, mit Kunstharz belegt<br \/>\nmit massivem Buchenholzeinleimer, naturlackiert,<br \/>\n45\u00b0 angefast<\/p>\n<p>Eine magnetische Platte von 0 bis 75\u00b0 neigbar,<br \/>\nrechts montiert mit magnetischem Lineal<br \/>\nDimension: 700 x 800 mm<\/p>\n<p>Eine fixe Platte, links montiert<br \/>\n2 Haltebuchsen f\u00fcr ein Ergotron Haltearm<br \/>\nund Dokumentest\u00e4nder<br \/>\n2 integrierte Steckdosen<br \/>\n(1x elektrisch 220V + LAN und 1x VGA + USB)<br \/>\nmit einer Kabeldurchf\u00fchrung \u00f860 mm<br \/>\nDimension: 900 x 800 mm<\/p>\n<p>Kabelkanal:<br \/>\nGeschlossen auf der Seite der neigbaren Platte<\/p>","protected":false},"excerpt":{"rendered":"<p>Dimension: 160 x 80 cm<\/p>","protected":false},"featured_media":9234,"template":"","meta":[],"product_cat":[327],"product_tag":[],"acf":[],"_links":{"self":[{"href":"https:\/\/zesar.ch\/fr\/wp-json\/wp\/v2\/product\/10451"}],"collection":[{"href":"https:\/\/zesar.ch\/fr\/wp-json\/wp\/v2\/product"}],"about":[{"href":"https:\/\/zesar.ch\/fr\/wp-json\/wp\/v2\/types\/product"}],"wp:featuredmedia":[{"embeddable":true,"href":"https:\/\/zesar.ch\/fr\/wp-json\/wp\/v2\/media\/9234"}],"wp:attachment":[{"href":"https:\/\/zesar.ch\/fr\/wp-json\/wp\/v2\/media?parent=10451"}],"wp:term":[{"taxonomy":"product_cat","embeddable":true,"href":"https:\/\/zesar.ch\/fr\/wp-json\/wp\/v2\/product_cat?post=10451"},{"taxonomy":"product_tag","embeddable":true,"href":"https:\/\/zesar.ch\/fr\/wp-json\/wp\/v2\/product_tag?post=10451"}],"curies":[{"name":"wp","href":"https:\/\/api.w.org\/{rel}","templated":true}]}}