{"id":10434,"date":"2025-02-27T04:10:45","date_gmt":"2025-02-27T03:10:45","guid":{"rendered":"https:\/\/zesar.ch\/produkt\/produkt\/"},"modified":"2026-04-24T07:30:07","modified_gmt":"2026-04-24T05:30:07","slug":"schulpult-mit-ablagefach-fixe-platte-variation-2","status":"publish","type":"product","link":"https:\/\/zesar.ch\/fr\/produit\/schulpult-mit-ablagefach-fixe-platte-variation-2\/","title":{"rendered":"Pupitre d'\u00e9l\u00e8ve avec plateau fixe et casier"},"content":{"rendered":"<p>H\u00f6henverstellbar mit Kurbel von 55-75 cm.<br \/>\nT-Gestell aus Flachovalstahlrohr mit<br \/>\nVerst\u00e4rkungstraverse 11 cm ab Boden.<br \/>\nFuss hochstehend f\u00fcr eine einfache und schnelle Reinigung.<br \/>\nMit 2 Nivelliergleitern und 2 Seitenrollen.<br \/>\nTischplatte Kunstharz belegt, gem\u00e4ss Kollektion.<br \/>\nInkl. Ablagefach aus Lochblech.<\/p>","protected":false},"excerpt":{"rendered":"<p>Dimension: 70 x 60 cm, r\u00e9glable en hauteur, pieds  haut (Cycle 1)<\/p>","protected":false},"featured_media":9272,"template":"","meta":[],"product_cat":[15],"product_tag":[],"acf":[],"_links":{"self":[{"href":"https:\/\/zesar.ch\/fr\/wp-json\/wp\/v2\/product\/10434"}],"collection":[{"href":"https:\/\/zesar.ch\/fr\/wp-json\/wp\/v2\/product"}],"about":[{"href":"https:\/\/zesar.ch\/fr\/wp-json\/wp\/v2\/types\/product"}],"wp:featuredmedia":[{"embeddable":true,"href":"https:\/\/zesar.ch\/fr\/wp-json\/wp\/v2\/media\/9272"}],"wp:attachment":[{"href":"https:\/\/zesar.ch\/fr\/wp-json\/wp\/v2\/media?parent=10434"}],"wp:term":[{"taxonomy":"product_cat","embeddable":true,"href":"https:\/\/zesar.ch\/fr\/wp-json\/wp\/v2\/product_cat?post=10434"},{"taxonomy":"product_tag","embeddable":true,"href":"https:\/\/zesar.ch\/fr\/wp-json\/wp\/v2\/product_tag?post=10434"}],"curies":[{"name":"wp","href":"https:\/\/api.w.org\/{rel}","templated":true}]}}