{"id":10428,"date":"2025-02-25T04:07:41","date_gmt":"2025-02-25T03:07:41","guid":{"rendered":"https:\/\/zesar.ch\/produkt\/produkt\/"},"modified":"2026-03-27T05:57:05","modified_gmt":"2026-03-27T04:57:05","slug":"schulpult-mit-ordnerkasten","status":"publish","type":"product","link":"https:\/\/zesar.ch\/fr\/produit\/schulpult-mit-ordnerkasten\/","title":{"rendered":"Pupitre d'\u00e9l\u00e8ve avec caisson \u00e0 classeur ferm\u00e9"},"content":{"rendered":"<p>H\u00f6henverstellbar mit Kurbel von 66-86 cm.<br \/>\nT-Gestell aus Flachovalstahlrohr mit<br \/>\nVerst\u00e4rkungstraverse 11 cm ab Boden.<br \/>\nFuss hochstehend f\u00fcr eine einfache und schnelle Reinigung.<br \/>\nMit 2 Nivelliergleitern und 2 Seitenrollen.<br \/>\nKasten CH-Buche massiv, naturlackiert.<br \/>\nPultdeckel Kunstharz belegt mit Kante Einleimer Buche massiv mit<br \/>\nKlavierband befestigt und grauer Kunststoffleiste.<\/p>","protected":false},"excerpt":{"rendered":"<p>Dimension: 70 x 60 cm, r\u00e9glable en hauteur, pieds haut<\/p>","protected":false},"featured_media":9204,"template":"","meta":[],"product_cat":[392],"product_tag":[],"acf":[],"_links":{"self":[{"href":"https:\/\/zesar.ch\/fr\/wp-json\/wp\/v2\/product\/10428"}],"collection":[{"href":"https:\/\/zesar.ch\/fr\/wp-json\/wp\/v2\/product"}],"about":[{"href":"https:\/\/zesar.ch\/fr\/wp-json\/wp\/v2\/types\/product"}],"wp:featuredmedia":[{"embeddable":true,"href":"https:\/\/zesar.ch\/fr\/wp-json\/wp\/v2\/media\/9204"}],"wp:attachment":[{"href":"https:\/\/zesar.ch\/fr\/wp-json\/wp\/v2\/media?parent=10428"}],"wp:term":[{"taxonomy":"product_cat","embeddable":true,"href":"https:\/\/zesar.ch\/fr\/wp-json\/wp\/v2\/product_cat?post=10428"},{"taxonomy":"product_tag","embeddable":true,"href":"https:\/\/zesar.ch\/fr\/wp-json\/wp\/v2\/product_tag?post=10428"}],"curies":[{"name":"wp","href":"https:\/\/api.w.org\/{rel}","templated":true}]}}