{"id":10400,"date":"2025-02-20T04:08:24","date_gmt":"2025-02-20T03:08:24","guid":{"rendered":"https:\/\/zesar.ch\/produkt\/produkt\/"},"modified":"2026-04-08T07:19:06","modified_gmt":"2026-04-08T05:19:06","slug":"ergo-suite-verteiler-vakuum-luft-kurz","status":"publish","type":"product","link":"https:\/\/zesar.ch\/fr\/produit\/ergo-suite-verteiler-vakuum-luft-kurz\/","title":{"rendered":"ERGO-SUITE \/ Distributeur vacuum + air COURT"},"content":{"rendered":"<p>Schwarze Erf\u00fcllung RAL 9005 gl\u00e4ttet gl\u00e4nzend<\/p>","protected":false},"excerpt":{"rendered":"<p>Syst\u00e8me complet pour \u00e9tabli 64 cm.<\/p>","protected":false},"featured_media":9359,"template":"","meta":[],"product_cat":[337],"product_tag":[],"acf":[],"_links":{"self":[{"href":"https:\/\/zesar.ch\/fr\/wp-json\/wp\/v2\/product\/10400"}],"collection":[{"href":"https:\/\/zesar.ch\/fr\/wp-json\/wp\/v2\/product"}],"about":[{"href":"https:\/\/zesar.ch\/fr\/wp-json\/wp\/v2\/types\/product"}],"wp:featuredmedia":[{"embeddable":true,"href":"https:\/\/zesar.ch\/fr\/wp-json\/wp\/v2\/media\/9359"}],"wp:attachment":[{"href":"https:\/\/zesar.ch\/fr\/wp-json\/wp\/v2\/media?parent=10400"}],"wp:term":[{"taxonomy":"product_cat","embeddable":true,"href":"https:\/\/zesar.ch\/fr\/wp-json\/wp\/v2\/product_cat?post=10400"},{"taxonomy":"product_tag","embeddable":true,"href":"https:\/\/zesar.ch\/fr\/wp-json\/wp\/v2\/product_tag?post=10400"}],"curies":[{"name":"wp","href":"https:\/\/api.w.org\/{rel}","templated":true}]}}