{"id":10320,"date":"2025-01-30T03:45:19","date_gmt":"2025-01-30T02:45:19","guid":{"rendered":"https:\/\/zesar.ch\/produkt\/produkt\/"},"modified":"2026-04-22T07:26:07","modified_gmt":"2026-04-22T05:26:07","slug":"bt-mehrzwecktisch-rund","status":"publish","type":"product","link":"https:\/\/zesar.ch\/fr\/produit\/bt-mehrzwecktisch-rund\/","title":{"rendered":"#BT#  Table \u00e0 usages multiples ronde"},"content":{"rendered":"<p>S\u00e4ulenfuss \u00f8 60 x 2 mm, mit 5 Nivelliergleiter.<br \/>\nRunde Bodenplatte \u00f8 50 cm.<\/p>","protected":false},"excerpt":{"rendered":"<p>Dimension \u00f8 100 cm, hauteur fix 73 cm<\/p>","protected":false},"featured_media":10489,"template":"","meta":[],"product_cat":[326,397],"product_tag":[],"acf":[],"_links":{"self":[{"href":"https:\/\/zesar.ch\/fr\/wp-json\/wp\/v2\/product\/10320"}],"collection":[{"href":"https:\/\/zesar.ch\/fr\/wp-json\/wp\/v2\/product"}],"about":[{"href":"https:\/\/zesar.ch\/fr\/wp-json\/wp\/v2\/types\/product"}],"wp:featuredmedia":[{"embeddable":true,"href":"https:\/\/zesar.ch\/fr\/wp-json\/wp\/v2\/media\/10489"}],"wp:attachment":[{"href":"https:\/\/zesar.ch\/fr\/wp-json\/wp\/v2\/media?parent=10320"}],"wp:term":[{"taxonomy":"product_cat","embeddable":true,"href":"https:\/\/zesar.ch\/fr\/wp-json\/wp\/v2\/product_cat?post=10320"},{"taxonomy":"product_tag","embeddable":true,"href":"https:\/\/zesar.ch\/fr\/wp-json\/wp\/v2\/product_tag?post=10320"}],"curies":[{"name":"wp","href":"https:\/\/api.w.org\/{rel}","templated":true}]}}