{"id":10283,"date":"2025-01-23T03:34:32","date_gmt":"2025-01-23T02:34:32","guid":{"rendered":"https:\/\/zesar.ch\/produkt\/produkt\/"},"modified":"2026-04-24T07:22:07","modified_gmt":"2026-04-24T05:22:07","slug":"schulstuhl-curved-3","status":"publish","type":"product","link":"https:\/\/zesar.ch\/fr\/produit\/schulstuhl-curved-3\/","title":{"rendered":"Chaise d'\u00e9cole CURVED"},"content":{"rendered":"<p>H\u00f6he 43-62 cm<br \/>\nSitz- und R\u00fcckenschale aus Buchenholz mehrschichtig verleimt,<br \/>\nmit antirutsch-Pr\u00e4gung und \u00f6kologischer antirutsch Lackierung.<br \/>\nSitzfl\u00e4che mit Sitztiefenverstellung allseitig abgerundet f\u00fcr ergonomisches Sitzen in jeder Position.<br \/>\nVerstellbare Federlehne nach hinten abgerundet f\u00fcr ergonomische Armauflage beim<br \/>\nschr\u00e4g oder verkehrt darauf sitzen.<br \/>\n5-Sternfuss auf Profilstahl mit Rollen, Gestell aus Stahlrohr verschweisst.<\/p>","protected":false},"excerpt":{"rendered":"<p>Ressort \u00e0 gaz, tournante, avec roulettes, dossier \u00e0 lame r\u00e9glable, (Cycle 3)<\/p>","protected":false},"featured_media":9129,"template":"","meta":[],"product_cat":[386],"product_tag":[],"acf":[],"_links":{"self":[{"href":"https:\/\/zesar.ch\/fr\/wp-json\/wp\/v2\/product\/10283"}],"collection":[{"href":"https:\/\/zesar.ch\/fr\/wp-json\/wp\/v2\/product"}],"about":[{"href":"https:\/\/zesar.ch\/fr\/wp-json\/wp\/v2\/types\/product"}],"wp:featuredmedia":[{"embeddable":true,"href":"https:\/\/zesar.ch\/fr\/wp-json\/wp\/v2\/media\/9129"}],"wp:attachment":[{"href":"https:\/\/zesar.ch\/fr\/wp-json\/wp\/v2\/media?parent=10283"}],"wp:term":[{"taxonomy":"product_cat","embeddable":true,"href":"https:\/\/zesar.ch\/fr\/wp-json\/wp\/v2\/product_cat?post=10283"},{"taxonomy":"product_tag","embeddable":true,"href":"https:\/\/zesar.ch\/fr\/wp-json\/wp\/v2\/product_tag?post=10283"}],"curies":[{"name":"wp","href":"https:\/\/api.w.org\/{rel}","templated":true}]}}