{"id":10224,"date":"2024-12-30T03:09:59","date_gmt":"2024-12-30T02:09:59","guid":{"rendered":"https:\/\/zesar.ch\/produkt\/produkt\/"},"modified":"2026-01-21T04:40:38","modified_gmt":"2026-01-21T03:40:38","slug":"werkbank-seitliche-platten-abklappbar","status":"publish","type":"product","link":"https:\/\/zesar.ch\/fr\/produit\/werkbank-seitliche-platten-abklappbar\/","title":{"rendered":"Etabli avec plateau rabattable sur les c\u00f4t\u00e9s"},"content":{"rendered":"<p>H\u00f6henverstellbar mit Kurbel von 70-100 cm.<br \/>\n4-Beingestell aus Vierkantstahlrohr 60 x 60 x 2 mm<br \/>\nZarge 40 x 20 x 2 mm, Gestell TIG verschweisst.<br \/>\nMit 4 speziellen robusten h\u00f6henverstellbaren und nicht abf\u00e4rbenden Gummif\u00fcssen und 4 Rollen.<br \/>\nIn der untersten Position mobil auf Rollen.<\/p>","protected":false},"excerpt":{"rendered":"<p>Gr\u00f6sse 85 x 60 &#8211; 195 cm, H\u00f6he verstellbar<\/p>","protected":false},"featured_media":9084,"template":"","meta":[],"product_cat":[334],"product_tag":[],"acf":[],"_links":{"self":[{"href":"https:\/\/zesar.ch\/fr\/wp-json\/wp\/v2\/product\/10224"}],"collection":[{"href":"https:\/\/zesar.ch\/fr\/wp-json\/wp\/v2\/product"}],"about":[{"href":"https:\/\/zesar.ch\/fr\/wp-json\/wp\/v2\/types\/product"}],"wp:featuredmedia":[{"embeddable":true,"href":"https:\/\/zesar.ch\/fr\/wp-json\/wp\/v2\/media\/9084"}],"wp:attachment":[{"href":"https:\/\/zesar.ch\/fr\/wp-json\/wp\/v2\/media?parent=10224"}],"wp:term":[{"taxonomy":"product_cat","embeddable":true,"href":"https:\/\/zesar.ch\/fr\/wp-json\/wp\/v2\/product_cat?post=10224"},{"taxonomy":"product_tag","embeddable":true,"href":"https:\/\/zesar.ch\/fr\/wp-json\/wp\/v2\/product_tag?post=10224"}],"curies":[{"name":"wp","href":"https:\/\/api.w.org\/{rel}","templated":true}]}}