{"id":10223,"date":"2024-12-30T03:09:56","date_gmt":"2024-12-30T02:09:56","guid":{"rendered":"https:\/\/zesar.ch\/produkt\/produkt\/"},"modified":"2026-01-21T04:40:31","modified_gmt":"2026-01-21T03:40:31","slug":"baeckertisch","status":"publish","type":"product","link":"https:\/\/zesar.ch\/fr\/produit\/baeckertisch\/","title":{"rendered":"Table de boulanger-patissier"},"content":{"rendered":"<p>4-Beingestell aus Vierkantstahlrohr 60 x 60 x 2 mm<br \/>\nZarge 40 x 20 x 2 mm, TIG verschweisst.<br \/>\nMit 4 speziellen robusten h\u00f6henverstellbaren und nicht abf\u00e4rbenden Gummif\u00fcssen  und 4 R\u00e4der.<br \/>\nIn der untersten Position mobil auf Rollen.<br \/>\nH\u00f6henverstellbar mit Kurbel von 73 bis 103 cm.<br \/>\nPlatte aus Granit<\/p>","protected":false},"excerpt":{"rendered":"<p>Dimension: 160 x 80 cm, r\u00e9glable en hauteur<\/p>","protected":false},"featured_media":9080,"template":"","meta":[],"product_cat":[334],"product_tag":[],"acf":[],"_links":{"self":[{"href":"https:\/\/zesar.ch\/fr\/wp-json\/wp\/v2\/product\/10223"}],"collection":[{"href":"https:\/\/zesar.ch\/fr\/wp-json\/wp\/v2\/product"}],"about":[{"href":"https:\/\/zesar.ch\/fr\/wp-json\/wp\/v2\/types\/product"}],"wp:featuredmedia":[{"embeddable":true,"href":"https:\/\/zesar.ch\/fr\/wp-json\/wp\/v2\/media\/9080"}],"wp:attachment":[{"href":"https:\/\/zesar.ch\/fr\/wp-json\/wp\/v2\/media?parent=10223"}],"wp:term":[{"taxonomy":"product_cat","embeddable":true,"href":"https:\/\/zesar.ch\/fr\/wp-json\/wp\/v2\/product_cat?post=10223"},{"taxonomy":"product_tag","embeddable":true,"href":"https:\/\/zesar.ch\/fr\/wp-json\/wp\/v2\/product_tag?post=10223"}],"curies":[{"name":"wp","href":"https:\/\/api.w.org\/{rel}","templated":true}]}}