{"id":10098,"date":"2024-11-27T21:24:20","date_gmt":"2024-11-27T20:24:20","guid":{"rendered":"https:\/\/zesar.ch\/produkt\/produkt\/"},"modified":"2026-04-22T07:25:08","modified_gmt":"2026-04-22T05:25:08","slug":"seminartisch-fuer-integrierung-von-informatik-graphik-tablet-variation","status":"publish","type":"product","link":"https:\/\/zesar.ch\/fr\/produit\/seminartisch-fuer-integrierung-von-informatik-graphik-tablet-variation\/","title":{"rendered":"Table s\u00e9minaire pour int\u00e9gration de tablette informatique"},"content":{"rendered":"<p>H\u00f6henverstellbar mit Druckfeder von 77-117 cm.<br \/>\nGestell aus Stahlrohr TIG verschweisst. Mit 4 Rollen arretierbar.<br \/>\nAusf\u00fchrung: pulverbeschichtet Farbe RAL gem\u00e4ss Kollektion<br \/>\nMit Abdeckungen aus gelochtem Stahlblech auf drei Seiten<br \/>\nAusf\u00fchrung: pulverbeschichtet Farbe RAL gem\u00e4ss Kollektion<br \/>\nTischplatten MDF-Spanplatte 24 mm<br \/>\nKunstharz belegt nach Kollektion,<br \/>\nKante Einleimer Buche massiv, naturlackiert<\/p>\n<p>Rechte Seite mit fixer H\u00f6he<br \/>\nPlattengr\u00f6sse 92 x 80 cm, H\u00f6he fix 77 cm.<br \/>\nMit Ausschnitt f\u00fcr eingebaute Steckdose (1x Netz RJ45 und 1x Strom T13)<br \/>\nund Bohrung f\u00fcr Kabeldurchgang (\u00d8 59.8 mm)<\/p>\n<p>Linke Seite h\u00f6henverstellbar<br \/>\nPlattengr\u00f6sse 83 x 56 cm, verstellbar<br \/>\nH\u00f6he verstellbar von 77-117 cm<br \/>\ndurch S\u00e4ule mit Gasfeder.<br \/>\nBestehend aus 2 Platten, verbunden durch ein<br \/>\nScharnier-Klavierband<br \/>\n1 Platte 80 x 56 cm, neigbar von 0\u00b0 bis 20\u00b0<br \/>\nmit oder ohne Ausschnitt f\u00fcr Bildschirm und Bleistiftrille<br \/>\n1 Platte waagrecht 83 x 24 cm, mit 2 Bohrungen<br \/>\nf\u00fcr Mikrofon und mit ausgefr\u00e4ster Rille f\u00fcr den Taststift des Bildschirms.<\/p>\n<p>Unter der Tischplatte:<br \/>\n&#8211; 1 Ausziehplatte aus Blech f\u00fcr die Tastatur und Maus,<br \/>\nAusf\u00fchrung: pulverbeschichtet Farbe RAL, in gleicher Farbe wie das Gestell<br \/>\n&#8211; 1 Kabelkette<br \/>\n&#8211; 1 verdeckter Kabelkanal auf der ganzen Gestellbreite<br \/>\n&#8211; 1 Tower-Halter, 23 x 48 x 50 cm (LxHxT) mit Diebstahlsicherungsstange<br \/>\n&#8211; 1 Mehrfach-Steckdose 5 x 230 V<br \/>\n&#8211; 4 Bohrungen f\u00fcr m\u00f6gliche Bodenfixierung<\/p>","protected":false},"excerpt":{"rendered":"<p>Dimension 180 x 80 cm, hauteur r\u00e9glable, inclinable \u00e0 gauche<\/p>","protected":false},"featured_media":9213,"template":"","meta":[],"product_cat":[15],"product_tag":[],"acf":[],"_links":{"self":[{"href":"https:\/\/zesar.ch\/fr\/wp-json\/wp\/v2\/product\/10098"}],"collection":[{"href":"https:\/\/zesar.ch\/fr\/wp-json\/wp\/v2\/product"}],"about":[{"href":"https:\/\/zesar.ch\/fr\/wp-json\/wp\/v2\/types\/product"}],"wp:featuredmedia":[{"embeddable":true,"href":"https:\/\/zesar.ch\/fr\/wp-json\/wp\/v2\/media\/9213"}],"wp:attachment":[{"href":"https:\/\/zesar.ch\/fr\/wp-json\/wp\/v2\/media?parent=10098"}],"wp:term":[{"taxonomy":"product_cat","embeddable":true,"href":"https:\/\/zesar.ch\/fr\/wp-json\/wp\/v2\/product_cat?post=10098"},{"taxonomy":"product_tag","embeddable":true,"href":"https:\/\/zesar.ch\/fr\/wp-json\/wp\/v2\/product_tag?post=10098"}],"curies":[{"name":"wp","href":"https:\/\/api.w.org\/{rel}","templated":true}]}}