{"id":6943,"date":"2023-04-18T11:04:41","date_gmt":"2023-04-18T09:04:41","guid":{"rendered":"https:\/\/zesar.ch\/?page_id=6943"},"modified":"2023-04-20T13:05:57","modified_gmt":"2023-04-20T11:05:57","slug":"airtime-live-erleben","status":"publish","type":"page","link":"https:\/\/zesar.ch\/fr\/vivez-airtime-en-direct\/","title":{"rendered":"Vivez airtime en direct"},"content":{"rendered":"<div class=\"is-layout-constrained wp-container-2 wp-block-group title-wrapper\">\n<h1>Vivez \"airtime\" en direct<\/h1>\n\n\n\n<p>Rendez-nous visite le <strong>vendredi 26 mai ou le vendredi 2 juin \u00e0 Tavannes<\/strong> et d\u00e9couvrez en direct les avantages de cette nouveaut\u00e9 mondiale.<\/p>\n\n\n\n<div class=\"is-layout-flex wp-block-buttons\">\n<div class=\"wp-block-button\"><a class=\"wp-block-button__link wp-element-button\" href=\"#anmeldung-event\">Inscrivez-vous d\u00e8s maintenant<\/a><\/div>\n<\/div>\n<\/div>\n\n\n<\/p>\n\n\n\n<figure class=\"wp-block-embed is-type-video is-provider-vimeo wp-block-embed-vimeo wp-embed-aspect-16-9 wp-has-aspect-ratio\"><div class=\"wp-block-embed__wrapper\">\n<iframe loading=\"lazy\" title=\"airtime Studio FR\" src=\"https:\/\/player.vimeo.com\/video\/819456615?h=e3c5ce5dfd&amp;dnt=1&amp;app_id=122963\" width=\"500\" height=\"281\" frameborder=\"0\" allow=\"autoplay; fullscreen; picture-in-picture\" allowfullscreen><\/iframe>\n<\/div><\/figure>\n\n\n<p><\/p>\n\n\n\n<div class=\"is-layout-constrained wp-container-3 wp-block-group title-wrapper\">\n<h2>Pour la formation et l\u2019industrie<\/h2>\n\n\n\n<ul class=\"is-style-checkmarks has-medium-font-size\">\n<li>Cr\u00e9er rapidement et facilement des vid\u00e9os professionnelles pour des informations d'employ\u00e9s ou des pr\u00e9sentations de produits<\/li>\n\n\n\n<li>Former des collaborateurs sans qu'ils aient \u00e0 se d\u00e9placer<\/li>\n\n\n\n<li>Documenter facilement des \u00e9tapes de travail, am\u00e9liorer la qualit\u00e9 et augmenter la satisfaction des clients<\/li>\n\n\n\n<li>Offrer aux apprentis un environnement optimal pour acqu\u00e9rir des comp\u00e9tences en informatique et en m\u00e9dias<\/li>\n\n\n\n<li>Enregistrer des vid\u00e9os d'apprentissage, des tutoriels, des cours en ligne et bien plus encore en quelques clics. Id\u00e9al pour l'enseignement \u00e0 distance<\/li>\n<\/ul>\n<\/div>\n\n\n\n<div class=\"is-layout-constrained wp-block-group alignfull\">\n<div class=\"is-layout-constrained wp-block-group alignfull has-grey-to-light-grey-gradient-background has-background\" id=\"anmeldung-event\">\n<div style=\"height:150px\" aria-hidden=\"true\" class=\"wp-block-spacer\"><\/div>\n\n\n\n<h2>Vivez \"airtime\" en direct<\/h2>\n\n\n\n<div class=\"is-layout-flex wp-container-6 wp-block-columns\">\n<div class=\"is-layout-flow wp-block-column\">\n<p><strong>Quand?<\/strong><\/p>\n\n\n\n<p class=\"has-medium-font-size\">Vendredi 26 mai 2023 <br>Vendredi 2 juin 2023<\/p>\n\n\n\n<p>D\u00e9but \u00e0 13h30<br>Dur\u00e9e 1h, suivi d'un ap\u00e9ro<\/p>\n<\/div>\n\n\n\n<div class=\"is-layout-flow wp-block-column\">\n<p><strong>O\u00f9?<\/strong><\/p>\n\n\n\n<p>Zesar.ch SA (B\u00e2timent ergoexpert, 2\u00e8me \u00e9tage)<br>Rue de la Dout 16<br>2710 Tavannes<\/p>\n\n\n\n<p><a href=\"https:\/\/g.page\/Zesar?share\" target=\"_blank\" rel=\"noreferrer noopener\">Itin\u00e9raire<\/a><\/p>\n<\/div>\n<\/div>\n\n\n\n<h3>Inscription<\/h3>\n\n\n<script type=\"text\/javascript\">var gform;gform||(document.addEventListener(\"gform_main_scripts_loaded\",function(){gform.scriptsLoaded=!0}),window.addEventListener(\"DOMContentLoaded\",function(){gform.domLoaded=!0}),gform={domLoaded:!1,scriptsLoaded:!1,initializeOnLoaded:function(o){gform.domLoaded&&gform.scriptsLoaded?o():!gform.domLoaded&&gform.scriptsLoaded?window.addEventListener(\"DOMContentLoaded\",o):document.addEventListener(\"gform_main_scripts_loaded\",o)},hooks:{action:{},filter:{}},addAction:function(o,n,r,t){gform.addHook(\"action\",o,n,r,t)},addFilter:function(o,n,r,t){gform.addHook(\"filter\",o,n,r,t)},doAction:function(o){gform.doHook(\"action\",o,arguments)},applyFilters:function(o){return gform.doHook(\"filter\",o,arguments)},removeAction:function(o,n){gform.removeHook(\"action\",o,n)},removeFilter:function(o,n,r){gform.removeHook(\"filter\",o,n,r)},addHook:function(o,n,r,t,i){null==gform.hooks[o][n]&&(gform.hooks[o][n]=[]);var e=gform.hooks[o][n];null==i&&(i=n+\"_\"+e.length),gform.hooks[o][n].push({tag:i,callable:r,priority:t=null==t?10:t})},doHook:function(n,o,r){var t;if(r=Array.prototype.slice.call(r,1),null!=gform.hooks[n][o]&&((o=gform.hooks[n][o]).sort(function(o,n){return o.priority-n.priority}),o.forEach(function(o){\"function\"!=typeof(t=o.callable)&&(t=window[t]),\"action\"==n?t.apply(null,r):r[0]=t.apply(null,r)})),\"filter\"==n)return r[0]},removeHook:function(o,n,t,i){var r;null!=gform.hooks[o][n]&&(r=(r=gform.hooks[o][n]).filter(function(o,n,r){return!!(null!=i&&i!=o.tag||null!=t&&t!=o.priority)}),gform.hooks[o][n]=r)}});<\/script>\n                <div class='gf_browser_gecko gform_wrapper gravity-theme' id='gform_wrapper_5' >\n                        <div class='gform_heading'>\n                            <span class='gform_description'><\/span>\n                        <\/div><form method='post' enctype='multipart\/form-data'  id='gform_5'  action='\/fr\/wp-json\/wp\/v2\/pages\/6943' novalidate data-trp-original-action=\"\/fr\/wp-json\/wp\/v2\/pages\/6943\">\n                        <div class='gform_body gform-body'><div id='gform_fields_5' class='gform_fields top_label form_sublabel_below description_below'><div id=\"field_5_3\"  class=\"gfield gfield_contains_required field_sublabel_below field_description_below gfield_visibility_visible form-group\"  data-field-class=\"form-group\" data-js-reload=\"field_5_3\"><label class='gfield_label' for='input_5_3' >Pr\u00e9nom<\/span><\/label><div class='ginput_container ginput_container_text'><input name='input_3' id='input_5_3' type='text' value='' class='large form-control'     aria-required=\"true\" aria-invalid=\"false\"    \/> <\/div><\/div><div id=\"field_5_5\"  class=\"gfield gfield--width-full gfield_contains_required field_sublabel_below field_description_below gfield_visibility_visible form-group\"  data-field-class=\"form-group\" data-js-reload=\"field_5_5\"><label class='gfield_label' for='input_5_5' >Nom<\/span><\/label><div class='ginput_container ginput_container_text'><input name='input_5' id='input_5_5' type='text' value='' class='large form-control'     aria-required=\"true\" aria-invalid=\"false\"    \/> <\/div><\/div><div id=\"field_5_8\"  class=\"gfield gfield--width-full gfield_contains_required field_sublabel_below field_description_below gfield_visibility_visible form-group\"  data-field-class=\"form-group\" data-js-reload=\"field_5_8\"><label class='gfield_label' for='input_5_8' >Adresse<\/span><\/label><div class='ginput_container ginput_container_text'><input name='input_8' id='input_5_8' type='text' value='' class='large form-control'     aria-required=\"true\" aria-invalid=\"false\"    \/> <\/div><\/div><div id=\"field_5_9\"  class=\"gfield gfield--width-full gfield_contains_required field_sublabel_below field_description_below gfield_visibility_visible form-group\"  data-field-class=\"form-group\" data-js-reload=\"field_5_9\"><label class='gfield_label' for='input_5_9' >NPA\/ Lieu<\/span><\/label><div class='ginput_container ginput_container_text'><input name='input_9' id='input_5_9' type='text' value='' class='large form-control'     aria-required=\"true\" aria-invalid=\"false\"    \/> <\/div><\/div><div id=\"field_5_6\"  class=\"gfield gfield--width-full gfield_contains_required field_sublabel_below field_description_below gfield_visibility_visible form-group\"  data-field-class=\"form-group\" data-js-reload=\"field_5_6\"><label class='gfield_label' for='input_5_6' >Email<\/span><\/label><div class='ginput_container ginput_container_text'><input name='input_6' id='input_5_6' type='text' value='' class='large form-control'     aria-required=\"true\" aria-invalid=\"false\"    \/> <\/div><\/div><div id=\"field_5_10\"  class=\"gfield gfield--width-full field_sublabel_below field_description_below gfield_visibility_visible form-group\"  data-field-class=\"form-group\" data-js-reload=\"field_5_10\"><label class='gfield_label' for='input_5_10' >Portable <span class=\"gfield_required\">(en option)<\/span><\/label><div class='ginput_container ginput_container_text'><input name='input_10' id='input_5_10' type='text' value='' class='large form-control'      aria-invalid=\"false\"    \/> <\/div><\/div><fieldset id=\"field_5_7\"  class=\"gfield gfield--width-full gfield_contains_required field_sublabel_below field_description_below gfield_visibility_visible form-group\"  data-field-class=\"form-group\" data-js-reload=\"field_5_7\"><legend class='gfield_label'  >Quand souhaitez-vous participer?<\/span><\/legend><div class='ginput_container ginput_container_radio'><div class='gfield_radio' id='input_5_7'>\n\t\t\t<div class='gchoice form-check gchoice_5_7_0'>\n\t\t\t\t\t<input class=\"form-check-input\" name='input_7' type='radio' value='Freitag, 26. Mai, 2023'  id='choice_5_7_0' onchange='gformToggleRadioOther( this )'    \/>\n\t\t\t\t\t<label class=\"form-check-label\" for='choice_5_7_0' id='label_5_7_0'>Vendredi 26 mai 2023<\/label>\n\t\t\t<\/div>\n\t\t\t<div class='gchoice form-check gchoice_5_7_1'>\n\t\t\t\t\t<input class=\"form-check-input\" name='input_7' type='radio' value='Freitag, 2. Juni, 2023'  id='choice_5_7_1' onchange='gformToggleRadioOther( this )'    \/>\n\t\t\t\t\t<label class=\"form-check-label\" for='choice_5_7_1' id='label_5_7_1'>Vendredi 2 juin 2023<\/label>\n\t\t\t<\/div><\/div><\/div><\/fieldset><\/div><\/div>\n        <div class='gform_footer top_label'> <button type='submit' id='gform_submit_button_5' class='wp-block-button' value='Jetzt anmelden'  onclick='if(window[\"gf_submitting_5\"]){return false;}  if( !jQuery(\"#gform_5\")[0].checkValidity || jQuery(\"#gform_5\")[0].checkValidity()){window[\"gf_submitting_5\"]=true;}  ' onkeypress='if( event.keyCode == 13 ){ if(window[\"gf_submitting_5\"]){return false;} if( !jQuery(\"#gform_5\")[0].checkValidity || jQuery(\"#gform_5\")[0].checkValidity()){window[\"gf_submitting_5\"]=true;}  jQuery(\"#gform_5\").trigger(\"submit\",[true]); }' \/><span class=\"wp-block-button__link\">Inscrivez-vous d\u00e8s maintenant<\/span><\/button> \n            <input type='hidden' class='gform_hidden' name='is_submit_5' value='1' \/>\n            <input type='hidden' class='gform_hidden' name='gform_submit' value='5' \/>\n            \n            <input type='hidden' class='gform_hidden' name='gform_unique_id' value='' \/>\n            <input type='hidden' class='gform_hidden' name='state_5' value='WyJ7XCI3XCI6W1wiOGFjNmIzZmJhYTgyZDM3MWU0N2M1ODg4MjhkY2JhMDhcIixcIjVhMjBlM2VjMzE5ODg4NzkwMDAwYzUzMjhlYTA2ZDIxXCJdfSIsImFjNzllZTNjMzRmNDI0MDMwNTFkY2JlN2NkODUzMDNjIl0=' \/>\n            <input type='hidden' class='gform_hidden' name='gform_target_page_number_5' id='gform_target_page_number_5' value='0' \/>\n            <input type='hidden' class='gform_hidden' name='gform_source_page_number_5' id='gform_source_page_number_5' value='1' \/>\n            <input type='hidden' name='gform_field_values' value='' \/>\n            \n        <\/div>\n                        <input type=\"hidden\" name=\"trp-form-language\" value=\"fr\"\/><\/form>\n                        <\/div>\n\n\n<div style=\"height:150px\" aria-hidden=\"true\" class=\"wp-block-spacer\"><\/div>\n<\/div>\n<\/div>\n\n\n\n<div class=\"is-layout-constrained wp-block-group alignfull\">\n<div class=\"wp-block-media-text is-stacked-on-mobile\"><figure class=\"wp-block-media-text__media\" data-no-zoom=\"true\"><img data-dominant-color=\"b9b0a9\" data-has-transparency=\"true\" style=\"--dominant-color: #b9b0a9;\" decoding=\"async\" loading=\"lazy\" width=\"1024\" height=\"741\" src=\"https:\/\/zesar.ch\/wp-content\/uploads\/2022\/10\/Philippe-lehmann-1-1024x741.png\" alt=\"\" class=\"has-transparency wp-image-6195 size-full\" srcset=\"https:\/\/zesar.ch\/wp-content\/uploads\/2022\/10\/Philippe-lehmann-1-1024x741.png 1024w, https:\/\/zesar.ch\/wp-content\/uploads\/2022\/10\/Philippe-lehmann-1-300x217.png 300w, https:\/\/zesar.ch\/wp-content\/uploads\/2022\/10\/Philippe-lehmann-1-768x556.png 768w, https:\/\/zesar.ch\/wp-content\/uploads\/2022\/10\/Philippe-lehmann-1-18x12.png 18w, https:\/\/zesar.ch\/wp-content\/uploads\/2022\/10\/Philippe-lehmann-1-350x253.png 350w, https:\/\/zesar.ch\/wp-content\/uploads\/2022\/10\/Philippe-lehmann-1-600x434.png 600w, https:\/\/zesar.ch\/wp-content\/uploads\/2022\/10\/Philippe-lehmann-1.png 1080w\" sizes=\"(max-width: 1024px) 100vw, 1024px\" \/><\/figure><div class=\"wp-block-media-text__content\">\n<h3>Contact<\/h3>\n\n\n\n<p class=\"has-base-color has-text-color has-medium-font-size\">Avez-vous des questions sur l' \u00e9v\u00e9nement ou sur airtime ? C'est avec plaisir que nous vous renseignons.<\/p>\n\n\n\n<p><strong><strong>Philippe Lehmann<\/strong><\/strong><\/p>\n\n\n\n<p><a href=\"mailto:lehmann@zesar.ch\">lehmann@zesar.ch<\/a><\/p>\n\n\n\n<p><a href=\"http:\/\/+41 79 100 23 23\" data-type=\"tel\" data-id=\"tel:+41 32 482 68 00\">+41 79 100 23 23<\/a><\/p>\n<\/div><\/div>\n<\/div>","protected":false},"excerpt":{"rendered":"<p>Erleben Sie \u00abairtime\u00bb live Besuchen Sie uns am 26.Mai oder 2. Juni in Tavannes und erleben Sie den Nutzen dieser Weltneuheit live. F\u00fcr Bildung und Industrie Erleben Sie \u00abairtime\u00bb live Wann? Freitag, 26 Mai, 2023 Freitag, 2 Juni, 2023 Beginn jeweils um 13:30 UhrDauer 1h, anschliessend Ap\u00e9ro Wo? ZESAR.ch AG (Geb\u00e4ude ergoexpert, 2 Stock)Rue de [&hellip;]<\/p>","protected":false},"author":16,"featured_media":0,"parent":0,"menu_order":0,"comment_status":"closed","ping_status":"closed","template":"","meta":[],"acf":[],"_links":{"self":[{"href":"https:\/\/zesar.ch\/fr\/wp-json\/wp\/v2\/pages\/6943"}],"collection":[{"href":"https:\/\/zesar.ch\/fr\/wp-json\/wp\/v2\/pages"}],"about":[{"href":"https:\/\/zesar.ch\/fr\/wp-json\/wp\/v2\/types\/page"}],"author":[{"embeddable":true,"href":"https:\/\/zesar.ch\/fr\/wp-json\/wp\/v2\/users\/16"}],"replies":[{"embeddable":true,"href":"https:\/\/zesar.ch\/fr\/wp-json\/wp\/v2\/comments?post=6943"}],"version-history":[{"count":23,"href":"https:\/\/zesar.ch\/fr\/wp-json\/wp\/v2\/pages\/6943\/revisions"}],"predecessor-version":[{"id":7007,"href":"https:\/\/zesar.ch\/fr\/wp-json\/wp\/v2\/pages\/6943\/revisions\/7007"}],"wp:attachment":[{"href":"https:\/\/zesar.ch\/fr\/wp-json\/wp\/v2\/media?parent=6943"}],"curies":[{"name":"wp","href":"https:\/\/api.w.org\/{rel}","templated":true}]}}