{"id":559,"date":"2022-10-03T09:07:26","date_gmt":"2022-10-03T07:07:26","guid":{"rendered":"https:\/\/zesar.dev.hayloft-it.ch\/?page_id=559"},"modified":"2025-11-12T14:52:08","modified_gmt":"2025-11-12T13:52:08","slug":"lehrstellen","status":"publish","type":"page","link":"https:\/\/zesar.ch\/fr\/entreprise\/apprentissages\/","title":{"rendered":"Apprentissages"},"content":{"rendered":"<div class=\"is-layout-constrained wp-block-group alignfull header-with-title-lead-and-shifted-up-content\">\n<div class=\"is-layout-constrained wp-container-2 wp-block-group title-wrapper has-spacing-bottom\">\n<h1>Tes places d'apprentissage chez Zesar.ch&nbsp;<\/h1>\n\n\n\n<p>Chez nous, tu peux apprendre beaucoup et prendre tr\u00e8s t\u00f4t des responsabilit\u00e9s. Tu veux faire ton apprentissage dans une entreprise suisse qui utilise des techniques modernes pour cr\u00e9er, entre autres, le poste de travail du futur ?\u00a0Saisis cette chance et fa\u00e7onne ton avenir avec nous.<\/p>\n\n\n\n<h2>Places d'apprentissage vacantes 2025<\/h2>\n\n\n\n<ul class=\"is-style-default\">\n<li><strong>M\u00e9canicien\u00b7ne de production CFC<\/strong><\/li>\n\n\n\n<li><strong>Constructeur\u00b7trice d'appareils industriels CFC<\/strong><\/li>\n\n\n\n<li><strong>Dessinateur\u00b7trice-constructeur\u00b7trice industriel\u00b7le CFC <\/strong><\/li>\n<\/ul>\n\n\n\n<div style=\"height:150px\" aria-hidden=\"true\" class=\"wp-block-spacer\"><\/div>\n\n\n\n<div style=\"height:150px\" aria-hidden=\"true\" class=\"wp-block-spacer\"><\/div>\n\n\n\n<div class=\"is-layout-flex wp-block-buttons\">\n<div class=\"wp-block-button\"><a class=\"wp-block-button__link wp-element-button\" href=\"#offene-lehrstellen\">Postuler maintenant<\/a><\/div>\n<\/div>\n<\/div>\n<\/div>\n\n\n\n<div class=\"is-layout-constrained wp-block-group alignfull header-with-cover-and-sidebar\">\n<div class=\"is-layout-flow wp-block-group alignfull has-grey-to-light-grey-gradient-background has-background\">\n<div class=\"wp-block-cover alignwide is-light\"><span aria-hidden=\"true\" class=\"wp-block-cover__background has-background-dim-0 has-background-dim\"><\/span><img data-dominant-color=\"827f7c\" data-has-transparency=\"false\" style=\"--dominant-color: #827f7c;\" decoding=\"async\" loading=\"lazy\" width=\"1680\" height=\"586\" class=\"not-transparent wp-block-cover__image-background wp-image-6307\" alt=\"\" src=\"https:\/\/zesar.ch\/wp-content\/uploads\/2022\/12\/lehrstelle-zesar-jpg.webp\" data-object-fit=\"cover\" srcset=\"https:\/\/zesar.ch\/wp-content\/uploads\/2022\/12\/lehrstelle-zesar-jpg.webp 1680w, https:\/\/zesar.ch\/wp-content\/uploads\/2022\/12\/lehrstelle-zesar-300x105.webp 300w, https:\/\/zesar.ch\/wp-content\/uploads\/2022\/12\/lehrstelle-zesar-1024x357.webp 1024w, https:\/\/zesar.ch\/wp-content\/uploads\/2022\/12\/lehrstelle-zesar-768x268.webp 768w, https:\/\/zesar.ch\/wp-content\/uploads\/2022\/12\/lehrstelle-zesar-1536x536.webp 1536w, https:\/\/zesar.ch\/wp-content\/uploads\/2022\/12\/lehrstelle-zesar-18x6.webp 18w, https:\/\/zesar.ch\/wp-content\/uploads\/2022\/12\/lehrstelle-zesar-350x122.webp 350w, https:\/\/zesar.ch\/wp-content\/uploads\/2022\/12\/lehrstelle-zesar-600x209.webp 600w\" sizes=\"(max-width: 1680px) 100vw, 1680px\" \/><div class=\"wp-block-cover__inner-container\">\n<p class=\"has-text-align-center has-large-font-size\"><\/p>\n<\/div><\/div>\n<\/div>\n<\/div>\n\n\n\n<p class=\"has-medium-font-size\">D\u00e9couvrez les places d'apprentissage que nous proposons.<\/p>\n\n\n\n<div class=\"is-layout-flex wp-container-8 wp-block-columns are-vertically-aligned-center is-style-default\">\n<div class=\"is-layout-flow wp-block-column is-vertically-aligned-center\">\n<div style=\"height:100px\" aria-hidden=\"true\" class=\"wp-block-spacer is-style-large\"><\/div>\n\n\n\n<h2>M\u00e9canicien(ne) de production&nbsp;<\/h2>\n\n\n\n<p>En tant que m\u00e9canicien(ne) de production, tu fabriques et usines des pi\u00e8ces en m\u00e9tal et en plastique. Tu assembleras des pi\u00e8ces pour former des sous-ensembles et tu assureras la maintenance d'appareils, d'\u00e9quipements et de machines.&nbsp;<\/p>\n\n\n\n<p><a href=\"https:\/\/www.orientation.ch\/dyn\/show\/1900?lang=fr&amp;idx=30&amp;id=279\" target=\"_blank\" rel=\"noreferrer noopener\">Plus d'informations sur le profil professionnel<\/a><\/p>\n<\/div>\n\n\n\n<div class=\"is-layout-flow wp-block-column is-vertically-aligned-center\">\n<figure class=\"wp-block-embed is-type-video is-provider-youtube wp-block-embed-youtube wp-embed-aspect-16-9 wp-has-aspect-ratio\"><div class=\"wp-block-embed__wrapper\">\n<iframe loading=\"lazy\" title=\"Francis Mateta-Mundu\" width=\"500\" height=\"281\" src=\"https:\/\/www.youtube.com\/embed\/cadYikYzL6c?feature=oembed&#038;modestbranding=1&#038;showinfo=0&#038;rel=0\" frameborder=\"0\" allow=\"accelerometer; autoplay; clipboard-write; encrypted-media; gyroscope; picture-in-picture; web-share\" referrerpolicy=\"strict-origin-when-cross-origin\" allowfullscreen><\/iframe>\n<\/div><\/figure>\n<\/div>\n<\/div>\n\n\n\n<div class=\"is-layout-flex wp-container-11 wp-block-columns\">\n<div class=\"is-layout-flow wp-block-column\">\n<div style=\"height:100px\" aria-hidden=\"true\" class=\"wp-block-spacer is-style-large\"><\/div>\n\n\n\n<h2>Dessinateur(trice) constructeur(trice) industriel CFC&nbsp;<\/h2>\n\n\n\n<p>En tant que dessinateur(trice) constructeur(trice) industriel, tu transformes des id\u00e9es en produits en collaboration avec des ing\u00e9nieurs. Tu con\u00e7ois des pi\u00e8ces d\u00e9tach\u00e9es et des modules pour des appareils et des installations de production. Tu r\u00e9alises des dessins de construction \u00e0 l'ordinateur et tu \u00e9labores des documents techniques.&nbsp;<\/p>\n\n\n\n<p><a href=\"https:\/\/www.berufsberatung.ch\/dyn\/show\/1900?lang=de&amp;idx=30&amp;id=3699\" target=\"_blank\" rel=\"noreferrer noopener\">Plus d'informations sur le profil professionnel<\/a><\/p>\n<\/div>\n\n\n\n<div class=\"is-layout-flow wp-block-column\">\n<figure class=\"wp-block-embed is-type-video is-provider-vimeo wp-block-embed-vimeo wp-embed-aspect-16-9 wp-has-aspect-ratio\"><div class=\"wp-block-embed__wrapper\">\n<iframe loading=\"lazy\" title=\"Interview apprenti Francis\" src=\"https:\/\/player.vimeo.com\/video\/1004085951?dnt=1&amp;app_id=122963\" width=\"500\" height=\"281\" frameborder=\"0\" allow=\"autoplay; fullscreen; picture-in-picture; clipboard-write; encrypted-media; web-share\" referrerpolicy=\"strict-origin-when-cross-origin\"><\/iframe>\n<\/div><\/figure>\n<\/div>\n<\/div>\n\n\n\n<div class=\"is-layout-flex wp-container-14 wp-block-columns\">\n<div class=\"is-layout-flow wp-block-column\">\n<div style=\"height:100px\" aria-hidden=\"true\" class=\"wp-block-spacer is-style-large\"><\/div>\n\n\n\n<h2>Constructeur(trice) d'installations et d'appareils industriels<\/h2>\n\n\n\n<p>En tant que constructeur(trice) d'installations et d'appareils industriels, tu fabriques des appareils, des machines et des installations en m\u00e9tal. Tu fabriques les pi\u00e8ces d\u00e9tach\u00e9es et les assembles en composants et en modules. Tu mets les installations en service et les entretiens.&nbsp;<\/p>\n\n\n\n<p><a href=\"https:\/\/www.berufsberatung.ch\/dyn\/show\/1900?lang=de&amp;idx=30&amp;id=3055\" target=\"_blank\" rel=\"noreferrer noopener\">Plus d'informations sur le profil professionnel<\/a><\/p>\n<\/div>\n\n\n\n<div class=\"is-layout-flow wp-block-column\">\n<figure class=\"wp-block-embed is-type-video is-provider-vimeo wp-block-embed-vimeo wp-embed-aspect-16-9 wp-has-aspect-ratio\"><div class=\"wp-block-embed__wrapper\">\n<iframe loading=\"lazy\" title=\"Interview Charles\" src=\"https:\/\/player.vimeo.com\/video\/1004085909?dnt=1&amp;app_id=122963\" width=\"500\" height=\"281\" frameborder=\"0\" allow=\"autoplay; fullscreen; picture-in-picture; clipboard-write; encrypted-media; web-share\" referrerpolicy=\"strict-origin-when-cross-origin\"><\/iframe>\n<\/div><\/figure>\n<\/div>\n<\/div>\n\n\n\n<div class=\"is-layout-flex wp-container-15 wp-block-columns\"><\/div>\n\n\n\n<div style=\"height:100px\" aria-hidden=\"true\" class=\"wp-block-spacer is-style-large\"><\/div>\n\n\n\n<div class=\"is-layout-constrained wp-block-group alignfull header-with-title-lead-and-shifted-up-content has-light-grey-background-color has-background\">\n<div class=\"is-layout-constrained wp-container-19 wp-block-group title-wrapper has-spacing-bottom\">\n<h2>Voici ce qui t'attend si tu fais ton apprentissage chez Zesar.ch&nbsp;<\/h2>\n\n\n\n<div class=\"is-layout-flex wp-container-18 wp-block-columns\">\n<div class=\"is-layout-flow wp-block-column\">\n<ul class=\"is-style-checkmarks\">\n<li>En tant qu'apprenti(e), tu peux prendre des responsabilit\u00e9s relativement t\u00f4t chez nous. Nous appr\u00e9cions l'initiative personnelle. Implique-toi !&nbsp;<\/li>\n\n\n\n<li>Tu es impliqu\u00e9 socialement. Toi et les autres apprenants participez \u00e0 des excursions en \u00e9quipe et \u00e0 d'autres activit\u00e9s.&nbsp;<\/li>\n\n\n\n<li>Tu seras accompagn\u00e9(e) tout au long de ton apprentissage par un(e) tuteur(trice) d'apprentissage.&nbsp;<\/li>\n\n\n\n<li>Ton apprentissage ne se fera pas en solitaire. Tu fais partie d'un groupe d'apprentis.&nbsp;<\/li>\n<\/ul>\n<\/div>\n\n\n\n<div class=\"is-layout-flow wp-block-column\">\n<ul class=\"is-style-checkmarks\">\n<li>Gr\u00e2ce \u00e0 l'\u00e9troite collaboration avec nos entreprises partenaires ergoexpert et Agytec, tu auras r\u00e9guli\u00e8rement l'occasion de d\u00e9couvrir d'autres entreprises.&nbsp;<\/li>\n\n\n\n<li>Chez nous, tu travailles d\u00e8s le premier jour sur des commandes de clients. Tout ce que tu fais a un sens.&nbsp;<\/li>\n\n\n\n<li>Tu travailles avec des machines modernes \u00e0 des postes de travail ergonomiques.&nbsp;<\/li>\n\n\n\n<li>Notre entreprise fonctionne selon les principes de l'\u00e9conomie circulaire. Tu fais partie de ce concept durable.&nbsp;&nbsp;<\/li>\n<\/ul>\n<\/div>\n<\/div>\n\n\n\n<figure class=\"wp-block-embed is-type-video is-provider-youtube wp-block-embed-youtube wp-embed-aspect-16-9 wp-has-aspect-ratio\"><div class=\"wp-block-embed__wrapper\">\n<iframe loading=\"lazy\" title=\"Alexandre Burdet\" width=\"500\" height=\"281\" src=\"https:\/\/www.youtube.com\/embed\/MSF03OKWgK4?feature=oembed&#038;modestbranding=1&#038;showinfo=0&#038;rel=0\" frameborder=\"0\" allow=\"accelerometer; autoplay; clipboard-write; encrypted-media; gyroscope; picture-in-picture; web-share\" referrerpolicy=\"strict-origin-when-cross-origin\" allowfullscreen><\/iframe>\n<\/div><\/figure>\n<\/div>\n<\/div>\n\n\n\n<div class=\"is-layout-constrained wp-block-group alignfull header-with-title-lead-and-shifted-up-content has-light-grey-background-color has-background\">\n<div class=\"is-layout-constrained wp-container-21 wp-block-group title-wrapper has-spacing-bottom\">\n<h2>Places d'apprentissage vacantes en 2024<\/h2>\n\n\n\n<p>Nous avons les places d'apprentissage suivantes ouvertes en 2023<\/p>\n\n\n\n<ul>\n<li>M\u00e9canicien(ne) de production<\/li>\n\n\n\n<li>Constructeur(trice) d'installations et d'appareils industriels<\/li>\n\n\n\n<li>Constructeur(trice) CFC (non-vacant)<\/li>\n<\/ul>\n<\/div>\n<\/div>\n\n\n\n<div id=\"offene-lehrstellen\" class=\"is-layout-constrained wp-block-group\"><script type=\"text\/javascript\">var gform;gform||(document.addEventListener(\"gform_main_scripts_loaded\",function(){gform.scriptsLoaded=!0}),window.addEventListener(\"DOMContentLoaded\",function(){gform.domLoaded=!0}),gform={domLoaded:!1,scriptsLoaded:!1,initializeOnLoaded:function(o){gform.domLoaded&&gform.scriptsLoaded?o():!gform.domLoaded&&gform.scriptsLoaded?window.addEventListener(\"DOMContentLoaded\",o):document.addEventListener(\"gform_main_scripts_loaded\",o)},hooks:{action:{},filter:{}},addAction:function(o,n,r,t){gform.addHook(\"action\",o,n,r,t)},addFilter:function(o,n,r,t){gform.addHook(\"filter\",o,n,r,t)},doAction:function(o){gform.doHook(\"action\",o,arguments)},applyFilters:function(o){return gform.doHook(\"filter\",o,arguments)},removeAction:function(o,n){gform.removeHook(\"action\",o,n)},removeFilter:function(o,n,r){gform.removeHook(\"filter\",o,n,r)},addHook:function(o,n,r,t,i){null==gform.hooks[o][n]&&(gform.hooks[o][n]=[]);var e=gform.hooks[o][n];null==i&&(i=n+\"_\"+e.length),gform.hooks[o][n].push({tag:i,callable:r,priority:t=null==t?10:t})},doHook:function(n,o,r){var t;if(r=Array.prototype.slice.call(r,1),null!=gform.hooks[n][o]&&((o=gform.hooks[n][o]).sort(function(o,n){return o.priority-n.priority}),o.forEach(function(o){\"function\"!=typeof(t=o.callable)&&(t=window[t]),\"action\"==n?t.apply(null,r):r[0]=t.apply(null,r)})),\"filter\"==n)return r[0]},removeHook:function(o,n,t,i){var r;null!=gform.hooks[o][n]&&(r=(r=gform.hooks[o][n]).filter(function(o,n,r){return!!(null!=i&&i!=o.tag||null!=t&&t!=o.priority)}),gform.hooks[o][n]=r)}});<\/script>\n                <div class='gf_browser_gecko gform_wrapper gravity-theme' id='gform_wrapper_4' ><div id='gf_4' class='gform_anchor' tabindex='-1'><\/div>\n                        <div class='gform_heading'>\n                            <h2 class=\"gform_title\">Candidature \u00e0 une place d'apprentissage\/stage<\/h2>\n                            <span class='gform_description'><\/span>\n                        <\/div><form method='post' enctype='multipart\/form-data' target='gform_ajax_frame_4' id='gform_4'  action='\/fr\/wp-json\/wp\/v2\/pages\/559#gf_4' novalidate data-trp-original-action=\"\/fr\/wp-json\/wp\/v2\/pages\/559#gf_4\">\n                        <div class='gform_body gform-body'><div id='gform_fields_4' class='gform_fields top_label form_sublabel_below description_below'><div id=\"field_4_1\"  class=\"gfield gfield--width-half gfield_contains_required field_sublabel_below field_description_below gfield_visibility_visible form-group\"  data-field-class=\"form-group\" data-js-reload=\"field_4_1\"><label class='gfield_label' for='input_4_1' >Pr\u00e9nom<\/span><\/label><div class='ginput_container ginput_container_text'><input name='input_1' id='input_4_1' type='text' value='' class='large form-control'     aria-required=\"true\" aria-invalid=\"false\"    \/> <\/div><\/div><div id=\"field_4_3\"  class=\"gfield gfield--width-half gfield_contains_required field_sublabel_below field_description_below gfield_visibility_visible form-group\"  data-field-class=\"form-group\" data-js-reload=\"field_4_3\"><label class='gfield_label' for='input_4_3' >Nom<\/span><\/label><div class='ginput_container ginput_container_text'><input name='input_3' id='input_4_3' type='text' value='' class='large form-control'     aria-required=\"true\" aria-invalid=\"false\"    \/> <\/div><\/div><div id=\"field_4_4\"  class=\"gfield gfield--width-half gfield_contains_required field_sublabel_below field_description_below gfield_visibility_visible form-group\"  data-field-class=\"form-group\" data-js-reload=\"field_4_4\"><label class='gfield_label' for='input_4_4' >Adresse e-mail<\/span><\/label><div class='ginput_container ginput_container_email'>\n                            <input name='input_4' id='input_4_4' type='email' value='' class='large form-control'    aria-required=\"true\" aria-invalid=\"false\"   \/>\n                        <\/div><\/div><div id=\"field_4_5\"  class=\"gfield gfield--width-half gfield_contains_required field_sublabel_below field_description_below gfield_visibility_visible form-group\"  data-field-class=\"form-group\" data-js-reload=\"field_4_5\"><label class='gfield_label' for='input_4_5' >T\u00e9l\u00e9phone<\/span><\/label><div class='ginput_container ginput_container_phone'><input name='input_5' id='input_4_5' type='tel' value='' class='large form-control'   aria-required=\"true\" aria-invalid=\"false\"    \/><\/div><\/div><fieldset id=\"field_4_10\"  class=\"gfield gfield--width-full field_sublabel_below field_description_below gfield_visibility_visible form-group\"  data-field-class=\"form-group\" data-js-reload=\"field_4_10\"><legend class='gfield_label'  >Qu'est-ce qui t'int\u00e9resse ? <span class=\"gfield_required\">(en option)<\/span><\/legend><div class='ginput_container ginput_container_radio'><div class='gfield_radio' id='input_4_10'>\n\t\t\t<div class='gchoice form-check gchoice_4_10_0'>\n\t\t\t\t\t<input class=\"form-check-input\" name='input_10' type='radio' value='Schnupperstelle'  id='choice_4_10_0' onchange='gformToggleRadioOther( this )'    \/>\n\t\t\t\t\t<label class=\"form-check-label\" for='choice_4_10_0' id='label_4_10_0'>Stage<\/label>\n\t\t\t<\/div>\n\t\t\t<div class='gchoice form-check gchoice_4_10_1'>\n\t\t\t\t\t<input class=\"form-check-input\" name='input_10' type='radio' value='Lehrstelle'  id='choice_4_10_1' onchange='gformToggleRadioOther( this )'    \/>\n\t\t\t\t\t<label class=\"form-check-label\" for='choice_4_10_1' id='label_4_10_1'>Place d'apprentissage<\/label>\n\t\t\t<\/div><\/div><\/div><\/fieldset><div id=\"field_4_9\"  class=\"gfield gfield--width-full field_sublabel_below field_description_below gfield_visibility_visible form-group\"  data-field-class=\"form-group\" data-js-reload=\"field_4_9\"><label class='gfield_label' for='input_4_9' >Pourquoi veux-tu faire partie de Zesar.ch ? <span class=\"gfield_required\">(en option)<\/span><\/label><div class='ginput_container ginput_container_textarea'><textarea name='input_9' id='input_4_9' class='textarea large form-control'      aria-invalid=\"false\"   rows='10' cols='50'><\/textarea><\/div><\/div><div id=\"field_4_6\"  class=\"gfield gfield--width-half field_sublabel_below field_description_below gfield_visibility_visible form-group\"  data-field-class=\"form-group\" data-js-reload=\"field_4_6\"><label class='gfield_label' for='input_4_6' >Documents <span class=\"gfield_required\">(en option)<\/span><\/label><div class='ginput_container ginput_container_fileupload'><input type='hidden' name='MAX_FILE_SIZE' value='10485760'  class='form-control' \/><input name='input_6' id='input_4_6' type='file' class='large form-control' aria-describedby=\"gfield_upload_rules_4_6\" onchange='javascript:gformValidateFileSize( this, 10485760 );'   \/><span class='gform_fileupload_rules' id='gfield_upload_rules_4_6'>Taille max. des fichiers\u00a0: 10 MB.<\/span><div class='validation_message validation_message--hidden-on-empty' id='live_validation_message_4_6'><\/div><\/div><\/div><div id=\"field_submit\"  class=\"gfield gfield--width-half field_sublabel_below field_description_below gfield_visibility_visible form-group\"  data-field-class=\"gform_editor_submit_container\" data-field-position=\"inline\" data-js-reload=\"true\"><button type='submit' id='gform_submit_button_4' class='wp-block-button wp-block-button--white' value='Senden'  onclick='if(window[\"gf_submitting_4\"]){return false;}  if( !jQuery(\"#gform_4\")[0].checkValidity || jQuery(\"#gform_4\")[0].checkValidity()){window[\"gf_submitting_4\"]=true;}  ' onkeypress='if( event.keyCode == 13 ){ if(window[\"gf_submitting_4\"]){return false;} if( !jQuery(\"#gform_4\")[0].checkValidity || jQuery(\"#gform_4\")[0].checkValidity()){window[\"gf_submitting_4\"]=true;}  jQuery(\"#gform_4\").trigger(\"submit\",[true]); }' \/><span class=\"wp-block-button__link\">Envoyer<\/span><\/button><\/div><\/div><\/div>\n        <div class='gform_footer top_label'>  <input type='hidden' name='gform_ajax' value='form_id=4&amp;title=1&amp;description=1&amp;tabindex=0' \/>\n            <input type='hidden' class='gform_hidden' name='is_submit_4' value='1' \/>\n            <input type='hidden' class='gform_hidden' name='gform_submit' value='4' \/>\n            \n            <input type='hidden' class='gform_hidden' name='gform_unique_id' value='' \/>\n            <input type='hidden' class='gform_hidden' name='state_4' value='WyJ7XCIxMFwiOltcIjcwOTY5YTkwMzYyNjUyYTYzZGE1MTM0ZjkwMTkwNWVhXCIsXCI5NWY4NTM1NGExNjUwNzFiMWI3ZmNhMjdlNDBjY2NiY1wiXX0iLCJlMjZhOWJlYmJiOTM5YTU1MmJhMWFlZWI2NDhkMDNjNCJd' \/>\n            <input type='hidden' class='gform_hidden' name='gform_target_page_number_4' id='gform_target_page_number_4' value='0' \/>\n            <input type='hidden' class='gform_hidden' name='gform_source_page_number_4' id='gform_source_page_number_4' value='1' \/>\n            <input type='hidden' name='gform_field_values' value='' \/>\n            \n        <\/div>\n                        <input type=\"hidden\" name=\"trp-form-language\" value=\"fr\"\/><\/form>\n                        <\/div>\n                <iframe style='display:none;width:0px;height:0px;' src='about:blank' name='gform_ajax_frame_4' id='gform_ajax_frame_4' title='Cette iframe contient la logique n\u00e9cessaire pour manipuler Gravity Forms avec Ajax.'><\/iframe>\n                <script type=\"text\/javascript\">\ngform.initializeOnLoaded( function() {gformInitSpinner( 4, 'https:\/\/zesar.ch\/wp-content\/plugins\/gravityforms\/images\/spinner.svg' );jQuery('#gform_ajax_frame_4').on('load',function(){var contents = jQuery(this).contents().find('*').html();var is_postback = contents.indexOf('GF_AJAX_POSTBACK') >= 0;if(!is_postback){return;}var form_content = jQuery(this).contents().find('#gform_wrapper_4');var is_confirmation = jQuery(this).contents().find('#gform_confirmation_wrapper_4').length > 0;var is_redirect = contents.indexOf('gformRedirect(){') >= 0;var is_form = form_content.length > 0 && ! is_redirect && ! is_confirmation;var mt = parseInt(jQuery('html').css('margin-top'), 10) + parseInt(jQuery('body').css('margin-top'), 10) + 100;if(is_form){jQuery('#gform_wrapper_4').html(form_content.html());if(form_content.hasClass('gform_validation_error')){jQuery('#gform_wrapper_4').addClass('gform_validation_error');} else {jQuery('#gform_wrapper_4').removeClass('gform_validation_error');}setTimeout( function() { \/* delay the scroll by 50 milliseconds to fix a bug in chrome *\/ jQuery(document).scrollTop(jQuery('#gform_wrapper_4').offset().top - mt); }, 50 );if(window['gformInitDatepicker']) {gformInitDatepicker();}if(window['gformInitPriceFields']) {gformInitPriceFields();}var current_page = jQuery('#gform_source_page_number_4').val();gformInitSpinner( 4, 'https:\/\/zesar.ch\/wp-content\/plugins\/gravityforms\/images\/spinner.svg' );jQuery(document).trigger('gform_page_loaded', [4, current_page]);window['gf_submitting_4'] = false;}else if(!is_redirect){var confirmation_content = jQuery(this).contents().find('.GF_AJAX_POSTBACK').html();if(!confirmation_content){confirmation_content = contents;}setTimeout(function(){jQuery('#gform_wrapper_4').replaceWith(confirmation_content);jQuery(document).scrollTop(jQuery('#gf_4').offset().top - mt);jQuery(document).trigger('gform_confirmation_loaded', [4]);window['gf_submitting_4'] = false;wp.a11y.speak(jQuery('#gform_confirmation_message_4').text());}, 50);}else{jQuery('#gform_4').append(contents);if(window['gformRedirect']) {gformRedirect();}}jQuery(document).trigger('gform_post_render', [4, current_page]);} );} );\n<\/script>\n<\/div>\n\n\n\n<h2>Contact<\/h2>\n\n\n\n<p>Vous souhaitez en savoir plus sur nous en tant qu\u2019employeur ou vous avez une question concernant un poste vacant ?<br><\/p>\n\n\n\n<p><strong>Ressources humaines<\/strong><\/p>\n\n\n\n<p><a href=\"mailto:rh@zesar.ch\u00a0\u00a0\">rh@zesar.ch<\/a><\/p>\n\n\n\n<p><a href=\"http:\/\/+41%2032%20482%2068%2001\/\" data-type=\"URL\" data-id=\"http:\/\/+41%2032%20482%2068%2001\/\">+41 32 482 68 01<\/a><\/p>\n\n\n\n<p><\/p>","protected":false},"excerpt":{"rendered":"<p>Deine Lehrstellen bei Zesar.ch&nbsp; Bei uns kannst du viel lernen und fr\u00fch Verantwortung \u00fcbernehmen. Willst du Deine Lehre in einem Schweizer Unternehmen machen, das mit moderner Technik unter anderem den Arbeitsplatz der Zukunft gestaltet?&nbsp;Nutze die Chance und gestalte deine Zukunft mit uns. Offene Lehrstellen 2025 Entdecken Sie die Lehrstellen, welche wir anbieten. Produktionsmechaniker:in&nbsp; Als Produktionsmechaniker:in [&hellip;]<\/p>","protected":false},"author":1,"featured_media":0,"parent":439,"menu_order":0,"comment_status":"closed","ping_status":"closed","template":"","meta":[],"acf":[],"_links":{"self":[{"href":"https:\/\/zesar.ch\/fr\/wp-json\/wp\/v2\/pages\/559"}],"collection":[{"href":"https:\/\/zesar.ch\/fr\/wp-json\/wp\/v2\/pages"}],"about":[{"href":"https:\/\/zesar.ch\/fr\/wp-json\/wp\/v2\/types\/page"}],"author":[{"embeddable":true,"href":"https:\/\/zesar.ch\/fr\/wp-json\/wp\/v2\/users\/1"}],"replies":[{"embeddable":true,"href":"https:\/\/zesar.ch\/fr\/wp-json\/wp\/v2\/comments?post=559"}],"version-history":[{"count":58,"href":"https:\/\/zesar.ch\/fr\/wp-json\/wp\/v2\/pages\/559\/revisions"}],"predecessor-version":[{"id":11077,"href":"https:\/\/zesar.ch\/fr\/wp-json\/wp\/v2\/pages\/559\/revisions\/11077"}],"up":[{"embeddable":true,"href":"https:\/\/zesar.ch\/fr\/wp-json\/wp\/v2\/pages\/439"}],"wp:attachment":[{"href":"https:\/\/zesar.ch\/fr\/wp-json\/wp\/v2\/media?parent=559"}],"curies":[{"name":"wp","href":"https:\/\/api.w.org\/{rel}","templated":true}]}}