{"id":437,"date":"2022-09-28T13:04:07","date_gmt":"2022-09-28T11:04:07","guid":{"rendered":"https:\/\/zesar.dev.hayloft-it.ch\/?page_id=437"},"modified":"2025-09-30T15:47:01","modified_gmt":"2025-09-30T13:47:01","slug":"industrie","status":"publish","type":"page","link":"https:\/\/zesar.ch\/fr\/industrie\/","title":{"rendered":"Meubles pour l'industrie"},"content":{"rendered":"<div class=\"is-layout-constrained wp-block-group alignfull header-with-cover-and-sidebar\">\n<div class=\"is-layout-constrained wp-block-group alignfull has-grey-to-light-grey-gradient-background has-background\">\n<div class=\"wp-block-cover alignwide is-light\"><span aria-hidden=\"true\" class=\"wp-block-cover__background has-background-dim-0 has-background-dim\"><\/span><img data-dominant-color=\"999491\" data-has-transparency=\"false\" style=\"--dominant-color: #999491;\" decoding=\"async\" loading=\"lazy\" width=\"2400\" height=\"838\" class=\"not-transparent wp-block-cover__image-background wp-image-6453\" alt=\"\" src=\"https:\/\/zesar.ch\/wp-content\/uploads\/2023\/01\/zesar-moebel-industrie-technik-1-jpg.webp\" data-object-fit=\"cover\" srcset=\"https:\/\/zesar.ch\/wp-content\/uploads\/2023\/01\/zesar-moebel-industrie-technik-1-jpg.webp 2400w, https:\/\/zesar.ch\/wp-content\/uploads\/2023\/01\/zesar-moebel-industrie-technik-1-300x105.webp 300w, https:\/\/zesar.ch\/wp-content\/uploads\/2023\/01\/zesar-moebel-industrie-technik-1-1024x358.webp 1024w, https:\/\/zesar.ch\/wp-content\/uploads\/2023\/01\/zesar-moebel-industrie-technik-1-768x268.webp 768w, https:\/\/zesar.ch\/wp-content\/uploads\/2023\/01\/zesar-moebel-industrie-technik-1-1536x536.webp 1536w, https:\/\/zesar.ch\/wp-content\/uploads\/2023\/01\/zesar-moebel-industrie-technik-1-2048x715.webp 2048w, https:\/\/zesar.ch\/wp-content\/uploads\/2023\/01\/zesar-moebel-industrie-technik-1-18x6.webp 18w, https:\/\/zesar.ch\/wp-content\/uploads\/2023\/01\/zesar-moebel-industrie-technik-1-350x122.webp 350w, https:\/\/zesar.ch\/wp-content\/uploads\/2023\/01\/zesar-moebel-industrie-technik-1-600x210.webp 600w\" sizes=\"(max-width: 2400px) 100vw, 2400px\" \/><div class=\"wp-block-cover__inner-container\">\n<p class=\"has-text-align-center has-large-font-size\"><\/p>\n<\/div><\/div>\n\n\n\n<div class=\"is-layout-constrained wp-container-4 wp-block-group alignfull has-grey-to-light-grey-gradient-background has-background\">\n<h1>Mobilier et solutions de postes de travail pour l'industrie<\/h1>\n\n\n\n<p>L\u2019une des principales forces de Zesar.ch est la fabrication de solutions de postes de travail pour l'industrie. L'humain est toujours au centre de nos pr\u00e9occupations : nos meubles ergonomiques rendent le travail contraignant plus agr\u00e9able, soutiennent la sant\u00e9 de vos collaborateurs et augmentent ainsi, en passant, la productivit\u00e9 de votre entreprise.&nbsp;<\/p>\n\n\n\n<p><strong>Gr\u00e2ce \u00e0 notre propre production, nous vous offrons une flexibilit\u00e9 sup\u00e9rieure \u00e0 la moyenne en termes d'ex\u00e9cution, de forme, de couleur et de dimensions.&nbsp;&nbsp;<\/strong><\/p>\n\n\n\n<p>Nos sp\u00e9cialistes se feront un plaisir de vous conseiller dans votre choix. Comme base pour votre solution individuelle, nous disposons d\u00e9j\u00e0 d\u2019un grand nombre de modules standardis\u00e9s. Si n\u00e9cessaire, nous planifions vos meubles d\u00e8s le premier coup de crayon et produisons un prototype avec vous. Apr\u00e8s une phase de test, votre solution est produite en s\u00e9rie. Nous maintenons ainsi les co\u00fbts de votre poste de travail individuel et ergonomique \u00e0 un bas niveau.&nbsp;&nbsp;<\/p>\n\n\n\n<div style=\"height:100px\" aria-hidden=\"true\" class=\"wp-block-spacer\"><\/div>\n\n\n\n<div class=\"is-layout-flex wp-container-3 wp-block-columns\">\n<div class=\"is-layout-flow wp-block-column\" style=\"flex-basis:66.66%\">\n<iframe src=\"https:\/\/www.unserebroschuere.ch\/video\/E57646692?ap=false\" scrolling=\"no\" frameborder=\"no\" style=\"width: 100%; aspect-ratio: 16\/9; min-height: 200px; border: none;\" allowfullscreen=\"\"><\/iframe>\n<\/div>\n\n\n\n<div class=\"is-layout-flow wp-block-column\" style=\"flex-basis:33.33%\">\n<figure class=\"wp-block-image size-full\"><a href=\"https:\/\/www.unserebroschuere.ch\/NEW_WORK\/WebView\/\" target=\"_blank\" rel=\"noreferrer noopener\"><img data-dominant-color=\"7d7979\" data-has-transparency=\"false\" style=\"--dominant-color: #7d7979;\" decoding=\"async\" loading=\"lazy\" width=\"400\" height=\"566\" src=\"https:\/\/zesar.ch\/wp-content\/uploads\/2024\/11\/frontpage-flip-1-jpg.webp\" alt=\"\" class=\"not-transparent wp-image-9901\" srcset=\"https:\/\/zesar.ch\/wp-content\/uploads\/2024\/11\/frontpage-flip-1-jpg.webp 400w, https:\/\/zesar.ch\/wp-content\/uploads\/2024\/11\/frontpage-flip-1-212x300.webp 212w, https:\/\/zesar.ch\/wp-content\/uploads\/2024\/11\/frontpage-flip-1-8x12.webp 8w, https:\/\/zesar.ch\/wp-content\/uploads\/2024\/11\/frontpage-flip-1-350x495.webp 350w\" sizes=\"(max-width: 400px) 100vw, 400px\" \/><\/a><\/figure>\n<\/div>\n<\/div>\n\n\n\n<div style=\"height:100px\" aria-hidden=\"true\" class=\"wp-block-spacer is-style-large\"><\/div>\n\n\n\n<h2 class=\"has-medium-large-font-size\">Processus en 5 points - de l'id\u00e9e \u00e0 la production en s\u00e9rie&nbsp;&nbsp;<\/h2>\n\n\n\n<p>Gr\u00e2ce \u00e0 notre processus innovant en 5 points, quelques mois seulement s'\u00e9coulent entre l'analyse et la production.&nbsp;<\/p>\n\n\n\n<ul class=\"is-style-chained\">\n<li><strong>Analyse<\/strong><br>Vos besoins sont d\u00e9termin\u00e9s lors d'un entretien personnel. Diff\u00e9rentes positions de travail peuvent \u00eatre test\u00e9es et \u00e9valu\u00e9es sur notre simulateur de poste de travail.&nbsp;<\/li>\n\n\n\n<li><strong>Prototype<\/strong><br>Un premier prototype est cr\u00e9\u00e9 sur la base de l'analyse.<\/li>\n\n\n\n<li><strong>Test<\/strong><br>Le prototype est ensuite test\u00e9 par vos soins. Vous transmettez vos r\u00e9sultats \u00e0 Zesar.ch.&nbsp;<\/li>\n\n\n\n<li><strong>Optimisation<\/strong><br>Si n\u00e9cessaire, le prototype est adapt\u00e9 en fonction de vos commentaires.<\/li>\n\n\n\n<li><strong>Production en s\u00e9rie<\/strong><br>Apr\u00e8s un dernier contr\u00f4le, la production peut \u00eatre lanc\u00e9e.<br><br><\/li>\n<\/ul>\n<\/div>\n<\/div>\n<\/div>\n\n\n\n<div class=\"is-layout-flow wp-block-group alignwide has-white-background-color has-background\">\n<div class=\"is-nowrap is-layout-flex wp-container-7 wp-block-group alignwide teasers-with-icon\"><div class=\"wp-block-teaser-with-icon has-background has-white-background-color\">\n    <article>\n        <figure>\n            <i class=\"icon icon-Leistungen\"><\/i>\n            <figcaption>\n                <h3>Prestations<\/h3>\n                <p>D\u00e9couvrez nos services dans le domaine de l'industrie.<\/p>\n                <div class=\"wp-block-buttons\">\n                    <div class=\"wp-block-button is-style-small\">\n                        <a class=\"wp-block-button__link stretched-link\" href=\"https:\/\/zesar.ch\/fr\/industrie\/prestations-industrie\/\" target=\"_self\">Prestations Industrie<\/a>\n                    <\/div>\n                <\/div>\n            <\/figcaption>\n        <\/figure>\n    <\/article>\n<\/div>\n\n<div class=\"wp-block-teaser-with-icon has-background has-white-background-color\">\n    <article>\n        <figure>\n            <i class=\"icon icon-Loesungen\"><\/i>\n            <figcaption>\n                <h3>Solutions<\/h3>\n                <p>Des solutions individuelles adapt\u00e9es \u00e0 votre entreprise et \u00e0 vos besoins.<\/p>\n                <div class=\"wp-block-buttons\">\n                    <div class=\"wp-block-button is-style-small\">\n                        <a class=\"wp-block-button__link stretched-link\" href=\"https:\/\/zesar.ch\/fr\/industrie\/solutions-industrie\/\" target=\"_self\">vers les solutions<\/a>\n                    <\/div>\n                <\/div>\n            <\/figcaption>\n        <\/figure>\n    <\/article>\n<\/div>\n\n<div class=\"wp-block-teaser-with-icon has-background has-white-background-color\">\n    <article>\n        <figure>\n            <i class=\"icon icon-Referenzen\"><\/i>\n            <figcaption>\n                <h3>R\u00e9f\u00e9rences<\/h3>\n                <p>Laissez-vous convaincre et inspirer par nos projets.<\/p>\n                <div class=\"wp-block-buttons\">\n                    <div class=\"wp-block-button is-style-small\">\n                        <a class=\"wp-block-button__link stretched-link\" href=\"https:\/\/zesar.ch\/fr\/industrie\/referenzen\/\" target=\"_self\">voir les r\u00e9f\u00e9rences<\/a>\n                    <\/div>\n                <\/div>\n            <\/figcaption>\n        <\/figure>\n    <\/article>\n<\/div>\n\n<div class=\"wp-block-teaser-with-icon has-background has-white-background-color\">\n    <article>\n        <figure>\n            <i class=\"icon icon-Produktsortiment-Industrie\"><\/i>\n            <figcaption>\n                <h3>Gamme de produits Industrie<\/h3>\n                <p>D\u00e9couvrez la diversit\u00e9 de notre offre.<\/p>\n                <div class=\"wp-block-buttons\">\n                    <div class=\"wp-block-button is-style-small\">\n                        <a class=\"wp-block-button__link stretched-link\" href=\"https:\/\/zesar.ch\/fr\/categorie-produit\/industrie\/\" target=\"_self\">d\u00e9couvrez les produits<\/a>\n                    <\/div>\n                <\/div>\n            <\/figcaption>\n        <\/figure>\n    <\/article>\n<\/div><\/div>\n<\/div>\n\n\n\n<div class=\"is-layout-constrained wp-block-group alignfull has-grey-to-light-grey-gradient-background has-background\">\n<div class=\"is-nowrap is-layout-flex wp-container-12 wp-block-group\">\n<div class=\"is-layout-flow wp-block-group incrementing-number\">\n<h6>100%<\/h6>\n\n\n\n<h4>Qualit\u00e9 suisse<\/h4>\n<\/div>\n\n\n\n<div class=\"is-layout-flow wp-block-group incrementing-number\">\n<h6>&gt;90%<\/h6>\n\n\n\n<h4>Taux d'int\u00e9gration verticale<\/h4>\n<\/div>\n\n\n\n<div class=\"is-layout-flow wp-block-group incrementing-number\">\n<h6>100%<\/h6>\n\n\n\n<h4>Respect du d\u00e9lai de livraison<\/h4>\n<\/div>\n<\/div>\n<\/div>\n\n\n\n<div class=\"is-layout-constrained wp-block-group alignfull has-white-background-color has-background\">\n<div class=\"is-layout-constrained wp-container-14 wp-block-group\">\n<h2>Postes de travail manuel personnalis\u00e9s<\/h2>\n\n\n\n<p class=\"has-medium-font-size\">Dans de nombreuses branches, il existe des activit\u00e9s qui doivent \u00eatre effectu\u00e9es \u00e0 la main et qui n\u00e9cessitent une position contraignante. \u00c0 la longue, celles-ci entra\u00eenent des probl\u00e8mes de sant\u00e9. Avec nos postes de travail manuels individuels, nous proposons une solution ergonomique. Vos collaborateurs sont soutenus dans leur travail gr\u00e2ce \u00e0 un am\u00e9nagement optimis\u00e9 pour la branche. Les surfaces de travail r\u00e9glables en hauteur soulagent la colonne vert\u00e9brale et les articulations. Les machines et les appareils peuvent \u00eatre positionn\u00e9s efficacement et int\u00e9gr\u00e9s dans l'am\u00e9nagement. Cela permet d'optimiser la logistique sur le lieu de travail et d'augmenter la productivit\u00e9, dans l'esprit du lean management. Un \u00e9clairage ad\u00e9quat m\u00e9nage les yeux et le mat\u00e9riel. L'int\u00e9gration d'\u00e9crans ou d'autres \u00e9l\u00e9ments num\u00e9riques ne pose aucun probl\u00e8me.<\/p>\n<\/div>\n\n\n\n<div class=\"wp-block-media-text is-stacked-on-mobile\"><figure class=\"wp-block-media-text__media\" data-no-zoom=\"true\"><img data-dominant-color=\"a19289\" data-has-transparency=\"false\" style=\"--dominant-color: #a19289;\" decoding=\"async\" src=\"https:\/\/zesar.ch\/wp-content\/uploads\/2022\/10\/MG_6042.jpg\" alt=\"\" class=\"not-transparent wp-image-1237 size-full\"\/><\/figure><div class=\"wp-block-media-text__content\">\n<ul class=\"is-style-checkmarks\">\n<li>Efficace - Une combinaison astucieuse des besoins de l'homme et de la machine. <\/li>\n\n\n\n<li>Sain - Bonne posture gr\u00e2ce \u00e0 un poste de travail ergonomique <\/li>\n\n\n\n<li>Polyvalent - Grand choix de syst\u00e8mes modulaires et flexibilit\u00e9 en termes d'ex\u00e9cution, de forme, de couleur et de dimensions <\/li>\n\n\n\n<li>Rapide - Mise en \u0153uvre rapide de l'id\u00e9e \u00e0 la solution <\/li>\n\n\n\n<li>Proche - Production \u00e0 Tavannes (BE) &amp; stock sur place <\/li>\n\n\n\n<li>Personnel - suivi individuel par des conseillers et conseill\u00e8res exp\u00e9riment\u00e9s<\/li>\n<\/ul>\n<\/div><\/div>\n<\/div>\n\n\n\n<div class=\"is-layout-constrained wp-block-group alignfull has-grey-to-light-grey-gradient-background has-background\">\n<div class=\"is-layout-flow wp-block-group title-with-lead-and-button\">\n<h2>R\u00e9f\u00e9rences<\/h2>\n\n\n\n<div class=\"is-content-justification-space-between is-nowrap is-layout-flex wp-container-17 wp-block-group\">\n<p class=\"has-medium-font-size\">Ces derni\u00e8res ann\u00e9es, nous avons pu r\u00e9aliser de nombreux projets passionnants avec nos produits et services.<\/p>\n\n\n\n<div class=\"is-content-justification-right is-layout-flex wp-container-16 wp-block-buttons\">\n<div class=\"wp-block-button\"><a class=\"wp-block-button__link wp-element-button\" href=\"https:\/\/zesar.ch\/fr\/bildung\/referenzen\/\">Nos r\u00e9f\u00e9rences.<\/a><\/div>\n<\/div>\n<\/div>\n<\/div>\n\n\n<div class=\"wp-block-references alignwide\">\n            <a href=\"https:\/\/zesar.ch\/fr\/referenz\/hinter-den-kulissen-bei-tag-heuer\/\" class=\"post-8801 reference type-reference status-publish has-post-thumbnail hentry reference_cat-industrie\" data-categories=\"industrie\">\n    <article>\n        <div class=\"image-wrapper\">\n            <img width=\"858\" height=\"644\" src=\"https:\/\/zesar.ch\/wp-content\/uploads\/2023\/11\/Tag-Heuer-jpg.webp\" class=\"attachment-large size-large not-transparent wp-post-image\" alt=\"\" decoding=\"async\" loading=\"lazy\" srcset=\"https:\/\/zesar.ch\/wp-content\/uploads\/2023\/11\/Tag-Heuer-jpg.webp 858w, https:\/\/zesar.ch\/wp-content\/uploads\/2023\/11\/Tag-Heuer-300x225.webp 300w, https:\/\/zesar.ch\/wp-content\/uploads\/2023\/11\/Tag-Heuer-768x576.webp 768w, https:\/\/zesar.ch\/wp-content\/uploads\/2023\/11\/Tag-Heuer-16x12.webp 16w, https:\/\/zesar.ch\/wp-content\/uploads\/2023\/11\/Tag-Heuer-350x263.webp 350w, https:\/\/zesar.ch\/wp-content\/uploads\/2023\/11\/Tag-Heuer-600x450.webp 600w\" sizes=\"(max-width: 858px) 100vw, 858px\" data-has-transparency=\"false\" data-dominant-color=\"878074\" style=\"--dominant-color: #878074;\" \/>        <\/div>\n        <h4>Dans les coulisses de TAG Heuer<\/h4>\n        <p class=\"excerpt\">TAG Heuer - un nom qui est depuis longtemps synonyme d'\u00e9l\u00e9gance intemporelle et de pr\u00e9cision dans le monde des chronographes de luxe. Il y a environ trois ans, la marque horlog\u00e8re a introduit une technologie innovante dans ses processus de formation et de perfectionnement : l'airtime Studio. <\/p>\n        <div class=\"wp-block-buttons\">\n            <div class=\"wp-block-button is-style-small\">\n                <span class=\"wp-block-button__link\">Referenz ansehen<\/span>\n            <\/div>\n        <\/div>\n    <\/article>\n<\/a>            <a href=\"https:\/\/zesar.ch\/fr\/referenz\/innovative-videoloesung-mittels-airtime-studio\/\" class=\"post-8792 reference type-reference status-publish has-post-thumbnail hentry reference_cat-bildung reference_cat-industrie\" data-categories=\"bildung industrie\">\n    <article>\n        <div class=\"image-wrapper\">\n            <img width=\"1024\" height=\"574\" src=\"https:\/\/zesar.ch\/wp-content\/uploads\/2024\/03\/Bildschirmfoto-2024-03-05-um-14.37.25-1024x574.png\" class=\"attachment-large size-large has-transparency wp-post-image\" alt=\"\" decoding=\"async\" loading=\"lazy\" srcset=\"https:\/\/zesar.ch\/wp-content\/uploads\/2024\/03\/Bildschirmfoto-2024-03-05-um-14.37.25-1024x574.png 1024w, https:\/\/zesar.ch\/wp-content\/uploads\/2024\/03\/Bildschirmfoto-2024-03-05-um-14.37.25-300x168.png 300w, https:\/\/zesar.ch\/wp-content\/uploads\/2024\/03\/Bildschirmfoto-2024-03-05-um-14.37.25-768x431.png 768w, https:\/\/zesar.ch\/wp-content\/uploads\/2024\/03\/Bildschirmfoto-2024-03-05-um-14.37.25-1536x861.png 1536w, https:\/\/zesar.ch\/wp-content\/uploads\/2024\/03\/Bildschirmfoto-2024-03-05-um-14.37.25-2048x1148.png 2048w, https:\/\/zesar.ch\/wp-content\/uploads\/2024\/03\/Bildschirmfoto-2024-03-05-um-14.37.25-18x10.png 18w, https:\/\/zesar.ch\/wp-content\/uploads\/2024\/03\/Bildschirmfoto-2024-03-05-um-14.37.25-350x196.png 350w, https:\/\/zesar.ch\/wp-content\/uploads\/2024\/03\/Bildschirmfoto-2024-03-05-um-14.37.25-600x336.png 600w\" sizes=\"(max-width: 1024px) 100vw, 1024px\" data-has-transparency=\"true\" data-dominant-color=\"a4958d\" style=\"--dominant-color: #a4958d;\" \/>        <\/div>\n        <h4>Une solution vid\u00e9o innovante gr\u00e2ce \u00e0 l\u2019airtime Studio<\/h4>\n        <p class=\"excerpt\">Depuis sa cr\u00e9ation en juillet 2011, VisioCoaching s'est fait un nom en tant que sp\u00e9cialiste de la formation continue personnelle et professionnelle, du d\u00e9veloppement et de l'\u00e9valuation. Avec pour objectif principal de permettre des formations initiales, des reconversions et\/ou des embauches sur le march\u00e9 du travail, l'entreprise apporte une contribution importante \u00e0 la formation et \u00e0 l'int\u00e9gration. Une vision et une mission qui correspondent parfaitement \u00e0 l'entreprise Zesar.ch.<\/p>\n        <div class=\"wp-block-buttons\">\n            <div class=\"wp-block-button is-style-small\">\n                <span class=\"wp-block-button__link\">Referenz ansehen<\/span>\n            <\/div>\n        <\/div>\n    <\/article>\n<\/a>            <a href=\"https:\/\/zesar.ch\/fr\/referenz\/der-einzigartige-tisch-im-grand-chasseral\/\" class=\"post-8789 reference type-reference status-publish has-post-thumbnail hentry reference_cat-industrie\" data-categories=\"industrie\">\n    <article>\n        <div class=\"image-wrapper\">\n            <img width=\"1024\" height=\"726\" src=\"https:\/\/zesar.ch\/wp-content\/uploads\/2024\/07\/tisch-grand-chasseral-1024x726.webp\" class=\"attachment-large size-large not-transparent wp-post-image\" alt=\"\" decoding=\"async\" loading=\"lazy\" srcset=\"https:\/\/zesar.ch\/wp-content\/uploads\/2024\/07\/tisch-grand-chasseral-1024x726.webp 1024w, https:\/\/zesar.ch\/wp-content\/uploads\/2024\/07\/tisch-grand-chasseral-300x213.webp 300w, https:\/\/zesar.ch\/wp-content\/uploads\/2024\/07\/tisch-grand-chasseral-768x544.webp 768w, https:\/\/zesar.ch\/wp-content\/uploads\/2024\/07\/tisch-grand-chasseral-1536x1088.webp 1536w, https:\/\/zesar.ch\/wp-content\/uploads\/2024\/07\/tisch-grand-chasseral-18x12.webp 18w, https:\/\/zesar.ch\/wp-content\/uploads\/2024\/07\/tisch-grand-chasseral-350x248.webp 350w, https:\/\/zesar.ch\/wp-content\/uploads\/2024\/07\/tisch-grand-chasseral-600x425.webp 600w, https:\/\/zesar.ch\/wp-content\/uploads\/2024\/07\/tisch-grand-chasseral-jpg.webp 1702w\" sizes=\"(max-width: 1024px) 100vw, 1024px\" data-has-transparency=\"false\" data-dominant-color=\"afaba6\" style=\"--dominant-color: #afaba6;\" \/>        <\/div>\n        <h4>La table unique du Grand Chasseral<\/h4>\n        <p class=\"excerpt\">La somptueuse table de conf\u00e9rence issue d\u2019un arbre qui a grandi sur les hauteurs de Tramelan.<\/p>\n        <div class=\"wp-block-buttons\">\n            <div class=\"wp-block-button is-style-small\">\n                <span class=\"wp-block-button__link\">Referenz ansehen<\/span>\n            <\/div>\n        <\/div>\n    <\/article>\n<\/a>    <\/div>\n<\/div>\n\n\n\n<div class=\"is-layout-constrained wp-block-group alignwide contact-persons\">\n<div class=\"is-layout-constrained wp-block-group\">\n<h2>Pouvons-nous \u00e9galement \u00e9quiper vos locaux ?<\/h2>\n\n\n\n<p class=\"has-medium-font-size\">Notre \u00e9quipe se tient \u00e0 votre disposition pour r\u00e9pondre \u00e0 vos questions.<\/p>\n<\/div>\n\n\n\n<div style=\"height:100px\" aria-hidden=\"true\" class=\"wp-block-spacer\"><\/div>\n\n\n\n<div class=\"is-layout-constrained wp-block-group alignwide\">\n<h3>Vos contacts<\/h3>\n\n\n<div id=\"block_7b9a2282558ae98b5a7fee53e232db05\" class=\"wp-block-employees alignwide\">\n            <article class=\"post-10917 employee type-employee status-publish hentry department-verkauf employee_cat-ansprechpartner-industrie\" data-categories=\"verkauf\">\n    <div class=\"image-wrapper\">\n        <img width=\"1024\" height=\"741\" src=\"https:\/\/zesar.ch\/wp-content\/uploads\/2025\/09\/v3_Hajda_Astrit_2025_Portrait_ZesarCH_Web-1024x741.png\" class=\"attachment-large size-large not-transparent\" alt=\"\" decoding=\"async\" loading=\"lazy\" srcset=\"https:\/\/zesar.ch\/wp-content\/uploads\/2025\/09\/v3_Hajda_Astrit_2025_Portrait_ZesarCH_Web-1024x741.png 1024w, https:\/\/zesar.ch\/wp-content\/uploads\/2025\/09\/v3_Hajda_Astrit_2025_Portrait_ZesarCH_Web-300x217.png 300w, https:\/\/zesar.ch\/wp-content\/uploads\/2025\/09\/v3_Hajda_Astrit_2025_Portrait_ZesarCH_Web-768x556.png 768w, https:\/\/zesar.ch\/wp-content\/uploads\/2025\/09\/v3_Hajda_Astrit_2025_Portrait_ZesarCH_Web-18x12.png 18w, https:\/\/zesar.ch\/wp-content\/uploads\/2025\/09\/v3_Hajda_Astrit_2025_Portrait_ZesarCH_Web-350x253.png 350w, https:\/\/zesar.ch\/wp-content\/uploads\/2025\/09\/v3_Hajda_Astrit_2025_Portrait_ZesarCH_Web-600x434.png 600w, https:\/\/zesar.ch\/wp-content\/uploads\/2025\/09\/v3_Hajda_Astrit_2025_Portrait_ZesarCH_Web.png 1080w\" sizes=\"(max-width: 1024px) 100vw, 1024px\" data-has-transparency=\"false\" data-dominant-color=\"cfc9c3\" style=\"--dominant-color: #cfc9c3;\" \/>    <\/div>\n    <div class=\"data-wrapper\">\n        <strong>\n            Astrit Hajda                    <\/strong>\n                    <span class=\"responsibility\">Conseiller de vente \u2013 Industrie \u2013 Romandie<\/span>\n                            <footer class=\"contact\">\n                                    <a href=\"mailto:astrit.hajda@zesar.ch\" class=\"email\">astrit.hajda@zesar.ch<\/a>\n                                                    <a href=\"tel:079 901 25 45\" class=\"phone\">079 901 25 45<\/a>\n                            <\/footer>\n            <\/div>\n<\/article>            <article class=\"post-717 employee type-employee status-publish hentry department-geschaeftsleitung department-verkauf employee_cat-ansprechpartner-bildung employee_cat-ansprechpartner-industrie\" data-categories=\"geschaeftsleitung verkauf\">\n    <div class=\"image-wrapper\">\n        <img width=\"1024\" height=\"741\" src=\"https:\/\/zesar.ch\/wp-content\/uploads\/2022\/10\/Philippe-lehmann-1-1024x741.png\" class=\"attachment-large size-large has-transparency\" alt=\"\" decoding=\"async\" loading=\"lazy\" srcset=\"https:\/\/zesar.ch\/wp-content\/uploads\/2022\/10\/Philippe-lehmann-1-1024x741.png 1024w, https:\/\/zesar.ch\/wp-content\/uploads\/2022\/10\/Philippe-lehmann-1-300x217.png 300w, https:\/\/zesar.ch\/wp-content\/uploads\/2022\/10\/Philippe-lehmann-1-768x556.png 768w, https:\/\/zesar.ch\/wp-content\/uploads\/2022\/10\/Philippe-lehmann-1-18x12.png 18w, https:\/\/zesar.ch\/wp-content\/uploads\/2022\/10\/Philippe-lehmann-1-350x253.png 350w, https:\/\/zesar.ch\/wp-content\/uploads\/2022\/10\/Philippe-lehmann-1-600x434.png 600w, https:\/\/zesar.ch\/wp-content\/uploads\/2022\/10\/Philippe-lehmann-1.png 1080w\" sizes=\"(max-width: 1024px) 100vw, 1024px\" data-has-transparency=\"true\" data-dominant-color=\"b9b0a9\" style=\"--dominant-color: #b9b0a9;\" \/>    <\/div>\n    <div class=\"data-wrapper\">\n        <strong>\n            Philippe Lehmann                            <span class=\"position\">Membre de la direction<span>\n                    <\/strong>\n                    <span class=\"responsibility\">Responsable des ventes - Suisse romande &amp; Haut-Valais<\/span>\n                            <footer class=\"contact\">\n                                    <a href=\"mailto:philippe.lehmann@zesar.ch\" class=\"email\">philippe.lehmann@zesar.ch<\/a>\n                                                    <a href=\"tel:079 100 23 23\" class=\"phone\">079 100 23 23<\/a>\n                            <\/footer>\n            <\/div>\n<\/article>    <\/div><\/div>\n\n\n\n<div class=\"is-layout-constrained wp-block-group hide-on-desktop is-style-box has-white-background-color has-background\">\n<h4 class=\"has-primary-color has-text-color\">Visio-conf\u00e9rence<\/h4>\n\n\n\n<p>Nous pouvons aussi nous rencontrer virtuellement.<\/p>\n\n\n\n<div class=\"is-layout-flex wp-block-buttons\">\n<div class=\"wp-block-button is-style-small\"><a class=\"wp-block-button__link wp-element-button\" href=\"\/fr\/\">Planifier un rendez-vous<\/a><\/div>\n<\/div>\n<\/div>\n<\/div>","protected":false},"excerpt":{"rendered":"<p>Mobiliar und Arbeitsplatzl\u00f6sungen f\u00fcr die Industrie Eine grosse St\u00e4rke von Zesar.ch ist die Herstellung von Arbeitsplatzl\u00f6sungen f\u00fcr die Industrie. Dabei steht der Mensch immer im Zentrum: Unsere ergonomischen M\u00f6bel machen die Arbeit in Zwangshaltung angenehmer, unterst\u00fctzen die Gesundheit Ihrer Mitarbeitenden und steigern so, ganz nebenbei, die Produktivit\u00e4t Ihres Betriebs.&nbsp; Dank unserer eigenen Produktion bieten wir [&hellip;]<\/p>","protected":false},"author":1,"featured_media":0,"parent":0,"menu_order":0,"comment_status":"closed","ping_status":"closed","template":"","meta":[],"acf":[],"_links":{"self":[{"href":"https:\/\/zesar.ch\/fr\/wp-json\/wp\/v2\/pages\/437"}],"collection":[{"href":"https:\/\/zesar.ch\/fr\/wp-json\/wp\/v2\/pages"}],"about":[{"href":"https:\/\/zesar.ch\/fr\/wp-json\/wp\/v2\/types\/page"}],"author":[{"embeddable":true,"href":"https:\/\/zesar.ch\/fr\/wp-json\/wp\/v2\/users\/1"}],"replies":[{"embeddable":true,"href":"https:\/\/zesar.ch\/fr\/wp-json\/wp\/v2\/comments?post=437"}],"version-history":[{"count":43,"href":"https:\/\/zesar.ch\/fr\/wp-json\/wp\/v2\/pages\/437\/revisions"}],"predecessor-version":[{"id":9982,"href":"https:\/\/zesar.ch\/fr\/wp-json\/wp\/v2\/pages\/437\/revisions\/9982"}],"wp:attachment":[{"href":"https:\/\/zesar.ch\/fr\/wp-json\/wp\/v2\/media?parent=437"}],"curies":[{"name":"wp","href":"https:\/\/api.w.org\/{rel}","templated":true}]}}