{"id":3,"date":"2022-09-16T07:42:30","date_gmt":"2022-09-16T05:42:30","guid":{"rendered":"https:\/\/zesar.dev.hayloft-it.ch\/?page_id=3"},"modified":"2022-10-23T09:11:50","modified_gmt":"2022-10-23T07:11:50","slug":"impressum-datenschutz","status":"publish","type":"page","link":"https:\/\/zesar.ch\/fr\/impressum-confidentialite\/","title":{"rendered":"Mentions l\u00e9gales &amp; protection des donn\u00e9es"},"content":{"rendered":"<h2>Mentions l\u00e9gales et protection des donn\u00e9es<\/h2>\n\n\n\n<div class=\"is-layout-flex wp-container-4 wp-block-columns\">\n<div class=\"is-layout-flow wp-block-column\">\n<p>Responsable du contenu<\/p>\n\n\n\n<p><strong>Zesar.ch SA<br><\/strong>Rue de la Dout 11<br>CH-2710 Tavannes<br><a href=\"mailto:info@zesar.ch\">info@zesar.ch<\/a><\/p>\n<\/div>\n\n\n\n<div class=\"is-layout-flow wp-block-column\">\n<p>Concept, design et suivi<\/p>\n\n\n\n<p><strong>nuvio Werbeagentur GmbH<\/strong><br>Emmenhofstrasse 4<br>4552 Derendingen<br><a rel=\"noreferrer noopener\" href=\"https:\/\/www.nuvio-gmbh.ch\/\" target=\"_blank\">www.nuvio-gmbh.ch<\/a><\/p>\n<\/div>\n\n\n\n<div class=\"is-layout-flow wp-block-column\">\n<p>Mise en \u0153uvre du site web<\/p>\n\n\n\n<p><strong>Hayloft-IT GmbH<\/strong><br>Bahnhofstrasse 50<br>5507 Mellingen<br><a href=\"https:\/\/www.hayloft-it.ch\/\" data-type=\"URL\" data-id=\"https:\/\/www.hayloft-it.ch\/\">www.hayloft.ch<\/a><\/p>\n<\/div>\n<\/div>\n\n\n\n<p><strong>Collecte, traitement et utilisation des donn\u00e9es \u00e0 caract\u00e8re personnel<\/strong><br>Nous ne collectons aucune donn\u00e9e personnelle lors de votre visite sur ce site. Les donn\u00e9es personnelles ne sont collect\u00e9es que si vous nous les communiquez vous-m\u00eame via notre formulaire de contact. Ces donn\u00e9es sont utilis\u00e9es exclusivement pour r\u00e9pondre \u00e0 votre demande et sont ensuite supprim\u00e9es.<\/p>\n\n\n\n<p><strong>Remarque g\u00e9n\u00e9rale<\/strong><br>En vertu de l'article 13 de la Constitution f\u00e9d\u00e9rale suisse et des dispositions f\u00e9d\u00e9rales relatives \u00e0 la protection des donn\u00e9es (loi sur la protection des donn\u00e9es, LPD), toute personne a droit \u00e0 la protection de sa sph\u00e8re priv\u00e9e ainsi qu'\u00e0 la protection contre l'emploi abusif de ses donn\u00e9es personnelles. Les exploitants de ces pages prennent la protection de vos donn\u00e9es personnelles tr\u00e8s au s\u00e9rieux. Nous traitons vos donn\u00e9es personnelles de mani\u00e8re confidentielle et conform\u00e9ment aux dispositions l\u00e9gales en mati\u00e8re de protection des donn\u00e9es ainsi qu'\u00e0 la pr\u00e9sente d\u00e9claration de protection des donn\u00e9es. En collaboration avec nos fournisseurs d'h\u00e9bergement, nous nous effor\u00e7ons de prot\u00e9ger autant que possible les bases de donn\u00e9es contre les acc\u00e8s \u00e9trangers, les pertes, les abus ou les falsifications. Nous attirons votre attention sur le fait que la transmission de donn\u00e9es sur Internet (par ex. lors de la communication par e-mail) peut pr\u00e9senter des failles de s\u00e9curit\u00e9. Une protection compl\u00e8te des donn\u00e9es contre l'acc\u00e8s par des tiers n'est pas possible. En utilisant ce site web, vous acceptez la collecte, le traitement et l'utilisation des donn\u00e9es conform\u00e9ment \u00e0 la description ci-dessous. Ce site web peut en principe \u00eatre visit\u00e9 sans enregistrement. Des donn\u00e9es telles que les pages appel\u00e9es ou le nom du fichier consult\u00e9, la date et l'heure sont enregistr\u00e9es sur le serveur \u00e0 des fins statistiques, sans que ces donn\u00e9es ne soient directement li\u00e9es \u00e0 votre personne. Les donn\u00e9es personnelles, en particulier le nom, l'adresse ou l'adresse e-mail, sont collect\u00e9es, dans la mesure du possible, sur une base volontaire. Sans votre consentement, ces donn\u00e9es ne sont pas transmises \u00e0 des tiers.<\/p>\n\n\n\n<p><strong>D\u00e9claration de confidentialit\u00e9 pour les cookies<\/strong><br>Ce site web utilise des cookies. Il s'agit de petits fichiers texte qui permettent d'enregistrer sur le terminal de l'utilisateur des informations sp\u00e9cifiques \u00e0 ce dernier lorsqu'il utilise le site web. Les cookies permettent notamment de d\u00e9terminer la fr\u00e9quence d'utilisation et le nombre d'utilisateurs des pages, d'analyser les comportements d'utilisation des pages, mais aussi de concevoir notre offre de mani\u00e8re plus conviviale. Les cookies restent enregistr\u00e9s apr\u00e8s la fin d'une session de navigation et peuvent \u00eatre consult\u00e9s lors d'une nouvelle visite du site. Si vous ne le souhaitez pas, vous devez configurer votre navigateur Internet de mani\u00e8re \u00e0 ce qu'il refuse les cookies. Il est possible de s'opposer de mani\u00e8re g\u00e9n\u00e9rale \u00e0 l'utilisation des cookies utilis\u00e9s \u00e0 des fins de marketing en ligne pour un grand nombre de services, en particulier dans le cas du tracking, via le site am\u00e9ricain&nbsp;<a href=\"http:\/\/www.aboutads.info\/choices\/\" target=\"_blank\" rel=\"noreferrer noopener\">http:\/\/www.aboutads.info\/choices\/<\/a>&nbsp;oder die EU-Seite&nbsp;<a href=\"https:\/\/www.youronlinechoices.com\/\" target=\"_blank\" rel=\"noreferrer noopener\">http:\/\/www.youronlinechoices.com\/<\/a>&nbsp;erkl\u00e4rt werden. Des Weiteren kann die Speicherung von Cookies mittels deren Abschaltung in den Einstellungen des Browsers erreicht werden. Bitte beachten Sie, dass dann gegebenenfalls nicht alle Funktionen dieses Onlineangebotes genutzt werden k\u00f6nnen.<\/p>\n\n\n\n<p><strong>D\u00e9claration de confidentialit\u00e9 pour le cryptage SSL\/TLS<\/strong><br>Pour des raisons de s\u00e9curit\u00e9 et pour prot\u00e9ger la transmission de contenus confidentiels, comme par exemple les demandes que vous nous envoyez en tant qu'exploitant du site, ce site utilise un cryptage SSL\/TLS. Vous reconnaissez une connexion crypt\u00e9e au fait que la ligne d'adresse du navigateur passe de \"http:\/\/\" \u00e0 \"https:\/\/\" et au symbole du cadenas dans la ligne de votre navigateur. Si le cryptage SSL ou TLS est activ\u00e9, les donn\u00e9es que vous nous transmettez ne peuvent pas \u00eatre lues par des tiers.<\/p>\n\n\n\n<p><strong>YouTube<\/strong><br>Ce site web utilise des plugins du site YouTube exploit\u00e9 par Google. L'exploitant de ces pages est YouTube, LLC, 901 Cherry Ave., San Bruno, CA 94066, USA. Lorsque tu visites l'une de nos pages \u00e9quip\u00e9es d'un plug-in YouTube, une connexion est \u00e9tablie avec les serveurs de YouTube. Le serveur YouTube est alors inform\u00e9 des pages que tu as visit\u00e9es. Si tu es connect\u00e9 \u00e0 ton compte YouTube, tu permets \u00e0 YouTube d'associer directement ton comportement de navigation \u00e0 ton profil personnel. Tu peux emp\u00eacher cela en te d\u00e9connectant de ton compte YouTube. L'utilisation de YouTube se fait dans l'int\u00e9r\u00eat d'une pr\u00e9sentation attrayante de nos offres en ligne. Cela constitue un int\u00e9r\u00eat l\u00e9gitime au sens de l'article 6, paragraphe 1, point f) du RGPD. Tu trouveras de plus amples informations sur le traitement des donn\u00e9es des utilisateurs dans la d\u00e9claration de protection des donn\u00e9es de YouTube sous :\u00a0<a rel=\"noreferrer noopener\" href=\"https:\/\/www.google.de\/intl\/de\/policies\/privacy\" target=\"_blank\">https:\/\/www.google.de\/intl\/de\/policies\/privacy<\/a>.<\/p>\n\n\n\n<p><strong>Droit de propri\u00e9t\u00e9<\/strong><br>Zesar.ch SA est propri\u00e9taire de tous les droits, titres et int\u00e9r\u00eats sur le site www.zesar.ch et\/ou propri\u00e9taire du contenu et des applications sur le site.<\/p>\n\n\n\n<p><strong>Modifications<\/strong><br>Nous pouvons adapter cette d\u00e9claration de protection des donn\u00e9es \u00e0 tout moment et sans pr\u00e9avis. La version actuelle publi\u00e9e sur notre site web fait foi. Si la d\u00e9claration de protection des donn\u00e9es fait partie d'un accord avec vous, nous vous informerons de la modification par e-mail ou par tout autre moyen appropri\u00e9 en cas de mise \u00e0 jour.<\/p>","protected":false},"excerpt":{"rendered":"<p>Impressum und Datenschutz Verantwortlich f\u00fcr den Inhalt Zesar.ch AGRue de la Dout 11CH-2710 Tavannesinfo@zesar.ch Konzept, Design und Betreuung nuvio Werbeagentur GmbHEmmenhofstrasse 44552 Derendingenwww.nuvio-gmbh.ch Umsetzung Website Hayloft-IT GmbHBahnhofstrasse 505507 Mellingenwww.hayloft.ch Erhebung, Verarbeitung und Nutzung personenbezogener DatenBei einem Besuch dieser Website erheben wir keine personenbezogenen Daten von Ihnen. Personenbezogene Daten werden nur erhoben, wenn Sie uns diese [&hellip;]<\/p>","protected":false},"author":1,"featured_media":0,"parent":0,"menu_order":0,"comment_status":"closed","ping_status":"closed","template":"","meta":[],"acf":[],"_links":{"self":[{"href":"https:\/\/zesar.ch\/fr\/wp-json\/wp\/v2\/pages\/3"}],"collection":[{"href":"https:\/\/zesar.ch\/fr\/wp-json\/wp\/v2\/pages"}],"about":[{"href":"https:\/\/zesar.ch\/fr\/wp-json\/wp\/v2\/types\/page"}],"author":[{"embeddable":true,"href":"https:\/\/zesar.ch\/fr\/wp-json\/wp\/v2\/users\/1"}],"replies":[{"embeddable":true,"href":"https:\/\/zesar.ch\/fr\/wp-json\/wp\/v2\/comments?post=3"}],"version-history":[{"count":4,"href":"https:\/\/zesar.ch\/fr\/wp-json\/wp\/v2\/pages\/3\/revisions"}],"predecessor-version":[{"id":3019,"href":"https:\/\/zesar.ch\/fr\/wp-json\/wp\/v2\/pages\/3\/revisions\/3019"}],"wp:attachment":[{"href":"https:\/\/zesar.ch\/fr\/wp-json\/wp\/v2\/media?parent=3"}],"curies":[{"name":"wp","href":"https:\/\/api.w.org\/{rel}","templated":true}]}}