{"id":2510,"date":"2022-10-14T14:33:08","date_gmt":"2022-10-14T12:33:08","guid":{"rendered":"https:\/\/zesar.dev.hayloft-it.ch\/?page_id=2510"},"modified":"2024-10-07T12:31:24","modified_gmt":"2024-10-07T10:31:24","slug":"leistungen-industrie","status":"publish","type":"page","link":"https:\/\/zesar.ch\/fr\/industrie\/prestations-industrie\/","title":{"rendered":"Prestations Industrie"},"content":{"rendered":"<div class=\"wp-block-media-text alignwide has-media-on-the-right is-stacked-on-mobile is-vertically-aligned-top header-with-title-lead-and-image\"><div class=\"wp-block-media-text__content\">\n<h1>Nos services dans le domaine de l'industrie&nbsp;<\/h1>\n\n\n\n<p>Profitez de nos connaissances approfondies en mati\u00e8re d'ing\u00e9nierie, d'ergonomie, de mat\u00e9riaux et de technique et b\u00e9n\u00e9ficiez de synergies uniques avec les techniques de fabrication les plus modernes.  <\/p>\n<\/div><figure class=\"wp-block-media-text__media\" data-no-zoom=\"true\"><img data-dominant-color=\"93959e\" data-has-transparency=\"false\" style=\"--dominant-color: #93959e;\" decoding=\"async\" src=\"https:\/\/zesar.ch\/wp-content\/uploads\/2022\/10\/mo\u0308bel-industrie-zesar.ch_.jpg\" alt=\"\" class=\"not-transparent wp-image-3226 size-full\"\/><\/figure><\/div>\n\n\n\n<div class=\"is-layout-constrained wp-block-group alignfull has-grey-to-light-grey-gradient-background has-background\"><div class=\"wp-block-services alignwide\">\n            <article class=\"post-2682 service type-service status-publish hentry service_cat-industrie\">\n    <i class=\"wp-block-icon icon icon-umfassendes-Know-How\"><\/i>\n    <h4>Un savoir-faire complet savoir-faire<\/h4>\n    <p class=\"excerpt\">Zesar.ch SA, Ergoexpert SA et Agytec SA travaillent ensemble en tant que groupe sous un m\u00eame toit. Vous b\u00e9n\u00e9ficiez d'un savoir-faire en mati\u00e8re d'ergonomie, de mat\u00e9riaux et de technique. Nous pouvons vous offrir une comp\u00e9tence num\u00e9rique gr\u00e2ce \u00e0 notre actionnariat \u00e0 l'entreprise airtime.<\/p>\n<\/article>            <article class=\"post-2688 service type-service status-publish hentry service_cat-industrie\">\n    <i class=\"wp-block-icon icon icon-persoenlicher-Kontakt\"><\/i>\n    <h4>Contact personnel<\/h4>\n    <p class=\"excerpt\">Nous vous garantissons le meilleur suivi possible par une personne de contact personnelle. Elle s'occupe de votre projet de A \u00e0 Z et se tient \u00e0 votre disposition pour r\u00e9pondre \u00e0 vos questions.<\/p>\n<\/article>            <article class=\"post-2686 service type-service status-publish hentry service_cat-industrie\">\n    <i class=\"wp-block-icon icon icon-Nachlieferung-Ersatzteile\"><\/i>\n    <h4>Livraison ult\u00e9rieure et pi\u00e8ces de rechange<\/h4>\n    <p class=\"excerpt\">Vous avez command\u00e9 un poste de travail en moins ? Pas de probl\u00e8me, nous livrons \u00e9galement des pi\u00e8ces individuelles. Tous les \u00e9l\u00e9ments de nos installations et meubles peuvent \u00eatre remplac\u00e9s individuellement. Les pi\u00e8ces de rechange sont stock\u00e9es chez nous \u00e0 Tavannes et sont livr\u00e9es rapidement.<\/p>\n<\/article>            <article class=\"post-2690 service type-service status-publish hentry service_cat-industrie\">\n    <i class=\"wp-block-icon icon icon-Nachhaltigkeit\"><\/i>\n    <h4>Durabilit\u00e9<\/h4>\n    <p class=\"excerpt\">Pour zesar.ch, l'\u00e9conomie circulaire est la priorit\u00e9 absolue. Nos produits et services doivent \u00eatre durables au maximum. Les meubles mis au rebut re\u00e7oivent une seconde vie par le biais d'\u0153uvres de bienfaisance ou sont recycl\u00e9s dans notre entreprise.<\/p>\n<\/article>            <article class=\"post-2684 service type-service status-publish hentry service_cat-industrie\">\n    <i class=\"wp-block-icon icon icon-Lieferung-Installation\"><\/i>\n    <h4>Livraison et installation<\/h4>\n    <p class=\"excerpt\">Nous veillons personnellement \u00e0 ce que votre commande soit livr\u00e9e dans les d\u00e9lais. Nous transportons vos nouveaux postes de travail avec nos propres v\u00e9hicules, prot\u00e9g\u00e9s par des couvertures r\u00e9utilisables, jusqu'\u00e0 votre entreprise. L\u00e0, nous nous chargeons de l'installation pour vous.<\/p>\n<\/article>            <article class=\"post-2680 service type-service status-publish hentry service_cat-industrie\">\n    <i class=\"wp-block-icon icon icon-Herstellung\"><\/i>\n    <h4>Fabrication<\/h4>\n    <p class=\"excerpt\">De la planification \u00e0 la fabrication, nos postes de travail et \u00e9quipements ergonomiques sont fabriqu\u00e9s \u00e0 Tavannes (BE).<\/p>\n<\/article>            <article class=\"post-2678 service type-service status-publish hentry service_cat-industrie\">\n    <i class=\"wp-block-icon icon icon-Analyse-Beratung\"><\/i>\n    <h4>Analyse et conseil<\/h4>\n    <p class=\"excerpt\">Chaque entreprise industrielle a des besoins diff\u00e9rents. Afin de trouver la meilleure solution d'avenir pour vous, nos sp\u00e9cialistes se rendent sur place pour se faire une id\u00e9e de votre situation.<\/p>\n<\/article>    <\/div><\/div>\n\n\n\n<div class=\"is-layout-constrained wp-block-group alignwide contact-persons\">\n<div class=\"is-layout-constrained wp-block-group\">\n<h2>Pouvons-nous \u00e9galement \u00e9quiper vos locaux ?<\/h2>\n\n\n\n<p class=\"has-medium-font-size\">Notre \u00e9quipe se tient \u00e0 votre disposition pour r\u00e9pondre \u00e0 vos questions.<\/p>\n<\/div>\n\n\n\n<div style=\"height:100px\" aria-hidden=\"true\" class=\"wp-block-spacer\"><\/div>\n\n\n\n<div class=\"is-layout-constrained wp-block-group alignwide\">\n<h3>Vos contacts<\/h3>\n\n\n<div id=\"block_36eaff8fea6eb2408850251ea40e7ded\" class=\"wp-block-employees alignwide\">\n            <article class=\"post-10917 employee type-employee status-publish hentry department-verkauf employee_cat-ansprechpartner-industrie\" data-categories=\"verkauf\">\n    <div class=\"image-wrapper\">\n        <img width=\"1024\" height=\"741\" src=\"https:\/\/zesar.ch\/wp-content\/uploads\/2025\/09\/v3_Hajda_Astrit_2025_Portrait_ZesarCH_Web-1024x741.png\" class=\"attachment-large size-large not-transparent\" alt=\"\" decoding=\"async\" loading=\"lazy\" srcset=\"https:\/\/zesar.ch\/wp-content\/uploads\/2025\/09\/v3_Hajda_Astrit_2025_Portrait_ZesarCH_Web-1024x741.png 1024w, https:\/\/zesar.ch\/wp-content\/uploads\/2025\/09\/v3_Hajda_Astrit_2025_Portrait_ZesarCH_Web-300x217.png 300w, https:\/\/zesar.ch\/wp-content\/uploads\/2025\/09\/v3_Hajda_Astrit_2025_Portrait_ZesarCH_Web-768x556.png 768w, https:\/\/zesar.ch\/wp-content\/uploads\/2025\/09\/v3_Hajda_Astrit_2025_Portrait_ZesarCH_Web-18x12.png 18w, https:\/\/zesar.ch\/wp-content\/uploads\/2025\/09\/v3_Hajda_Astrit_2025_Portrait_ZesarCH_Web-350x253.png 350w, https:\/\/zesar.ch\/wp-content\/uploads\/2025\/09\/v3_Hajda_Astrit_2025_Portrait_ZesarCH_Web-600x434.png 600w, https:\/\/zesar.ch\/wp-content\/uploads\/2025\/09\/v3_Hajda_Astrit_2025_Portrait_ZesarCH_Web.png 1080w\" sizes=\"(max-width: 1024px) 100vw, 1024px\" data-has-transparency=\"false\" data-dominant-color=\"cfc9c3\" style=\"--dominant-color: #cfc9c3;\" \/>    <\/div>\n    <div class=\"data-wrapper\">\n        <strong>\n            Astrit Hajda                    <\/strong>\n                    <span class=\"responsibility\">Conseiller de vente \u2013 Industrie \u2013 Romandie<\/span>\n                            <footer class=\"contact\">\n                                    <a href=\"mailto:astrit.hajda@zesar.ch\" class=\"email\">astrit.hajda@zesar.ch<\/a>\n                                                    <a href=\"tel:079 901 25 45\" class=\"phone\">079 901 25 45<\/a>\n                            <\/footer>\n            <\/div>\n<\/article>            <article class=\"post-717 employee type-employee status-publish hentry department-geschaeftsleitung department-verkauf employee_cat-ansprechpartner-bildung employee_cat-ansprechpartner-industrie\" data-categories=\"geschaeftsleitung verkauf\">\n    <div class=\"image-wrapper\">\n        <img width=\"1024\" height=\"741\" src=\"https:\/\/zesar.ch\/wp-content\/uploads\/2022\/10\/Philippe-lehmann-1-1024x741.png\" class=\"attachment-large size-large has-transparency\" alt=\"\" decoding=\"async\" loading=\"lazy\" srcset=\"https:\/\/zesar.ch\/wp-content\/uploads\/2022\/10\/Philippe-lehmann-1-1024x741.png 1024w, https:\/\/zesar.ch\/wp-content\/uploads\/2022\/10\/Philippe-lehmann-1-300x217.png 300w, https:\/\/zesar.ch\/wp-content\/uploads\/2022\/10\/Philippe-lehmann-1-768x556.png 768w, https:\/\/zesar.ch\/wp-content\/uploads\/2022\/10\/Philippe-lehmann-1-18x12.png 18w, https:\/\/zesar.ch\/wp-content\/uploads\/2022\/10\/Philippe-lehmann-1-350x253.png 350w, https:\/\/zesar.ch\/wp-content\/uploads\/2022\/10\/Philippe-lehmann-1-600x434.png 600w, https:\/\/zesar.ch\/wp-content\/uploads\/2022\/10\/Philippe-lehmann-1.png 1080w\" sizes=\"(max-width: 1024px) 100vw, 1024px\" data-has-transparency=\"true\" data-dominant-color=\"b9b0a9\" style=\"--dominant-color: #b9b0a9;\" \/>    <\/div>\n    <div class=\"data-wrapper\">\n        <strong>\n            Philippe Lehmann                            <span class=\"position\">Membre de la direction<span>\n                    <\/strong>\n                    <span class=\"responsibility\">Responsable des ventes - Suisse romande &amp; Haut-Valais<\/span>\n                            <footer class=\"contact\">\n                                    <a href=\"mailto:philippe.lehmann@zesar.ch\" class=\"email\">philippe.lehmann@zesar.ch<\/a>\n                                                    <a href=\"tel:079 100 23 23\" class=\"phone\">079 100 23 23<\/a>\n                            <\/footer>\n            <\/div>\n<\/article>    <\/div><\/div>\n\n\n\n<div class=\"is-layout-constrained wp-block-group hide-on-desktop is-style-box has-white-background-color has-background\">\n<h4 class=\"has-primary-color has-text-color\">Visio-conf\u00e9rence<\/h4>\n\n\n\n<p>Nous pouvons aussi nous rencontrer virtuellement.<\/p>\n\n\n\n<div class=\"is-layout-flex wp-block-buttons\">\n<div class=\"wp-block-button is-style-small\"><a class=\"wp-block-button__link wp-element-button\" href=\"\/fr\/\">Planifier un rendez-vous<\/a><\/div>\n<\/div>\n<\/div>\n<\/div>","protected":false},"excerpt":{"rendered":"<p>Unsere Leistungen im Bereich Industrie&nbsp; Profitieren Sie von unserem umfassenden Fachwissen zu Engineering, Ergonomie, Materialien und Technik und nutzen Sie die einzigartigen Synergien mit modernsten Fertigungstechniken.<\/p>","protected":false},"author":16,"featured_media":0,"parent":437,"menu_order":0,"comment_status":"closed","ping_status":"closed","template":"","meta":[],"acf":[],"_links":{"self":[{"href":"https:\/\/zesar.ch\/fr\/wp-json\/wp\/v2\/pages\/2510"}],"collection":[{"href":"https:\/\/zesar.ch\/fr\/wp-json\/wp\/v2\/pages"}],"about":[{"href":"https:\/\/zesar.ch\/fr\/wp-json\/wp\/v2\/types\/page"}],"author":[{"embeddable":true,"href":"https:\/\/zesar.ch\/fr\/wp-json\/wp\/v2\/users\/16"}],"replies":[{"embeddable":true,"href":"https:\/\/zesar.ch\/fr\/wp-json\/wp\/v2\/comments?post=2510"}],"version-history":[{"count":16,"href":"https:\/\/zesar.ch\/fr\/wp-json\/wp\/v2\/pages\/2510\/revisions"}],"predecessor-version":[{"id":9714,"href":"https:\/\/zesar.ch\/fr\/wp-json\/wp\/v2\/pages\/2510\/revisions\/9714"}],"up":[{"embeddable":true,"href":"https:\/\/zesar.ch\/fr\/wp-json\/wp\/v2\/pages\/437"}],"wp:attachment":[{"href":"https:\/\/zesar.ch\/fr\/wp-json\/wp\/v2\/media?parent=2510"}],"curies":[{"name":"wp","href":"https:\/\/api.w.org\/{rel}","templated":true}]}}