{"id":2471,"date":"2022-10-14T14:18:23","date_gmt":"2022-10-14T12:18:23","guid":{"rendered":"https:\/\/zesar.dev.hayloft-it.ch\/?page_id=2471"},"modified":"2022-10-20T11:46:24","modified_gmt":"2022-10-20T09:46:24","slug":"die-zesar-ch-labels","status":"publish","type":"page","link":"https:\/\/zesar.ch\/fr\/points-forts\/die-zesar-ch-labels\/","title":{"rendered":"Die Zesar.ch Label"},"content":{"rendered":"<div class=\"is-layout-constrained wp-container-1 wp-block-group alignfull\">\n<h1>Die Zesar.ch Label<\/h1>\n\n\n\n<p>Um unseren Kunden die Wahl des geeigneten M\u00f6belst\u00fccks zu erleichtern, haben wir drei Labels entwickelt.<br>Jedes steht f\u00fcr ein bestimmtes Produktmerkmal, welches gegen\u00fcber den anderen M\u00f6belst\u00fccken einen<br>Vorteil f\u00fcr Sie darstellt. Sie finden die Labels jeweils auf den Produktseiten.<\/p>\n<\/div>\n\n\n\n<div class=\"is-layout-constrained wp-block-group alignfull has-grey-to-light-grey-gradient-background has-background\">\n<div class=\"is-layout-constrained wp-container-2 wp-block-group alignwide\">\n<div class=\"wp-block-media-text alignwide is-stacked-on-mobile is-vertically-aligned-top\" style=\"grid-template-columns:35% auto\"><figure class=\"wp-block-media-text__media\" data-no-zoom=\"true\"><img decoding=\"async\" src=\"https:\/\/zesar.ch\/wp-content\/uploads\/2022\/10\/zesar-label-ergonomie.svg\" alt=\"\" class=\"wp-image-2539 size-full\"\/><\/figure><div class=\"wp-block-media-text__content\">\n<h2>Das Ergonomie-Label<\/h2>\n\n\n\n<p class=\"has-medium-font-size\">Diese M\u00f6bel sind ergonomisch besonders empfehlenswert und<br>wurden von einem Ergonomie-Ingenieur mitentwickelt.<\/p>\n<\/div><\/div>\n\n\n\n<div class=\"wp-block-media-text alignwide is-stacked-on-mobile is-vertically-aligned-top\" style=\"grid-template-columns:35% auto\"><figure class=\"wp-block-media-text__media\" data-no-zoom=\"true\"><img decoding=\"async\" src=\"https:\/\/zesar.ch\/wp-content\/uploads\/2022\/10\/zesar-label-komfort.svg\" alt=\"\" class=\"wp-image-2540 size-full\"\/><\/figure><div class=\"wp-block-media-text__content\">\n<h2>Das Komfort-Label<\/h2>\n\n\n\n<p class=\"has-medium-font-size\">Jedes dieser M\u00f6belst\u00fccke bietet einen grossen Komfort.<\/p>\n<\/div><\/div>\n\n\n\n<div class=\"wp-block-media-text alignwide is-stacked-on-mobile is-vertically-aligned-top\" style=\"grid-template-columns:35% auto\"><figure class=\"wp-block-media-text__media\" data-no-zoom=\"true\"><img decoding=\"async\" src=\"https:\/\/zesar.ch\/wp-content\/uploads\/2022\/10\/zesar-label-praktisch.svg\" alt=\"\" class=\"wp-image-2537 size-full\"\/><\/figure><div class=\"wp-block-media-text__content\">\n<h2>Das Praktisch-Label<\/h2>\n\n\n\n<p class=\"has-medium-font-size\">Diese Artikel bieten Ihnen in der t\u00e4glichen Benutzung Erleichterung im<br>Umgang mit den M\u00f6beln, wie z.B. Pulte mit Rollen, stapelbare St\u00fchle etc.<\/p>\n<\/div><\/div>\n<\/div>\n<\/div>\n\n\n\n<div class=\"is-layout-constrained wp-block-group alignwide contact-persons\">\n<div class=\"is-layout-constrained wp-block-group\">\n<h2>Pouvons-nous \u00e9galement \u00e9quiper vos locaux ?<\/h2>\n\n\n\n<p class=\"has-medium-font-size\">Notre \u00e9quipe se tient \u00e0 votre disposition pour r\u00e9pondre \u00e0 vos questions.<\/p>\n<\/div>\n\n\n\n<div style=\"height:100px\" aria-hidden=\"true\" class=\"wp-block-spacer\"><\/div>\n\n\n\n<div class=\"is-layout-constrained wp-block-group alignwide\">\n<h3>Vos contacts<\/h3>\n\n\n<div id=\"block_1b56694e0ac3369aa1e9976b6fb79fde\" class=\"wp-block-employees alignwide\">\n            <article class=\"post-721 employee type-employee status-publish hentry department-verkauf employee_cat-ansprechpartner-bildung\" data-categories=\"verkauf\">\n    <div class=\"image-wrapper\">\n        <img width=\"1024\" height=\"741\" src=\"https:\/\/zesar.ch\/wp-content\/uploads\/2022\/10\/Czemp-1024x741.png\" class=\"attachment-large size-large not-transparent\" alt=\"\" decoding=\"async\" loading=\"lazy\" srcset=\"https:\/\/zesar.ch\/wp-content\/uploads\/2022\/10\/Czemp-1024x741.png 1024w, https:\/\/zesar.ch\/wp-content\/uploads\/2022\/10\/Czemp-350x253.png 350w, https:\/\/zesar.ch\/wp-content\/uploads\/2022\/10\/Czemp-600x434.png 600w, https:\/\/zesar.ch\/wp-content\/uploads\/2022\/10\/Czemp-300x217.png 300w, https:\/\/zesar.ch\/wp-content\/uploads\/2022\/10\/Czemp-768x556.png 768w, https:\/\/zesar.ch\/wp-content\/uploads\/2022\/10\/Czemp-18x12.png 18w, https:\/\/zesar.ch\/wp-content\/uploads\/2022\/10\/Czemp.png 1080w\" sizes=\"(max-width: 1024px) 100vw, 1024px\" data-has-transparency=\"false\" data-dominant-color=\"cdc6c0\" style=\"--dominant-color: #cdc6c0;\" \/>    <\/div>\n    <div class=\"data-wrapper\">\n        <strong>\n            Christof Zemp                    <\/strong>\n                    <span class=\"responsibility\">Conseiller de vente \u2013 Suisse al\u00e9manique - Est, Nord-Est et Suisse centrale<\/span>\n                            <footer class=\"contact\">\n                                    <a href=\"mailto:christof.zemp@zesar.ch\" class=\"email\">christof.zemp@zesar.ch<\/a>\n                                                    <a href=\"tel:079 100 41 41\" class=\"phone\">079 100 41 41<\/a>\n                            <\/footer>\n            <\/div>\n<\/article>            <article class=\"post-717 employee type-employee status-publish hentry department-geschaeftsleitung department-verkauf employee_cat-ansprechpartner-bildung employee_cat-ansprechpartner-industrie\" data-categories=\"geschaeftsleitung verkauf\">\n    <div class=\"image-wrapper\">\n        <img width=\"1024\" height=\"741\" src=\"https:\/\/zesar.ch\/wp-content\/uploads\/2022\/10\/Philippe-lehmann-1-1024x741.png\" class=\"attachment-large size-large has-transparency\" alt=\"\" decoding=\"async\" loading=\"lazy\" srcset=\"https:\/\/zesar.ch\/wp-content\/uploads\/2022\/10\/Philippe-lehmann-1-1024x741.png 1024w, https:\/\/zesar.ch\/wp-content\/uploads\/2022\/10\/Philippe-lehmann-1-300x217.png 300w, https:\/\/zesar.ch\/wp-content\/uploads\/2022\/10\/Philippe-lehmann-1-768x556.png 768w, https:\/\/zesar.ch\/wp-content\/uploads\/2022\/10\/Philippe-lehmann-1-18x12.png 18w, https:\/\/zesar.ch\/wp-content\/uploads\/2022\/10\/Philippe-lehmann-1-350x253.png 350w, https:\/\/zesar.ch\/wp-content\/uploads\/2022\/10\/Philippe-lehmann-1-600x434.png 600w, https:\/\/zesar.ch\/wp-content\/uploads\/2022\/10\/Philippe-lehmann-1.png 1080w\" sizes=\"(max-width: 1024px) 100vw, 1024px\" data-has-transparency=\"true\" data-dominant-color=\"b9b0a9\" style=\"--dominant-color: #b9b0a9;\" \/>    <\/div>\n    <div class=\"data-wrapper\">\n        <strong>\n            Philippe Lehmann                            <span class=\"position\">Membre de la direction<span>\n                    <\/strong>\n                    <span class=\"responsibility\">Responsable des ventes - Suisse romande &amp; Haut-Valais<\/span>\n                            <footer class=\"contact\">\n                                    <a href=\"mailto:philippe.lehmann@zesar.ch\" class=\"email\">philippe.lehmann@zesar.ch<\/a>\n                                                    <a href=\"tel:079 100 23 23\" class=\"phone\">079 100 23 23<\/a>\n                            <\/footer>\n            <\/div>\n<\/article>            <article class=\"post-8767 employee type-employee status-publish hentry department-verkauf employee_cat-ansprechpartner-bildung\" data-categories=\"verkauf\">\n    <div class=\"image-wrapper\">\n        <img width=\"1024\" height=\"741\" src=\"https:\/\/zesar.ch\/wp-content\/uploads\/2024\/08\/xavier-pillonel.png\" class=\"attachment-large size-large not-transparent\" alt=\"\" decoding=\"async\" loading=\"lazy\" srcset=\"https:\/\/zesar.ch\/wp-content\/uploads\/2024\/08\/xavier-pillonel.png 1024w, https:\/\/zesar.ch\/wp-content\/uploads\/2024\/08\/xavier-pillonel-300x217.png 300w, https:\/\/zesar.ch\/wp-content\/uploads\/2024\/08\/xavier-pillonel-768x556.png 768w, https:\/\/zesar.ch\/wp-content\/uploads\/2024\/08\/xavier-pillonel-18x12.png 18w, https:\/\/zesar.ch\/wp-content\/uploads\/2024\/08\/xavier-pillonel-350x253.png 350w, https:\/\/zesar.ch\/wp-content\/uploads\/2024\/08\/xavier-pillonel-600x434.png 600w\" sizes=\"(max-width: 1024px) 100vw, 1024px\" data-has-transparency=\"false\" data-dominant-color=\"bcb7b4\" style=\"--dominant-color: #bcb7b4;\" \/>    <\/div>\n    <div class=\"data-wrapper\">\n        <strong>\n            Xavier Pillonel                    <\/strong>\n                    <span class=\"responsibility\">Conseiller de vente - mobilier scolaire - Cantons de Gen\u00e8ve et Vaud<\/span>\n                            <footer class=\"contact\">\n                                    <a href=\"mailto:xavier.pillonel@zesar.ch\" class=\"email\">xavier.pillonel@zesar.ch<\/a>\n                                                    <a href=\"tel:079 175 89 29\" class=\"phone\">079 175 89 29<\/a>\n                            <\/footer>\n            <\/div>\n<\/article>            <article class=\"post-715 employee type-employee status-publish hentry department-verkauf employee_cat-ansprechpartner-bildung\" data-categories=\"verkauf\">\n    <div class=\"image-wrapper\">\n        <img width=\"1024\" height=\"741\" src=\"https:\/\/zesar.ch\/wp-content\/uploads\/2022\/10\/Anita-Althaus-1024x741.png\" class=\"attachment-large size-large not-transparent\" alt=\"\" decoding=\"async\" loading=\"lazy\" srcset=\"https:\/\/zesar.ch\/wp-content\/uploads\/2022\/10\/Anita-Althaus-1024x741.png 1024w, https:\/\/zesar.ch\/wp-content\/uploads\/2022\/10\/Anita-Althaus-350x253.png 350w, https:\/\/zesar.ch\/wp-content\/uploads\/2022\/10\/Anita-Althaus-600x434.png 600w, https:\/\/zesar.ch\/wp-content\/uploads\/2022\/10\/Anita-Althaus-300x217.png 300w, https:\/\/zesar.ch\/wp-content\/uploads\/2022\/10\/Anita-Althaus-768x556.png 768w, https:\/\/zesar.ch\/wp-content\/uploads\/2022\/10\/Anita-Althaus-18x12.png 18w, https:\/\/zesar.ch\/wp-content\/uploads\/2022\/10\/Anita-Althaus.png 1080w\" sizes=\"(max-width: 1024px) 100vw, 1024px\" data-has-transparency=\"false\" data-dominant-color=\"c2bbb5\" style=\"--dominant-color: #c2bbb5;\" \/>    <\/div>\n    <div class=\"data-wrapper\">\n        <strong>\n            Anita Althaus                    <\/strong>\n                    <span class=\"responsibility\">Conseill\u00e8re de vente - Suisse al\u00e9manique \u2013 Cantons de Berne et Fribourg<\/span>\n                            <footer class=\"contact\">\n                                    <a href=\"mailto:anita.althaus@zesar.ch\" class=\"email\">anita.althaus@zesar.ch<\/a>\n                                                    <a href=\"tel:079 797 59 65\" class=\"phone\">079 797 59 65<\/a>\n                            <\/footer>\n            <\/div>\n<\/article>    <\/div><\/div>\n\n\n\n<div class=\"is-layout-constrained wp-block-group hide-on-desktop is-style-box has-white-background-color has-background\">\n<h4 class=\"has-primary-color has-text-color\">Visio-conf\u00e9rence<\/h4>\n\n\n\n<p>Nous pouvons aussi nous rencontrer virtuellement.<\/p>\n\n\n\n<div class=\"is-layout-flex wp-block-buttons\">\n<div class=\"wp-block-button is-style-small\"><a class=\"wp-block-button__link wp-element-button\" href=\"\/fr\/\">Planifier un rendez-vous<\/a><\/div>\n<\/div>\n<\/div>\n<\/div>","protected":false},"excerpt":{"rendered":"<p>Die Zesar.ch Label Um unseren Kunden die Wahl des geeigneten M\u00f6belst\u00fccks zu erleichtern, haben wir drei Labels entwickelt.Jedes steht f\u00fcr ein bestimmtes Produktmerkmal, welches gegen\u00fcber den anderen M\u00f6belst\u00fccken einenVorteil f\u00fcr Sie darstellt. Sie finden die Labels jeweils auf den Produktseiten. Das Ergonomie-Label Diese M\u00f6bel sind ergonomisch besonders empfehlenswert undwurden von einem Ergonomie-Ingenieur mitentwickelt. Das Komfort-Label [&hellip;]<\/p>","protected":false},"author":16,"featured_media":0,"parent":441,"menu_order":0,"comment_status":"closed","ping_status":"closed","template":"","meta":[],"acf":[],"_links":{"self":[{"href":"https:\/\/zesar.ch\/fr\/wp-json\/wp\/v2\/pages\/2471"}],"collection":[{"href":"https:\/\/zesar.ch\/fr\/wp-json\/wp\/v2\/pages"}],"about":[{"href":"https:\/\/zesar.ch\/fr\/wp-json\/wp\/v2\/types\/page"}],"author":[{"embeddable":true,"href":"https:\/\/zesar.ch\/fr\/wp-json\/wp\/v2\/users\/16"}],"replies":[{"embeddable":true,"href":"https:\/\/zesar.ch\/fr\/wp-json\/wp\/v2\/comments?post=2471"}],"version-history":[{"count":11,"href":"https:\/\/zesar.ch\/fr\/wp-json\/wp\/v2\/pages\/2471\/revisions"}],"predecessor-version":[{"id":2951,"href":"https:\/\/zesar.ch\/fr\/wp-json\/wp\/v2\/pages\/2471\/revisions\/2951"}],"up":[{"embeddable":true,"href":"https:\/\/zesar.ch\/fr\/wp-json\/wp\/v2\/pages\/441"}],"wp:attachment":[{"href":"https:\/\/zesar.ch\/fr\/wp-json\/wp\/v2\/media?parent=2471"}],"curies":[{"name":"wp","href":"https:\/\/api.w.org\/{rel}","templated":true}]}}