{"id":2401,"date":"2022-10-14T08:39:30","date_gmt":"2022-10-14T06:39:30","guid":{"rendered":"https:\/\/zesar.dev.hayloft-it.ch\/?page_id=2401"},"modified":"2023-11-17T11:29:50","modified_gmt":"2023-11-17T10:29:50","slug":"nachhaltigkeit","status":"publish","type":"page","link":"https:\/\/zesar.ch\/fr\/points-forts\/durabilite\/","title":{"rendered":"Durabilit\u00e9"},"content":{"rendered":"<div class=\"wp-block-media-text alignwide has-media-on-the-right is-stacked-on-mobile is-vertically-aligned-top header-with-title-lead-and-image\"><div class=\"wp-block-media-text__content\">\n<h1>La durabilit\u00e9 chez Zesar.ch<\/h1>\n\n\n\n<p>L'action durable d\u00e9termine notre travail quotidien depuis de nombreuses ann\u00e9es. Que ce soit au niveau des mat\u00e9riaux utilis\u00e9s, de la fabrication, de l'exp\u00e9dition ou en ce qui concerne nos collaborateurs, la durabilit\u00e9 est toujours notre priorit\u00e9 absolue.<\/p>\n<\/div><figure class=\"wp-block-media-text__media\"><img data-dominant-color=\"5c5949\" data-has-transparency=\"true\" style=\"--dominant-color: #5c5949;\" decoding=\"async\" loading=\"lazy\" width=\"825\" height=\"536\" src=\"https:\/\/zesar.ch\/wp-content\/uploads\/2022\/10\/nachhaltigkeit-zesar-holz-material.png\" alt=\"\" class=\"has-transparency wp-image-2861 size-full\" srcset=\"https:\/\/zesar.ch\/wp-content\/uploads\/2022\/10\/nachhaltigkeit-zesar-holz-material.png 825w, https:\/\/zesar.ch\/wp-content\/uploads\/2022\/10\/nachhaltigkeit-zesar-holz-material-350x227.png 350w, https:\/\/zesar.ch\/wp-content\/uploads\/2022\/10\/nachhaltigkeit-zesar-holz-material-600x390.png 600w, https:\/\/zesar.ch\/wp-content\/uploads\/2022\/10\/nachhaltigkeit-zesar-holz-material-300x195.png 300w, https:\/\/zesar.ch\/wp-content\/uploads\/2022\/10\/nachhaltigkeit-zesar-holz-material-768x499.png 768w\" sizes=\"(max-width: 825px) 100vw, 825px\" \/><\/figure><\/div>\n\n\n\n<div class=\"is-layout-constrained wp-block-group alignfull has-grey-to-light-grey-gradient-background has-background\">\n<div class=\"is-layout-flex wp-container-5 wp-block-columns alignwide\">\n<div class=\"is-layout-flow wp-block-column\">\n<h2>L\u2019\u00e9conomie circulaire chez Zesar.ch<\/h2>\n\n\n\n<p class=\"has-medium-font-size\">Notre mod\u00e8le circulaire nous permet d'\u00e9viter ou de r\u00e9duire les d\u00e9chets. Nous essayons de recycler les mati\u00e8res premi\u00e8res utilis\u00e9es et de r\u00e9cup\u00e9rer l'\u00e9nergie consomm\u00e9e. L'objectif est de faire circuler le plus longtemps possible toutes les ressources utilis\u00e9es dans notre circuit.<\/p>\n\n\n\n<p>La coop\u00e9ration avec d'autres entreprises est \u00e9galement importante pour Zesar.ch : Gr\u00e2ce \u00e0 des partenariats cibl\u00e9s, nos d\u00e9chets deviennent des mati\u00e8res premi\u00e8res, dans un autre cycle.<\/p>\n\n\n\n<div class=\"is-layout-flow wp-block-group incrementing-number has-base-color has-text-color\">\n<h6 class=\"has-primary-color has-text-color\">100%<\/h6>\n\n\n\n<h4 class=\"has-base-color has-text-color\">R\u00e9trofit<\/h4>\n\n\n\n<p class=\"has-base-color has-text-color\">Gr\u00e2ce \u00e0 sa construction robuste, notre mobilier peut \u00eatre r\u00e9trofit\u00e9. Ainsi, il est possible de remplacer certaines pi\u00e8ces d'une chaise \u00e2g\u00e9e de 30 ans et de donner ainsi une seconde vie \u00e0 l'objet.<\/p>\n<\/div>\n\n\n\n<div class=\"is-layout-flow wp-block-group incrementing-number has-success-color has-text-color\">\n<h6 class=\"has-primary-color has-text-color\">100%<\/h6>\n\n\n\n<h4 class=\"has-base-color has-text-color\">Swiss Made<\/h4>\n\n\n\n<p class=\"has-base-color has-text-color\">Pour nous, il ne s'agit pas seulement d'un beau slogan, mais d'une r\u00e9alit\u00e9 et d'une promesse faite \u00e0 nos clients.<\/p>\n<\/div>\n<\/div>\n\n\n\n<div class=\"is-layout-flow wp-block-column\">\n<figure data-no-zoom=\"true\" class=\"wp-block-image aligncenter size-full\"><img decoding=\"async\" src=\"https:\/\/zesar.ch\/wp-content\/uploads\/2023\/02\/kreislaufwirtschaft-fr.svg\" alt=\"\" class=\"wp-image-6771\"\/><\/figure>\n<\/div>\n<\/div>\n<\/div>\n\n\n\n<div class=\"is-layout-flow wp-block-group\">\n<div class=\"is-layout-constrained wp-container-7 wp-block-group\">\n<h2>Voil\u00e0 comment nous vivons la durabilit\u00e9<\/h2>\n<\/div>\n\n\n\n<div class=\"is-nowrap is-layout-flex wp-container-17 wp-block-group tiles-with-icon\">\n<div class=\"is-layout-flow wp-block-group\"><i class=\"wp-block-icon icon icon-Innovation has-text-color has-primary-color has-huge-font-size\"><\/i>\n\n\n<h4>Innovation<\/h4>\n\n\n\n<p>Le partage est plus durable que la possession. C'est pourquoi nous proposons \u00e9galement notre mobilier scolaire en location par lots de classe. Nous nous assurons ainsi que nos produits ont une dur\u00e9e d'utilisation aussi longue que possible et nous les faisons circuler dans notre circuit.<\/p>\n<\/div>\n\n\n\n<div class=\"is-layout-flow wp-block-group\"><i class=\"wp-block-icon icon icon-Regionaler-Einkauf has-text-color has-primary-color has-huge-font-size\"><\/i>\n\n\n<h4>Achat r\u00e9gional<\/h4>\n\n\n\n<p>Dans la mesure du possible, nous utilisons pour notre production des mati\u00e8res premi\u00e8res provenant de Suisse. Ici aussi, il est important pour nous de r\u00e9duire les distances de transport.<\/p>\n<\/div>\n\n\n\n<div class=\"is-layout-flow wp-block-group\"><i class=\"wp-block-icon icon icon-Effiziente-Logistik has-text-color has-primary-color has-huge-font-size\"><\/i>\n\n\n<h4>Une logistique efficace<\/h4>\n\n\n\n<p>Nous livrons nos meubles avec nos propres v\u00e9hicules ainsi nous r\u00e9duisons au maximum les distances de transport. Nos produits ne sont pas emball\u00e9s, ils sont prot\u00e9g\u00e9s avec des couvertures en laine r\u00e9utilisables.<\/p>\n<\/div>\n\n\n\n<div class=\"is-layout-flow wp-block-group\"><i class=\"wp-block-icon icon icon-Flexible-Arbeitsmodelle has-text-color has-primary-color has-huge-font-size\"><\/i>\n\n\n<h4>Mod\u00e8les de travail flexibles<\/h4>\n\n\n\n<p>Dans la mesure du possible, nous permettons le travail \u00e0 temps partiel, le partage de poste et la planification individuelle des vacances. Nous soutenons ainsi la qualit\u00e9 de vie de chacun.<\/p>\n<\/div>\n\n\n\n<div class=\"is-layout-flow wp-block-group\"><i class=\"wp-block-icon icon icon-Nachhaltigkeit has-text-color has-primary-color has-huge-font-size\"><\/i>\n\n\n<h4>Production respectueuse de l'environnement<\/h4>\n\n\n\n<p>Pour la production, nous misons en premier lieu sur le bois et l'acier 100 % recyclable. Gr\u00e2ce \u00e0 une installation de recyclage, nous r\u00e9duisons au minimum la consommation d'eau et le traitement filtre tous les r\u00e9sidus des eaux us\u00e9es.<\/p>\n<\/div>\n\n\n\n<div class=\"is-layout-flow wp-block-group\"><i class=\"wp-block-icon icon icon-Geschaeftliches-Engagement has-text-color has-primary-color has-huge-font-size\"><\/i>\n\n\n<h4>Engagement social<\/h4>\n\n\n\n<p>Nous nous engageons en faveur de la diversit\u00e9 et de l'\u00e9galit\u00e9. En tant qu'entreprise technique, nous sommes heureux de pouvoir pr\u00e9senter une proportion de femmes de pr\u00e8s de 25%. En proposant des places de stage dans la production, nous soutenons l'int\u00e9gration de personnes issues du second march\u00e9 du travail.<\/p>\n<\/div>\n\n\n\n<div class=\"is-layout-flow wp-block-group\"><i class=\"wp-block-icon icon icon-Lebenslanges-Lernen has-text-color has-primary-color has-huge-font-size\"><\/i>\n\n\n<h4>Apprentissage tout au long de la vie<\/h4>\n\n\n\n<p>En tant <a href=\"https:\/\/zesar.ch\/fr\/unternehmen\/karriere\/lehrstellen\/\" data-type=\"page\" data-id=\"559\">qu'entreprise formatrice<\/a> nous transmettons notre savoir \u00e0 la g\u00e9n\u00e9ration suivante. Nos collaborateurs suivent r\u00e9guli\u00e8rement des formations continues car nous n'avons jamais fini d'apprendre.<\/p>\n<\/div>\n\n\n\n<div class=\"is-layout-flow wp-block-group\"><i class=\"wp-block-icon icon icon-Zertifizierungen has-text-color has-primary-color has-huge-font-size\"><\/i>\n\n\n<h4>Certification 9001 et 14001<\/h4>\n\n\n\n<p>Nos processus sont certifi\u00e9s. Nous garantissons ainsi \u00e0 nos clients une qualit\u00e9 \u00e9lev\u00e9e et constante ainsi qu'une utilisation des ressources respectueuse de l'environnement.<\/p>\n<\/div>\n\n\n\n<div class=\"is-layout-flow wp-block-group\">\n<figure class=\"wp-block-image size-full is-resized\"><img decoding=\"async\" loading=\"lazy\" src=\"https:\/\/zesar.ch\/wp-content\/uploads\/2023\/11\/circular-globe-3.svg\" alt=\"\" class=\"wp-image-7752\" width=\"126\" height=\"77\"\/><\/figure>\n\n\n\n<h4>Zesar.ch distingu\u00e9 par le label \"Circular Globe<\/h4>\n\n\n\n<p>Circular Globe, le label pour les entreprises capables de circuler, \u00e9valu\u00e9 par l'Association Suisse pour Syst\u00e8mes de Qualit\u00e9 et de Management (SQS).<\/p>\n<\/div>\n<\/div>\n<\/div>\n\n\n\n<div class=\"is-layout-constrained wp-block-group alignfull has-grey-to-light-grey-gradient-background has-background\">\n<div class=\"wp-block-media-text is-stacked-on-mobile\"><figure class=\"wp-block-media-text__media\" data-no-zoom=\"true\"><img data-dominant-color=\"7e756e\" data-has-transparency=\"true\" style=\"--dominant-color: #7e756e;\" decoding=\"async\" loading=\"lazy\" width=\"1024\" height=\"714\" src=\"https:\/\/zesar.ch\/wp-content\/uploads\/2022\/11\/kreislaufmodell-tisch-beispiel-1-1024x714.png\" alt=\"\" class=\"has-transparency wp-image-4979 size-full\" srcset=\"https:\/\/zesar.ch\/wp-content\/uploads\/2022\/11\/kreislaufmodell-tisch-beispiel-1-1024x714.png 1024w, https:\/\/zesar.ch\/wp-content\/uploads\/2022\/11\/kreislaufmodell-tisch-beispiel-1-350x244.png 350w, https:\/\/zesar.ch\/wp-content\/uploads\/2022\/11\/kreislaufmodell-tisch-beispiel-1-600x419.png 600w, https:\/\/zesar.ch\/wp-content\/uploads\/2022\/11\/kreislaufmodell-tisch-beispiel-1-300x209.png 300w, https:\/\/zesar.ch\/wp-content\/uploads\/2022\/11\/kreislaufmodell-tisch-beispiel-1-768x536.png 768w, https:\/\/zesar.ch\/wp-content\/uploads\/2022\/11\/kreislaufmodell-tisch-beispiel-1-18x12.png 18w, https:\/\/zesar.ch\/wp-content\/uploads\/2022\/11\/kreislaufmodell-tisch-beispiel-1.png 1141w\" sizes=\"(max-width: 1024px) 100vw, 1024px\" \/><\/figure><div class=\"wp-block-media-text__content\">\n<h2>Exemple de circuit : table<\/h2>\n\n\n\n<p class=\"has-medium-font-size\">Gr\u00e2ce \u00e0 des mat\u00e9riaux robustes, notre table recyclable a un tr\u00e8s long cycle de vie. Le plateau de table en bois dur non trait\u00e9, facile \u00e0 entretenir, est 100 % recyclable. Il en va de m\u00eame pour le pi\u00e8tement et les pieds en acier inoxydable robuste. Toutes les pi\u00e8ces peuvent \u00eatre remplac\u00e9es individuellement. Cela maximise encore la dur\u00e9e d'utilisation. Si les composants ne peuvent pas \u00eatre remis en \u00e9tat et r\u00e9utilis\u00e9s, ils retournent dans notre cycle de vie des mat\u00e9riaux.<\/p>\n\n\n\n<div class=\"is-layout-flex wp-block-buttons\"><\/div>\n<\/div><\/div>\n<\/div>\n\n\n\n<div class=\"is-layout-constrained wp-block-group\">\n<div class=\"wp-block-media-text alignwide is-stacked-on-mobile\"><figure class=\"wp-block-media-text__media\"><img data-dominant-color=\"c4c3bf\" data-has-transparency=\"false\" style=\"--dominant-color: #c4c3bf;\" decoding=\"async\" src=\"https:\/\/zesar.ch\/wp-content\/uploads\/2022\/10\/schulmobiliar-mieten.jpg\" alt=\"\" class=\"not-transparent wp-image-3022 size-full\"\/><\/figure><div class=\"wp-block-media-text__content\">\n<div class=\"is-layout-constrained wp-container-22 wp-block-group\">\n<h2 class=\"has-base-color has-text-color\">Le syst\u00e8me de location Zesar.ch<\/h2>\n\n\n\n<p class=\"has-medium-font-size\">Durable sont les produits qu\u2019on ne poss\u00e8de pas.\nAvec l'abonnement mensuel pour le mobilier scolaire, Zesar.ch suit cette id\u00e9e fondamentale de l'\u00e9conomie circulaire. En louant notre mobilier scolaire ergonomique, vous soutenez nos efforts en faveur de la gestion durable des ressources.<\/p>\n\n\n\n<div class=\"is-layout-flex wp-block-buttons\">\n<div class=\"wp-block-button\"><a class=\"wp-block-button__link wp-element-button\" href=\"https:\/\/zesar.ch\/fr\/loesungen\/schulmobiliar-mieten\/\">En savoir plus<\/a><\/div>\n<\/div>\n<\/div>\n<\/div><\/div>\n<\/div>\n\n\n\n<div class=\"is-layout-flow wp-block-group alignfull has-grey-to-light-grey-gradient-background has-background\">\n<div class=\"is-layout-constrained wp-block-group alignwide contact-persons\">\n<div class=\"is-layout-constrained wp-block-group\">\n<h2>Pouvons-nous \u00e9galement \u00e9quiper vos locaux ?<\/h2>\n\n\n\n<p class=\"has-medium-font-size\">Notre \u00e9quipe se tient \u00e0 votre disposition pour r\u00e9pondre \u00e0 vos questions.<\/p>\n<\/div>\n\n\n\n<div style=\"height:100px\" aria-hidden=\"true\" class=\"wp-block-spacer\"><\/div>\n\n\n\n<div class=\"is-layout-constrained wp-block-group alignwide\">\n<h3>Vos contacts<\/h3>\n\n\n<div id=\"block_028968d2890dfe0a8dcb4052171e7bb5\" class=\"wp-block-employees alignwide\">\n            <article class=\"post-717 employee type-employee status-publish hentry department-geschaeftsleitung department-verkauf employee_cat-ansprechpartner-bildung employee_cat-ansprechpartner-industrie\" data-categories=\"geschaeftsleitung verkauf\">\n    <div class=\"image-wrapper\">\n        <img width=\"1024\" height=\"741\" src=\"https:\/\/zesar.ch\/wp-content\/uploads\/2022\/10\/Philippe-lehmann-1-1024x741.png\" class=\"attachment-large size-large has-transparency\" alt=\"\" decoding=\"async\" loading=\"lazy\" srcset=\"https:\/\/zesar.ch\/wp-content\/uploads\/2022\/10\/Philippe-lehmann-1-1024x741.png 1024w, https:\/\/zesar.ch\/wp-content\/uploads\/2022\/10\/Philippe-lehmann-1-300x217.png 300w, https:\/\/zesar.ch\/wp-content\/uploads\/2022\/10\/Philippe-lehmann-1-768x556.png 768w, https:\/\/zesar.ch\/wp-content\/uploads\/2022\/10\/Philippe-lehmann-1-18x12.png 18w, https:\/\/zesar.ch\/wp-content\/uploads\/2022\/10\/Philippe-lehmann-1-350x253.png 350w, https:\/\/zesar.ch\/wp-content\/uploads\/2022\/10\/Philippe-lehmann-1-600x434.png 600w, https:\/\/zesar.ch\/wp-content\/uploads\/2022\/10\/Philippe-lehmann-1.png 1080w\" sizes=\"(max-width: 1024px) 100vw, 1024px\" data-has-transparency=\"true\" data-dominant-color=\"b9b0a9\" style=\"--dominant-color: #b9b0a9;\" \/>    <\/div>\n    <div class=\"data-wrapper\">\n        <strong>\n            Philippe Lehmann                            <span class=\"position\">Membre de la direction<span>\n                    <\/strong>\n                    <span class=\"responsibility\">Responsable des ventes - Suisse romande &amp; Haut-Valais<\/span>\n                            <footer class=\"contact\">\n                                    <a href=\"mailto:philippe.lehmann@zesar.ch\" class=\"email\">philippe.lehmann@zesar.ch<\/a>\n                                                    <a href=\"tel:079 100 23 23\" class=\"phone\">079 100 23 23<\/a>\n                            <\/footer>\n            <\/div>\n<\/article>            <article class=\"post-8767 employee type-employee status-publish hentry department-verkauf employee_cat-ansprechpartner-bildung\" data-categories=\"verkauf\">\n    <div class=\"image-wrapper\">\n        <img width=\"1024\" height=\"741\" src=\"https:\/\/zesar.ch\/wp-content\/uploads\/2024\/08\/xavier-pillonel.png\" class=\"attachment-large size-large not-transparent\" alt=\"\" decoding=\"async\" loading=\"lazy\" srcset=\"https:\/\/zesar.ch\/wp-content\/uploads\/2024\/08\/xavier-pillonel.png 1024w, https:\/\/zesar.ch\/wp-content\/uploads\/2024\/08\/xavier-pillonel-300x217.png 300w, https:\/\/zesar.ch\/wp-content\/uploads\/2024\/08\/xavier-pillonel-768x556.png 768w, https:\/\/zesar.ch\/wp-content\/uploads\/2024\/08\/xavier-pillonel-18x12.png 18w, https:\/\/zesar.ch\/wp-content\/uploads\/2024\/08\/xavier-pillonel-350x253.png 350w, https:\/\/zesar.ch\/wp-content\/uploads\/2024\/08\/xavier-pillonel-600x434.png 600w\" sizes=\"(max-width: 1024px) 100vw, 1024px\" data-has-transparency=\"false\" data-dominant-color=\"bcb7b4\" style=\"--dominant-color: #bcb7b4;\" \/>    <\/div>\n    <div class=\"data-wrapper\">\n        <strong>\n            Xavier Pillonel                    <\/strong>\n                    <span class=\"responsibility\">Conseiller de vente - mobilier scolaire - Cantons de Gen\u00e8ve et Vaud<\/span>\n                            <footer class=\"contact\">\n                                    <a href=\"mailto:xavier.pillonel@zesar.ch\" class=\"email\">xavier.pillonel@zesar.ch<\/a>\n                                                    <a href=\"tel:079 175 89 29\" class=\"phone\">079 175 89 29<\/a>\n                            <\/footer>\n            <\/div>\n<\/article>            <article class=\"post-721 employee type-employee status-publish hentry department-verkauf employee_cat-ansprechpartner-bildung\" data-categories=\"verkauf\">\n    <div class=\"image-wrapper\">\n        <img width=\"1024\" height=\"741\" src=\"https:\/\/zesar.ch\/wp-content\/uploads\/2022\/10\/Czemp-1024x741.png\" class=\"attachment-large size-large not-transparent\" alt=\"\" decoding=\"async\" loading=\"lazy\" srcset=\"https:\/\/zesar.ch\/wp-content\/uploads\/2022\/10\/Czemp-1024x741.png 1024w, https:\/\/zesar.ch\/wp-content\/uploads\/2022\/10\/Czemp-350x253.png 350w, https:\/\/zesar.ch\/wp-content\/uploads\/2022\/10\/Czemp-600x434.png 600w, https:\/\/zesar.ch\/wp-content\/uploads\/2022\/10\/Czemp-300x217.png 300w, https:\/\/zesar.ch\/wp-content\/uploads\/2022\/10\/Czemp-768x556.png 768w, https:\/\/zesar.ch\/wp-content\/uploads\/2022\/10\/Czemp-18x12.png 18w, https:\/\/zesar.ch\/wp-content\/uploads\/2022\/10\/Czemp.png 1080w\" sizes=\"(max-width: 1024px) 100vw, 1024px\" data-has-transparency=\"false\" data-dominant-color=\"cdc6c0\" style=\"--dominant-color: #cdc6c0;\" \/>    <\/div>\n    <div class=\"data-wrapper\">\n        <strong>\n            Christof Zemp                    <\/strong>\n                    <span class=\"responsibility\">Conseiller de vente \u2013 Suisse al\u00e9manique - Est, Nord-Est et Suisse centrale<\/span>\n                            <footer class=\"contact\">\n                                    <a href=\"mailto:christof.zemp@zesar.ch\" class=\"email\">christof.zemp@zesar.ch<\/a>\n                                                    <a href=\"tel:079 100 41 41\" class=\"phone\">079 100 41 41<\/a>\n                            <\/footer>\n            <\/div>\n<\/article>            <article class=\"post-715 employee type-employee status-publish hentry department-verkauf employee_cat-ansprechpartner-bildung\" data-categories=\"verkauf\">\n    <div class=\"image-wrapper\">\n        <img width=\"1024\" height=\"741\" src=\"https:\/\/zesar.ch\/wp-content\/uploads\/2022\/10\/Anita-Althaus-1024x741.png\" class=\"attachment-large size-large not-transparent\" alt=\"\" decoding=\"async\" loading=\"lazy\" srcset=\"https:\/\/zesar.ch\/wp-content\/uploads\/2022\/10\/Anita-Althaus-1024x741.png 1024w, https:\/\/zesar.ch\/wp-content\/uploads\/2022\/10\/Anita-Althaus-350x253.png 350w, https:\/\/zesar.ch\/wp-content\/uploads\/2022\/10\/Anita-Althaus-600x434.png 600w, https:\/\/zesar.ch\/wp-content\/uploads\/2022\/10\/Anita-Althaus-300x217.png 300w, https:\/\/zesar.ch\/wp-content\/uploads\/2022\/10\/Anita-Althaus-768x556.png 768w, https:\/\/zesar.ch\/wp-content\/uploads\/2022\/10\/Anita-Althaus-18x12.png 18w, https:\/\/zesar.ch\/wp-content\/uploads\/2022\/10\/Anita-Althaus.png 1080w\" sizes=\"(max-width: 1024px) 100vw, 1024px\" data-has-transparency=\"false\" data-dominant-color=\"c2bbb5\" style=\"--dominant-color: #c2bbb5;\" \/>    <\/div>\n    <div class=\"data-wrapper\">\n        <strong>\n            Anita Althaus                    <\/strong>\n                    <span class=\"responsibility\">Conseill\u00e8re de vente - Suisse al\u00e9manique \u2013 Cantons de Berne et Fribourg<\/span>\n                            <footer class=\"contact\">\n                                    <a href=\"mailto:anita.althaus@zesar.ch\" class=\"email\">anita.althaus@zesar.ch<\/a>\n                                                    <a href=\"tel:079 797 59 65\" class=\"phone\">079 797 59 65<\/a>\n                            <\/footer>\n            <\/div>\n<\/article>    <\/div><\/div>\n\n\n\n<div class=\"is-layout-constrained wp-block-group hide-on-desktop is-style-box has-white-background-color has-background\">\n<h4 class=\"has-primary-color has-text-color\">Visio-conf\u00e9rence<\/h4>\n\n\n\n<p>Nous pouvons aussi nous rencontrer virtuellement.<\/p>\n\n\n\n<div class=\"is-layout-flex wp-block-buttons\">\n<div class=\"wp-block-button is-style-small\"><a class=\"wp-block-button__link wp-element-button\" href=\"\/fr\/\">Planifier un rendez-vous<\/a><\/div>\n<\/div>\n<\/div>\n<\/div>\n<\/div>","protected":false},"excerpt":{"rendered":"<p>Nachhaltigkeit bei Zesar.ch Nachhaltiges Handeln bestimmt seit vielen Jahren unsere t\u00e4gliche Arbeit. Ob bei den verwendeten Materialien, der Herstellung, dem Versand oder in Bezug auf unsere Mitarbeitenden \u2013 Nachhaltigkeit ist immer unser oberstes Gebot. Das Zesar.ch-Kreislaufmodell Mit unserem Kreislaufmodell vermeiden oder reduzieren wir Abfall. Genutzte Rohstoffe versuchen wir qualitativ hochwertig wiederzuverwerten, verbrauchte Energie r\u00fcckzugewinnen. Ziel [&hellip;]<\/p>","protected":false},"author":16,"featured_media":0,"parent":441,"menu_order":0,"comment_status":"closed","ping_status":"closed","template":"","meta":[],"acf":[],"_links":{"self":[{"href":"https:\/\/zesar.ch\/fr\/wp-json\/wp\/v2\/pages\/2401"}],"collection":[{"href":"https:\/\/zesar.ch\/fr\/wp-json\/wp\/v2\/pages"}],"about":[{"href":"https:\/\/zesar.ch\/fr\/wp-json\/wp\/v2\/types\/page"}],"author":[{"embeddable":true,"href":"https:\/\/zesar.ch\/fr\/wp-json\/wp\/v2\/users\/16"}],"replies":[{"embeddable":true,"href":"https:\/\/zesar.ch\/fr\/wp-json\/wp\/v2\/comments?post=2401"}],"version-history":[{"count":71,"href":"https:\/\/zesar.ch\/fr\/wp-json\/wp\/v2\/pages\/2401\/revisions"}],"predecessor-version":[{"id":7754,"href":"https:\/\/zesar.ch\/fr\/wp-json\/wp\/v2\/pages\/2401\/revisions\/7754"}],"up":[{"embeddable":true,"href":"https:\/\/zesar.ch\/fr\/wp-json\/wp\/v2\/pages\/441"}],"wp:attachment":[{"href":"https:\/\/zesar.ch\/fr\/wp-json\/wp\/v2\/media?parent=2401"}],"curies":[{"name":"wp","href":"https:\/\/api.w.org\/{rel}","templated":true}]}}