{"id":1197,"date":"2022-10-11T16:23:40","date_gmt":"2022-10-11T14:23:40","guid":{"rendered":"https:\/\/zesar.dev.hayloft-it.ch\/?page_id=1197"},"modified":"2024-10-07T12:51:41","modified_gmt":"2024-10-07T10:51:41","slug":"loesungen","status":"publish","type":"page","link":"https:\/\/zesar.ch\/fr\/industrie\/solutions-industrie\/","title":{"rendered":"Solutions Industrie"},"content":{"rendered":"<div class=\"is-layout-constrained wp-block-group alignfull header-with-title-lead-and-shifted-up-content\">\n<div class=\"is-layout-constrained wp-container-1 wp-block-group title-wrapper has-spacing-bottom\">\n<h1>Des solutions globales et \u00e9prouv\u00e9es pour le lieu de travail moderne<\/h1>\n\n\n\n<p>Zesar.ch est un fabricant leader de mobilier ergonomique. Chez nous, la pr\u00e9vention et une position saine sont des priorit\u00e9s. Notre propre production nous permet une flexibilit\u00e9 sup\u00e9rieure \u00e0 la moyenne en ce qui concerne l'ex\u00e9cution, la forme, la couleur et les dimensions.<\/p>\n<\/div>\n\n\n\n<div class=\"is-layout-constrained wp-block-group alignfull has-grey-to-light-grey-gradient-background has-background\">\n<div class=\"is-layout-flow wp-block-group alignwide is-shifted-up\"><div class=\"wp-block-solutions\">\n            <a href=\"https:\/\/zesar.ch\/fr\/loesung\/airtime\/\" class=\"post-2258 solution type-solution status-publish has-post-thumbnail hentry solution_cat-industrie\">\n    <article>\n                    <div class=\"image-wrapper\">\n                <img width=\"1024\" height=\"714\" src=\"https:\/\/zesar.ch\/wp-content\/uploads\/2022\/10\/airtime-industrie-teaser-1-1024x714.webp\" class=\"attachment-large size-large not-transparent wp-post-image\" alt=\"\" decoding=\"async\" loading=\"lazy\" srcset=\"https:\/\/zesar.ch\/wp-content\/uploads\/2022\/10\/airtime-industrie-teaser-1-1024x714.webp 1024w, https:\/\/zesar.ch\/wp-content\/uploads\/2022\/10\/airtime-industrie-teaser-1-jpg-350x244.webp 350w, https:\/\/zesar.ch\/wp-content\/uploads\/2022\/10\/airtime-industrie-teaser-1-jpg-600x419.webp 600w, https:\/\/zesar.ch\/wp-content\/uploads\/2022\/10\/airtime-industrie-teaser-1-300x209.webp 300w, https:\/\/zesar.ch\/wp-content\/uploads\/2022\/10\/airtime-industrie-teaser-1-768x536.webp 768w, https:\/\/zesar.ch\/wp-content\/uploads\/2022\/10\/airtime-industrie-teaser-1-18x12.webp 18w, https:\/\/zesar.ch\/wp-content\/uploads\/2022\/10\/airtime-industrie-teaser-1-jpg-webp.webp 1141w\" sizes=\"(max-width: 1024px) 100vw, 1024px\" data-has-transparency=\"false\" data-dominant-color=\"616381\" style=\"--dominant-color: #616381;\" \/>            <\/div>\n                <h4>airtime<\/h4>\n                    <p class=\"excerpt\">D'une simple pression sur un bouton, airtime vous permet, \u00e0 vous ou \u00e0 vos collaborateurs, de produire des vid\u00e9os professionnelles dans n'importe quelle pi\u00e8ce, de diffuser des flux en direct ou de communiquer avec des clients ou des partenaires par vid\u00e9o. <\/p>\n            <div class=\"wp-block-buttons\">\n                <div class=\"wp-block-button\">\n                    <span class=\"wp-block-button__link\">En savoir plus<\/span>\n                <\/div>\n            <\/div>\n            <\/article>\n<\/a>            <a href=\"https:\/\/zesar.ch\/fr\/loesung\/exosquelette\/\" class=\"post-2309 solution type-solution status-publish has-post-thumbnail hentry solution_cat-industrie\">\n    <article>\n                    <div class=\"image-wrapper\">\n                <img width=\"1024\" height=\"714\" src=\"https:\/\/zesar.ch\/wp-content\/uploads\/2022\/10\/teaser-hilfsmittel-ergonomie-1024x714.jpg\" class=\"attachment-large size-large not-transparent wp-post-image\" alt=\"\" decoding=\"async\" loading=\"lazy\" srcset=\"https:\/\/zesar.ch\/wp-content\/uploads\/2022\/10\/teaser-hilfsmittel-ergonomie-1024x714.jpg 1024w, https:\/\/zesar.ch\/wp-content\/uploads\/2022\/10\/teaser-hilfsmittel-ergonomie-350x244.webp 350w, https:\/\/zesar.ch\/wp-content\/uploads\/2022\/10\/teaser-hilfsmittel-ergonomie-600x419.webp 600w, https:\/\/zesar.ch\/wp-content\/uploads\/2022\/10\/teaser-hilfsmittel-ergonomie-300x209.jpg 300w, https:\/\/zesar.ch\/wp-content\/uploads\/2022\/10\/teaser-hilfsmittel-ergonomie-768x536.jpg 768w, https:\/\/zesar.ch\/wp-content\/uploads\/2022\/10\/teaser-hilfsmittel-ergonomie-jpg.webp 1141w\" sizes=\"(max-width: 1024px) 100vw, 1024px\" data-has-transparency=\"false\" data-dominant-color=\"959aa2\" style=\"--dominant-color: #959aa2;\" \/>            <\/div>\n                <h4>Exosquelette<\/h4>\n                    <p class=\"excerpt\">Lors d'activit\u00e9s physiques exigeantes ou en s\u00e9rie, les exosquelettes l\u00e9gers peuvent contribuer de mani\u00e8re d\u00e9terminante \u00e0 l'optimisation du poste de travail. Ils soutiennent les collaborateurs dans l'ex\u00e9cution de leur travail et \u00e9vitent une fatigue pr\u00e9matur\u00e9e. <\/p>\n            <div class=\"wp-block-buttons\">\n                <div class=\"wp-block-button\">\n                    <span class=\"wp-block-button__link\">En savoir plus<\/span>\n                <\/div>\n            <\/div>\n            <\/article>\n<\/a>            <a href=\"https:\/\/zesar.ch\/fr\/loesung\/horlogerie-bijouterie-manufactures\/\" class=\"post-2335 solution type-solution status-publish has-post-thumbnail hentry solution_cat-industrie\">\n    <article>\n                    <div class=\"image-wrapper\">\n                <img width=\"1024\" height=\"714\" src=\"https:\/\/zesar.ch\/wp-content\/uploads\/2022\/10\/uhren-schmuck-manufaktur-teaser-1024x714.webp\" class=\"attachment-large size-large not-transparent wp-post-image\" alt=\"\" decoding=\"async\" loading=\"lazy\" srcset=\"https:\/\/zesar.ch\/wp-content\/uploads\/2022\/10\/uhren-schmuck-manufaktur-teaser-1024x714.webp 1024w, https:\/\/zesar.ch\/wp-content\/uploads\/2022\/10\/uhren-schmuck-manufaktur-teaser-300x209.webp 300w, https:\/\/zesar.ch\/wp-content\/uploads\/2022\/10\/uhren-schmuck-manufaktur-teaser-768x536.webp 768w, https:\/\/zesar.ch\/wp-content\/uploads\/2022\/10\/uhren-schmuck-manufaktur-teaser-18x12.webp 18w, https:\/\/zesar.ch\/wp-content\/uploads\/2022\/10\/uhren-schmuck-manufaktur-teaser-350x244.webp 350w, https:\/\/zesar.ch\/wp-content\/uploads\/2022\/10\/uhren-schmuck-manufaktur-teaser-600x419.webp 600w, https:\/\/zesar.ch\/wp-content\/uploads\/2022\/10\/uhren-schmuck-manufaktur-teaser.webp 1141w\" sizes=\"(max-width: 1024px) 100vw, 1024px\" data-has-transparency=\"false\" data-dominant-color=\"7f8196\" style=\"--dominant-color: #7f8196;\" \/>            <\/div>\n                <h4>Horlogerie, bijouterie, manufactures<\/h4>\n                    <p class=\"excerpt\">Les exigences relatives aux postes de travail dans les manufactures et dans l'industrie horlog\u00e8re et joailli\u00e8re sont complexes. Gr\u00e2ce \u00e0 notre grande exp\u00e9rience dans ce domaine, nous pouvons r\u00e9agir de mani\u00e8re flexible aux souhaits individuels de nos clients.<\/p>\n            <div class=\"wp-block-buttons\">\n                <div class=\"wp-block-button\">\n                    <span class=\"wp-block-button__link\">En savoir plus<\/span>\n                <\/div>\n            <\/div>\n            <\/article>\n<\/a>            <a href=\"https:\/\/zesar.ch\/fr\/loesung\/medtech\/\" class=\"post-2316 solution type-solution status-publish has-post-thumbnail hentry solution_cat-industrie\">\n    <article>\n                    <div class=\"image-wrapper\">\n                <img width=\"1024\" height=\"714\" src=\"https:\/\/zesar.ch\/wp-content\/uploads\/2022\/10\/teaser-mo\u0308belhersteller-medtech-1024x714.jpg\" class=\"attachment-large size-large not-transparent wp-post-image\" alt=\"\" decoding=\"async\" loading=\"lazy\" srcset=\"https:\/\/zesar.ch\/wp-content\/uploads\/2022\/10\/teaser-mo\u0308belhersteller-medtech-1024x714.jpg 1024w, https:\/\/zesar.ch\/wp-content\/uploads\/2022\/10\/teaser-mo\u0308belhersteller-medtech-350x244.webp 350w, https:\/\/zesar.ch\/wp-content\/uploads\/2022\/10\/teaser-mo\u0308belhersteller-medtech-600x419.webp 600w, https:\/\/zesar.ch\/wp-content\/uploads\/2022\/10\/teaser-mo\u0308belhersteller-medtech-300x209.jpg 300w, https:\/\/zesar.ch\/wp-content\/uploads\/2022\/10\/teaser-mo\u0308belhersteller-medtech-768x536.jpg 768w, https:\/\/zesar.ch\/wp-content\/uploads\/2022\/10\/teaser-mo\u0308belhersteller-medtech-jpg.webp 1141w\" sizes=\"(max-width: 1024px) 100vw, 1024px\" data-has-transparency=\"false\" data-dominant-color=\"939797\" style=\"--dominant-color: #939797;\" \/>            <\/div>\n                <h4>MedTech<\/h4>\n                    <p class=\"excerpt\">L'industrie MedTech est tributaire de surfaces exemptes de germes. Pour les postes de travail ergonomiques de ce secteur, nous utilisons donc des mat\u00e9riaux adapt\u00e9s, comme l'acier inoxydable, lors de la production. <\/p>\n            <div class=\"wp-block-buttons\">\n                <div class=\"wp-block-button\">\n                    <span class=\"wp-block-button__link\">En savoir plus<\/span>\n                <\/div>\n            <\/div>\n            <\/article>\n<\/a>            <a href=\"https:\/\/zesar.ch\/fr\/loesung\/equipement-atelier\/\" class=\"post-2379 solution type-solution status-publish has-post-thumbnail hentry solution_cat-industrie\">\n    <article>\n                    <div class=\"image-wrapper\">\n                <img width=\"1024\" height=\"714\" src=\"https:\/\/zesar.ch\/wp-content\/uploads\/2022\/10\/teaser-werkstatteinrichtungen-1024x714.webp\" class=\"attachment-large size-large not-transparent wp-post-image\" alt=\"\" decoding=\"async\" loading=\"lazy\" srcset=\"https:\/\/zesar.ch\/wp-content\/uploads\/2022\/10\/teaser-werkstatteinrichtungen-1024x714.webp 1024w, https:\/\/zesar.ch\/wp-content\/uploads\/2022\/10\/teaser-werkstatteinrichtungen-jpg-350x244.webp 350w, https:\/\/zesar.ch\/wp-content\/uploads\/2022\/10\/teaser-werkstatteinrichtungen-jpg-600x419.webp 600w, https:\/\/zesar.ch\/wp-content\/uploads\/2022\/10\/teaser-werkstatteinrichtungen-300x209.webp 300w, https:\/\/zesar.ch\/wp-content\/uploads\/2022\/10\/teaser-werkstatteinrichtungen-768x536.webp 768w, https:\/\/zesar.ch\/wp-content\/uploads\/2022\/10\/teaser-werkstatteinrichtungen-18x12.webp 18w, https:\/\/zesar.ch\/wp-content\/uploads\/2022\/10\/teaser-werkstatteinrichtungen-jpg-webp.webp 1141w\" sizes=\"(max-width: 1024px) 100vw, 1024px\" data-has-transparency=\"false\" data-dominant-color=\"cbcccc\" style=\"--dominant-color: #cbcccc;\" \/>            <\/div>\n                <h4>\u00c9quipement d'atelier<\/h4>\n                    <p class=\"excerpt\">Les personnes travaillant dans un atelier doivent souvent adopter des postures contraignantes. Notre mobilier d'atelier ergonomique s'adapte \u00e0 l'humain et facilite ainsi les \u00e9tapes de travail r\u00e9p\u00e9titives.<\/p>\n            <div class=\"wp-block-buttons\">\n                <div class=\"wp-block-button\">\n                    <span class=\"wp-block-button__link\">En savoir plus<\/span>\n                <\/div>\n            <\/div>\n            <\/article>\n<\/a>            <a href=\"https:\/\/zesar.ch\/fr\/loesung\/revetement-en-poudre-et-serigraphie\/\" class=\"post-2328 solution type-solution status-publish has-post-thumbnail hentry solution_cat-industrie\">\n    <article>\n                    <div class=\"image-wrapper\">\n                <img width=\"1024\" height=\"714\" src=\"https:\/\/zesar.ch\/wp-content\/uploads\/2022\/10\/teaser-pulverbeschichtung-siebdruck-mo\u0308bel-industrie-1024x714.jpg\" class=\"attachment-large size-large not-transparent wp-post-image\" alt=\"\" decoding=\"async\" loading=\"lazy\" srcset=\"https:\/\/zesar.ch\/wp-content\/uploads\/2022\/10\/teaser-pulverbeschichtung-siebdruck-mo\u0308bel-industrie-1024x714.jpg 1024w, https:\/\/zesar.ch\/wp-content\/uploads\/2022\/10\/teaser-pulverbeschichtung-siebdruck-mo\u0308bel-industrie-350x244.webp 350w, https:\/\/zesar.ch\/wp-content\/uploads\/2022\/10\/teaser-pulverbeschichtung-siebdruck-mo\u0308bel-industrie-600x419.webp 600w, https:\/\/zesar.ch\/wp-content\/uploads\/2022\/10\/teaser-pulverbeschichtung-siebdruck-mo\u0308bel-industrie-300x209.jpg 300w, https:\/\/zesar.ch\/wp-content\/uploads\/2022\/10\/teaser-pulverbeschichtung-siebdruck-mo\u0308bel-industrie-768x536.jpg 768w, https:\/\/zesar.ch\/wp-content\/uploads\/2022\/10\/teaser-pulverbeschichtung-siebdruck-mo\u0308bel-industrie-jpg.webp 1141w\" sizes=\"(max-width: 1024px) 100vw, 1024px\" data-has-transparency=\"false\" data-dominant-color=\"a1a4aa\" style=\"--dominant-color: #a1a4aa;\" \/>            <\/div>\n                <h4>Rev\u00eatement en poudre et s\u00e9rigraphie<\/h4>\n                    <p class=\"excerpt\">Gr\u00e2ce \u00e0 notre installation ultramoderne de rev\u00eatement par pulv\u00e9risation, nous pouvons non seulement r\u00e9pondre de mani\u00e8re tr\u00e8s flexible aux souhaits individuels de nos clients en mati\u00e8re de couleur, mais nous pr\u00e9servons \u00e9galement l'environnement.<\/p>\n            <div class=\"wp-block-buttons\">\n                <div class=\"wp-block-button\">\n                    <span class=\"wp-block-button__link\">En savoir plus<\/span>\n                <\/div>\n            <\/div>\n            <\/article>\n<\/a>            <a href=\"https:\/\/zesar.ch\/fr\/loesung\/new-work\/\" class=\"post-2306 solution type-solution status-publish has-post-thumbnail hentry solution_cat-industrie\">\n    <article>\n                    <div class=\"image-wrapper\">\n                <img width=\"1024\" height=\"714\" src=\"https:\/\/zesar.ch\/wp-content\/uploads\/2022\/10\/industrie-moebel-new-work-teaser-1-1024x714.webp\" class=\"attachment-large size-large not-transparent wp-post-image\" alt=\"\" decoding=\"async\" loading=\"lazy\" srcset=\"https:\/\/zesar.ch\/wp-content\/uploads\/2022\/10\/industrie-moebel-new-work-teaser-1-1024x714.webp 1024w, https:\/\/zesar.ch\/wp-content\/uploads\/2022\/10\/industrie-moebel-new-work-teaser-1-jpg-350x244.webp 350w, https:\/\/zesar.ch\/wp-content\/uploads\/2022\/10\/industrie-moebel-new-work-teaser-1-jpg-600x419.webp 600w, https:\/\/zesar.ch\/wp-content\/uploads\/2022\/10\/industrie-moebel-new-work-teaser-1-300x209.webp 300w, https:\/\/zesar.ch\/wp-content\/uploads\/2022\/10\/industrie-moebel-new-work-teaser-1-768x536.webp 768w, https:\/\/zesar.ch\/wp-content\/uploads\/2022\/10\/industrie-moebel-new-work-teaser-1-18x12.webp 18w, https:\/\/zesar.ch\/wp-content\/uploads\/2022\/10\/industrie-moebel-new-work-teaser-1-jpg-webp.webp 1141w\" sizes=\"(max-width: 1024px) 100vw, 1024px\" data-has-transparency=\"false\" data-dominant-color=\"a9a69d\" style=\"--dominant-color: #a9a69d;\" \/>            <\/div>\n                <h4>New Work<\/h4>\n                    <p class=\"excerpt\">Des espaces ouverts avec un am\u00e9nagement modulaire - les nouveaux univers de travail convainquent par leur fonctionnalit\u00e9 et leur am\u00e9nagement vari\u00e9. Diff\u00e9rentes zones sont disponibles pour un travail collaboratif ou individuel. <\/p>\n            <div class=\"wp-block-buttons\">\n                <div class=\"wp-block-button\">\n                    <span class=\"wp-block-button__link\">En savoir plus<\/span>\n                <\/div>\n            <\/div>\n            <\/article>\n<\/a>            <a href=\"https:\/\/zesar.ch\/fr\/loesung\/vestiaires-armoires-casiers-industrie\/\" class=\"post-2302 solution type-solution status-publish has-post-thumbnail hentry solution_cat-industrie\">\n    <article>\n                    <div class=\"image-wrapper\">\n                <img width=\"1024\" height=\"714\" src=\"https:\/\/zesar.ch\/wp-content\/uploads\/2022\/11\/teaser-mobiliar-umkleide-garderobe-industrie-1024x714.webp\" class=\"attachment-large size-large not-transparent wp-post-image\" alt=\"\" decoding=\"async\" loading=\"lazy\" srcset=\"https:\/\/zesar.ch\/wp-content\/uploads\/2022\/11\/teaser-mobiliar-umkleide-garderobe-industrie-1024x714.webp 1024w, https:\/\/zesar.ch\/wp-content\/uploads\/2022\/11\/teaser-mobiliar-umkleide-garderobe-industrie-jpg-350x244.webp 350w, https:\/\/zesar.ch\/wp-content\/uploads\/2022\/11\/teaser-mobiliar-umkleide-garderobe-industrie-jpg-600x419.webp 600w, https:\/\/zesar.ch\/wp-content\/uploads\/2022\/11\/teaser-mobiliar-umkleide-garderobe-industrie-300x209.webp 300w, https:\/\/zesar.ch\/wp-content\/uploads\/2022\/11\/teaser-mobiliar-umkleide-garderobe-industrie-768x536.webp 768w, https:\/\/zesar.ch\/wp-content\/uploads\/2022\/11\/teaser-mobiliar-umkleide-garderobe-industrie-18x12.webp 18w, https:\/\/zesar.ch\/wp-content\/uploads\/2022\/11\/teaser-mobiliar-umkleide-garderobe-industrie-jpg-webp.webp 1141w\" sizes=\"(max-width: 1024px) 100vw, 1024px\" data-has-transparency=\"false\" data-dominant-color=\"979485\" style=\"--dominant-color: #979485;\" \/>            <\/div>\n                <h4>Vestiaires, armoires et casiers pour l'industrie<\/h4>\n                    <p class=\"excerpt\">Les vestiaires et les vestiaires dans les entreprises industrielles sont particuli\u00e8rement sollicit\u00e9s. Lors de la fabrication des vestiaires, on mise sur une t\u00f4le d'acier robuste et on tient compte des exigences sp\u00e9cifiques de votre secteur.<\/p>\n            <div class=\"wp-block-buttons\">\n                <div class=\"wp-block-button\">\n                    <span class=\"wp-block-button__link\">En savoir plus<\/span>\n                <\/div>\n            <\/div>\n            <\/article>\n<\/a>            <a href=\"https:\/\/zesar.ch\/fr\/loesung\/acoustique-au-travail\/\" class=\"post-2286 solution type-solution status-publish has-post-thumbnail hentry solution_cat-industrie\">\n    <article>\n                    <div class=\"image-wrapper\">\n                <img width=\"1024\" height=\"714\" src=\"https:\/\/zesar.ch\/wp-content\/uploads\/2022\/10\/teaser-akustik-am-arbeitsplatz-1024x714.webp\" class=\"attachment-large size-large not-transparent wp-post-image\" alt=\"\" decoding=\"async\" loading=\"lazy\" srcset=\"https:\/\/zesar.ch\/wp-content\/uploads\/2022\/10\/teaser-akustik-am-arbeitsplatz-1024x714.webp 1024w, https:\/\/zesar.ch\/wp-content\/uploads\/2022\/10\/teaser-akustik-am-arbeitsplatz-jpg-350x244.webp 350w, https:\/\/zesar.ch\/wp-content\/uploads\/2022\/10\/teaser-akustik-am-arbeitsplatz-jpg-600x419.webp 600w, https:\/\/zesar.ch\/wp-content\/uploads\/2022\/10\/teaser-akustik-am-arbeitsplatz-300x209.webp 300w, https:\/\/zesar.ch\/wp-content\/uploads\/2022\/10\/teaser-akustik-am-arbeitsplatz-768x536.webp 768w, https:\/\/zesar.ch\/wp-content\/uploads\/2022\/10\/teaser-akustik-am-arbeitsplatz-18x12.webp 18w, https:\/\/zesar.ch\/wp-content\/uploads\/2022\/10\/teaser-akustik-am-arbeitsplatz-jpg-webp.webp 1141w\" sizes=\"(max-width: 1024px) 100vw, 1024px\" data-has-transparency=\"false\" data-dominant-color=\"8b8c87\" style=\"--dominant-color: #8b8c87;\" \/>            <\/div>\n                <h4>L\u2019Acoustique au travail<\/h4>\n                    <p class=\"excerpt\">L'am\u00e9nagement ergonomique des postes de travail, des outils de travail et des moyens auxiliaires est r\u00e9glement\u00e9 par la loi sur le travail. Les collaborateurs sont ainsi prot\u00e9g\u00e9s contre les dommages physiques, m\u00eame s'ils exercent leur activit\u00e9 \u00e0 long terme. La protection de l'ou\u00efe en fait \u00e9galement partie.<\/p>\n            <div class=\"wp-block-buttons\">\n                <div class=\"wp-block-button\">\n                    <span class=\"wp-block-button__link\">En savoir plus<\/span>\n                <\/div>\n            <\/div>\n            <\/article>\n<\/a>    <\/div><\/div>\n<\/div>\n<\/div>\n\n\n\n<div class=\"is-layout-flow wp-block-group alignfull\">\n<div class=\"is-layout-constrained wp-block-group alignwide contact-persons\">\n<div class=\"is-layout-constrained wp-block-group\">\n<h2>Pouvons-nous \u00e9galement \u00e9quiper vos locaux ?<\/h2>\n\n\n\n<p class=\"has-medium-font-size\">Notre \u00e9quipe se tient \u00e0 votre disposition pour r\u00e9pondre \u00e0 vos questions.<\/p>\n<\/div>\n\n\n\n<div style=\"height:100px\" aria-hidden=\"true\" class=\"wp-block-spacer\"><\/div>\n\n\n\n<div class=\"is-layout-constrained wp-block-group alignwide\">\n<h3>Vos contacts<\/h3>\n\n\n<div id=\"block_a97116fb5062b8aac799129be6e53a76\" class=\"wp-block-employees alignwide\">\n            <article class=\"post-717 employee type-employee status-publish hentry department-geschaeftsleitung department-verkauf employee_cat-ansprechpartner-bildung employee_cat-ansprechpartner-industrie\" data-categories=\"geschaeftsleitung verkauf\">\n    <div class=\"image-wrapper\">\n        <img width=\"1024\" height=\"741\" src=\"https:\/\/zesar.ch\/wp-content\/uploads\/2022\/10\/Philippe-lehmann-1-1024x741.png\" class=\"attachment-large size-large has-transparency\" alt=\"\" decoding=\"async\" loading=\"lazy\" srcset=\"https:\/\/zesar.ch\/wp-content\/uploads\/2022\/10\/Philippe-lehmann-1-1024x741.png 1024w, https:\/\/zesar.ch\/wp-content\/uploads\/2022\/10\/Philippe-lehmann-1-300x217.png 300w, https:\/\/zesar.ch\/wp-content\/uploads\/2022\/10\/Philippe-lehmann-1-768x556.png 768w, https:\/\/zesar.ch\/wp-content\/uploads\/2022\/10\/Philippe-lehmann-1-18x12.png 18w, https:\/\/zesar.ch\/wp-content\/uploads\/2022\/10\/Philippe-lehmann-1-350x253.png 350w, https:\/\/zesar.ch\/wp-content\/uploads\/2022\/10\/Philippe-lehmann-1-600x434.png 600w, https:\/\/zesar.ch\/wp-content\/uploads\/2022\/10\/Philippe-lehmann-1.png 1080w\" sizes=\"(max-width: 1024px) 100vw, 1024px\" data-has-transparency=\"true\" data-dominant-color=\"b9b0a9\" style=\"--dominant-color: #b9b0a9;\" \/>    <\/div>\n    <div class=\"data-wrapper\">\n        <strong>\n            Philippe Lehmann                            <span class=\"position\">Membre de la direction<span>\n                    <\/strong>\n                    <span class=\"responsibility\">Responsable des ventes - Suisse romande &amp; Haut-Valais<\/span>\n                            <footer class=\"contact\">\n                                    <a href=\"mailto:philippe.lehmann@zesar.ch\" class=\"email\">philippe.lehmann@zesar.ch<\/a>\n                                                    <a href=\"tel:079 100 23 23\" class=\"phone\">079 100 23 23<\/a>\n                            <\/footer>\n            <\/div>\n<\/article>            <article class=\"post-10917 employee type-employee status-publish hentry department-verkauf employee_cat-ansprechpartner-industrie\" data-categories=\"verkauf\">\n    <div class=\"image-wrapper\">\n        <img width=\"1024\" height=\"741\" src=\"https:\/\/zesar.ch\/wp-content\/uploads\/2025\/09\/v3_Hajda_Astrit_2025_Portrait_ZesarCH_Web-1024x741.png\" class=\"attachment-large size-large not-transparent\" alt=\"\" decoding=\"async\" loading=\"lazy\" srcset=\"https:\/\/zesar.ch\/wp-content\/uploads\/2025\/09\/v3_Hajda_Astrit_2025_Portrait_ZesarCH_Web-1024x741.png 1024w, https:\/\/zesar.ch\/wp-content\/uploads\/2025\/09\/v3_Hajda_Astrit_2025_Portrait_ZesarCH_Web-300x217.png 300w, https:\/\/zesar.ch\/wp-content\/uploads\/2025\/09\/v3_Hajda_Astrit_2025_Portrait_ZesarCH_Web-768x556.png 768w, https:\/\/zesar.ch\/wp-content\/uploads\/2025\/09\/v3_Hajda_Astrit_2025_Portrait_ZesarCH_Web-18x12.png 18w, https:\/\/zesar.ch\/wp-content\/uploads\/2025\/09\/v3_Hajda_Astrit_2025_Portrait_ZesarCH_Web-350x253.png 350w, https:\/\/zesar.ch\/wp-content\/uploads\/2025\/09\/v3_Hajda_Astrit_2025_Portrait_ZesarCH_Web-600x434.png 600w, https:\/\/zesar.ch\/wp-content\/uploads\/2025\/09\/v3_Hajda_Astrit_2025_Portrait_ZesarCH_Web.png 1080w\" sizes=\"(max-width: 1024px) 100vw, 1024px\" data-has-transparency=\"false\" data-dominant-color=\"cfc9c3\" style=\"--dominant-color: #cfc9c3;\" \/>    <\/div>\n    <div class=\"data-wrapper\">\n        <strong>\n            Astrit Hajda                    <\/strong>\n                    <span class=\"responsibility\">Conseiller de vente \u2013 Industrie \u2013 Romandie<\/span>\n                            <footer class=\"contact\">\n                                    <a href=\"mailto:astrit.hajda@zesar.ch\" class=\"email\">astrit.hajda@zesar.ch<\/a>\n                                                    <a href=\"tel:079 901 25 45\" class=\"phone\">079 901 25 45<\/a>\n                            <\/footer>\n            <\/div>\n<\/article>    <\/div><\/div>\n\n\n\n<div class=\"is-layout-constrained wp-block-group hide-on-desktop is-style-box has-white-background-color has-background\">\n<h4 class=\"has-primary-color has-text-color\">Visio-conf\u00e9rence<\/h4>\n\n\n\n<p>Nous pouvons aussi nous rencontrer virtuellement.<\/p>\n\n\n\n<div class=\"is-layout-flex wp-block-buttons\">\n<div class=\"wp-block-button is-style-small\"><a class=\"wp-block-button__link wp-element-button\" href=\"\/fr\/\">Planifier un rendez-vous<\/a><\/div>\n<\/div>\n<\/div>\n<\/div>\n<\/div>","protected":false},"excerpt":{"rendered":"<p>Ganzheitliche und bew\u00e4hrte L\u00f6sungen f\u00fcr den modernen Arbeitsplatz Zesar.ch ist ein f\u00fchrender Hersteller von ergonomischem Mobiliar. Bei uns wird Pr\u00e4vention und eine gesunde Haltung gross geschrieben. Die eigene Produktion erlaubt uns eine \u00fcberdurchschnittliche Flexibilit\u00e4t bez\u00fcglich Ausf\u00fchrung, Form, Farbe und Abmessung.<\/p>","protected":false},"author":1,"featured_media":0,"parent":437,"menu_order":0,"comment_status":"closed","ping_status":"closed","template":"","meta":[],"acf":[],"_links":{"self":[{"href":"https:\/\/zesar.ch\/fr\/wp-json\/wp\/v2\/pages\/1197"}],"collection":[{"href":"https:\/\/zesar.ch\/fr\/wp-json\/wp\/v2\/pages"}],"about":[{"href":"https:\/\/zesar.ch\/fr\/wp-json\/wp\/v2\/types\/page"}],"author":[{"embeddable":true,"href":"https:\/\/zesar.ch\/fr\/wp-json\/wp\/v2\/users\/1"}],"replies":[{"embeddable":true,"href":"https:\/\/zesar.ch\/fr\/wp-json\/wp\/v2\/comments?post=1197"}],"version-history":[{"count":8,"href":"https:\/\/zesar.ch\/fr\/wp-json\/wp\/v2\/pages\/1197\/revisions"}],"predecessor-version":[{"id":9715,"href":"https:\/\/zesar.ch\/fr\/wp-json\/wp\/v2\/pages\/1197\/revisions\/9715"}],"up":[{"embeddable":true,"href":"https:\/\/zesar.ch\/fr\/wp-json\/wp\/v2\/pages\/437"}],"wp:attachment":[{"href":"https:\/\/zesar.ch\/fr\/wp-json\/wp\/v2\/media?parent=1197"}],"curies":[{"name":"wp","href":"https:\/\/api.w.org\/{rel}","templated":true}]}}